{"id":1003,"date":"2022-12-20T11:49:54","date_gmt":"2022-12-20T09:49:54","guid":{"rendered":"https:\/\/edugraal.eu\/terms-of-use\/"},"modified":"2023-06-30T10:02:17","modified_gmt":"2023-06-30T08:02:17","slug":"terms-of-use","status":"publish","type":"page","link":"https:\/\/edugraal.eu\/es\/terms-of-use\/","title":{"rendered":"T\u00e9rminos de uso"},"content":{"rendered":"<p>[et_pb_section fb_built=&#8221;1&#8243; _builder_version=&#8221;4.19.4&#8243; _module_preset=&#8221;default&#8221; background_image=&#8221;https:\/\/edugraal.eu\/wp-content\/uploads\/2023\/03\/headerBG.png&#8221; background_position=&#8221;bottom_center&#8221; background_vertical_offset=&#8221;0%&#8221; height=&#8221;150px&#8221; custom_padding=&#8221;0px||0px||false|false&#8221; global_colors_info=&#8221;{}&#8221; theme_builder_area=&#8221;post_content&#8221;][\/et_pb_section][et_pb_section fb_built=&#8221;1&#8243; _builder_version=&#8221;4.19.4&#8243; _module_preset=&#8221;default&#8221; custom_padding=&#8221;10px||10px||false|false&#8221; locked=&#8221;off&#8221; global_colors_info=&#8221;{}&#8221; theme_builder_area=&#8221;post_content&#8221;][et_pb_row _builder_version=&#8221;4.19.4&#8243; _module_preset=&#8221;default&#8221; global_colors_info=&#8221;{}&#8221; theme_builder_area=&#8221;post_content&#8221;][et_pb_column type=&#8221;4_4&#8243; _builder_version=&#8221;4.19.4&#8243; _module_preset=&#8221;default&#8221; global_colors_info=&#8221;{}&#8221; theme_builder_area=&#8221;post_content&#8221;][et_pb_code _builder_version=&#8221;4.19.4&#8243; _module_preset=&#8221;default&#8221; text_orientation=&#8221;center&#8221; locked=&#8221;off&#8221; global_colors_info=&#8221;{}&#8221; theme_builder_area=&#8221;post_content&#8221;]<svg xmlns=\"http:\/\/www.w3.org\/2000\/svg\" xmlns:xlink=\"http:\/\/www.w3.org\/1999\/xlink\" width=\"200px\" height=\"\" viewbox=\"0 0 182.238 146.095\"><!-- [et_pb_line_break_holder] -->  <defs><!-- [et_pb_line_break_holder] -->    <lineargradient id=\"linear-gradient\" x1=\"0.5\" y1=\"1\" x2=\"0.5\" gradientunits=\"objectBoundingBox\"><!-- [et_pb_line_break_holder] -->      <stop offset=\"0.201\" stop-color=\"#fc9f0d\"><\/stop><!-- [et_pb_line_break_holder] -->      <stop offset=\"0.801\" stop-color=\"#c8005c\"><\/stop><!-- [et_pb_line_break_holder] -->    <\/lineargradient><!-- [et_pb_line_break_holder] -->  <\/defs><!-- [et_pb_line_break_holder] -->  <path id=\"Trac\u00e9_11\" data-name=\"Trac\u00e9 11\" d=\"M121.157,233.287v2.538h0a68.218,68.218,0,0,1-68.346-68.2V134.353H30.038L70.071,89.729,110.1,134.353H87.319v30.01q0,16.445,9.406,26.561a30.6,30.6,0,0,0,16.29,9.245c-.018,1.171-.064,2.287.023,3.392a8.472,8.472,0,0,0,5.466,7.557.874.874,0,0,1,.609,1.161,13.879,13.879,0,0,1-4.729,8.419,14.088,14.088,0,0,1-9.447,3.353,8.289,8.289,0,0,0-7.756,4.7,65.569,65.569,0,0,0,23.978,4.532Zm68.336-98.934h22.783L172.243,89.729l-40.032,44.624h22.782v30.01q0,16.445-9.228,26.561A29.834,29.834,0,0,1,130.7,199.96a35.455,35.455,0,0,1-.374,4.982,8.216,8.216,0,0,1-5.314,6.215.765.765,0,0,0-.578.963,13.405,13.405,0,0,0,13.094,11.924,8.264,8.264,0,0,1,7.62,4.7,65.57,65.57,0,0,1-24,4.539v2.538a68.218,68.218,0,0,0,68.346-68.2V134.353Z\" transform=\"translate(-30.038 -89.729)\" fill=\"url(#linear-gradient)\"><\/path><!-- [et_pb_line_break_holder] --><\/svg><!-- [et_pb_line_break_holder] -->[\/et_pb_code][et_pb_text _builder_version=&#8221;4.20.4&#8243; _module_preset=&#8221;20cc6843-f2a2-4bb1-884f-c0ad8ab929d9&#8243; header_text_align=&#8221;center&#8221; max_width=&#8221;800px&#8221; module_alignment=&#8221;center&#8221; hover_enabled=&#8221;0&#8243; global_colors_info=&#8221;{}&#8221; theme_builder_area=&#8221;post_content&#8221; sticky_enabled=&#8221;0&#8243;]<\/p>\n<h1 style=\"text-align: center;\"><span>T\u00e9rminos de uso<\/span><\/h1>\n<p style=\"text-align: center;\"><span style=\"font-size: medium;\">Recursos gratuitos para uso no comercial.<\/span><\/p>\n<p>Todos los recursos del sitio web Edugraal se publican bajo la Licencia Creative Commons: <a href=\"https:\/\/creativecommons.org\/licenses\/by-nc-sa\/4.0\/\" target=\"_blank\" rel=\"noopener\">Reconocimiento, No Comercial y Compartir igual 4.0.<\/a><\/p>\n<p><a rel=\"license\" href=\"http:\/\/creativecommons.org\/licenses\/by-nc-sa\/4.0\/\"><img decoding=\"async\" alt=\"Licence Creative Commons\" style=\"border-width: 0;\" src=\"https:\/\/i.creativecommons.org\/l\/by-nc-sa\/4.0\/88x31.png\"><\/a><\/p>\n<p>Por lo tanto, puede utilizar, <span>distribuir, remezclar y adaptar<\/span> todos los recursos (m\u00f3dulos de aprendizaje electr\u00f3nico, textos, im\u00e1genes, v\u00eddeos, etc.) creados por el equipo de Edugraal para sus propios cursos, formaciones, conferencias, tesis, etc., siempre que haga referencia a nuestros recursos como fuente principal.<\/p>\n<p>Se le proh\u00edbe utilizar los recursos para cualquier fin comercial (reventa o cuota de inscripci\u00f3n); y si publica los recursos tal cual o modificados, <span>deber\u00e1 conceder la licencia del material modificado en id\u00e9nticos t\u00e9rminos.<\/span><\/p>\n<p>[\/et_pb_text][\/et_pb_column][\/et_pb_row][\/et_pb_section]<\/p>\n","protected":false},"excerpt":{"rendered":"<p>T\u00e9rminos de uso Recursos gratuitos para uso no comercial. Todos los recursos del sitio web Edugraal se publican bajo la Licencia Creative Commons: Reconocimiento, No Comercial y Compartir igual 4.0. Por lo tanto, puede utilizar, distribuir, remezclar y adaptar todos los recursos (m\u00f3dulos de aprendizaje electr\u00f3nico, textos, im\u00e1genes, v\u00eddeos, etc.) creados por el equipo de [&hellip;]<\/p>\n","protected":false},"author":1,"featured_media":0,"parent":0,"menu_order":0,"comment_status":"closed","ping_status":"closed","template":"","meta":{"_acf_changed":false,"_et_pb_use_builder":"on","_et_pb_old_content":"","_et_gb_content_width":"","footnotes":""},"acf":[],"_links":{"self":[{"href":"https:\/\/edugraal.eu\/es\/wp-json\/wp\/v2\/pages\/1003"}],"collection":[{"href":"https:\/\/edugraal.eu\/es\/wp-json\/wp\/v2\/pages"}],"about":[{"href":"https:\/\/edugraal.eu\/es\/wp-json\/wp\/v2\/types\/page"}],"author":[{"embeddable":true,"href":"https:\/\/edugraal.eu\/es\/wp-json\/wp\/v2\/users\/1"}],"replies":[{"embeddable":true,"href":"https:\/\/edugraal.eu\/es\/wp-json\/wp\/v2\/comments?post=1003"}],"version-history":[{"count":7,"href":"https:\/\/edugraal.eu\/es\/wp-json\/wp\/v2\/pages\/1003\/revisions"}],"predecessor-version":[{"id":1805,"href":"https:\/\/edugraal.eu\/es\/wp-json\/wp\/v2\/pages\/1003\/revisions\/1805"}],"wp:attachment":[{"href":"https:\/\/edugraal.eu\/es\/wp-json\/wp\/v2\/media?parent=1003"}],"curies":[{"name":"wp","href":"https:\/\/api.w.org\/{rel}","templated":true}]}}