{"id":1247,"date":"2022-12-20T11:48:57","date_gmt":"2022-12-20T09:48:57","guid":{"rendered":"https:\/\/edugraal.eu\/modulo-e-learning\/"},"modified":"2023-05-30T14:41:42","modified_gmt":"2023-05-30T12:41:42","slug":"modulo-e-learning","status":"publish","type":"page","link":"https:\/\/edugraal.eu\/es\/modulo-e-learning\/","title":{"rendered":"M\u00f3dulo e-learning"},"content":{"rendered":"<p>[et_pb_section fb_built=&#8221;1&#8243; _builder_version=&#8221;4.19.4&#8243; _module_preset=&#8221;default&#8221; background_image=&#8221;https:\/\/edugraal.eu\/wp-content\/uploads\/2023\/02\/fond-training.png&#8221; background_position=&#8221;bottom_center&#8221; background_vertical_offset=&#8221;0%&#8221; custom_padding=&#8221;30px||0px||false|false&#8221; global_colors_info=&#8221;{}&#8221;][et_pb_row column_structure=&#8221;1_2,1_2&#8243; make_equal=&#8221;on&#8221; module_class=&#8221;inverse&#8221; _builder_version=&#8221;4.19.4&#8243; _module_preset=&#8221;default&#8221; custom_padding=&#8221;0px||0px||false|false&#8221; global_colors_info=&#8221;{}&#8221;][et_pb_column type=&#8221;1_2&#8243; _builder_version=&#8221;4.19.4&#8243; _module_preset=&#8221;default&#8221; custom_css_main_element=&#8221;align-self: center;&#8221; global_colors_info=&#8221;{}&#8221;][et_pb_image src=&#8221;https:\/\/edugraal.eu\/wp-content\/uploads\/2023\/02\/Image-10.png&#8221; title_text=&#8221;Image 10&#8243; _builder_version=&#8221;4.19.4&#8243; _module_preset=&#8221;default&#8221; transform_translate_linked=&#8221;off&#8221; width=&#8221;80%&#8221; width_tablet=&#8221;50%&#8221; width_phone=&#8221;72%&#8221; width_last_edited=&#8221;on|phone&#8221; module_alignment=&#8221;center&#8221; global_colors_info=&#8221;{}&#8221;][\/et_pb_image][\/et_pb_column][et_pb_column type=&#8221;1_2&#8243; _builder_version=&#8221;4.19.4&#8243; _module_preset=&#8221;default&#8221; custom_css_main_element=&#8221;align-self: center;&#8221; global_colors_info=&#8221;{}&#8221;][et_pb_text _builder_version=&#8221;4.19.4&#8243; _module_preset=&#8221;faab4366-2134-4aa8-98f2-5ac7a607b672&#8243; global_colors_info=&#8221;{}&#8221;]<\/p>\n<p style=\"text-align: center;\">M\u00f3dulo e-learning<br \/><span style=\"font-size: 2.5em;\">\u2304<\/span><\/p>\n<p>[\/et_pb_text][\/et_pb_column][\/et_pb_row][\/et_pb_section][et_pb_section fb_built=&#8221;1&#8243; _builder_version=&#8221;4.19.4&#8243; _module_preset=&#8221;default&#8221; global_colors_info=&#8221;{}&#8221;][et_pb_row column_structure=&#8221;1_2,1_2&#8243; _builder_version=&#8221;4.19.4&#8243; _module_preset=&#8221;default&#8221; global_colors_info=&#8221;{}&#8221;][et_pb_column type=&#8221;1_2&#8243; _builder_version=&#8221;4.19.4&#8243; _module_preset=&#8221;default&#8221; global_colors_info=&#8221;{}&#8221;][et_pb_text _builder_version=&#8221;4.19.4&#8243; _module_preset=&#8221;20cc6843-f2a2-4bb1-884f-c0ad8ab929d9&#8243; global_colors_info=&#8221;{}&#8221;]<\/p>\n<p>Este curso de aprendizaje online est\u00e1 dise\u00f1ado para ayudarle en el proceso de creaci\u00f3n de su propia aventura de deberes gamificada.<\/p>\n<p>A trav\u00e9s del m\u00f3dulo, descubrir\u00e1s c\u00f3mo aprovechar las aventuras de deberes para aumentar el aprendizaje de los alumnos.<\/p>\n<p>\u00a1Reciba su certificado al finalizar el curso!<\/p>\n<p>[\/et_pb_text][\/et_pb_column][et_pb_column type=&#8221;1_2&#8243; _builder_version=&#8221;4.19.4&#8243; _module_preset=&#8221;default&#8221; global_colors_info=&#8221;{}&#8221;][\/et_pb_column][\/et_pb_row][et_pb_row _builder_version=&#8221;4.19.4&#8243; _module_preset=&#8221;default&#8221; global_colors_info=&#8221;{}&#8221;][et_pb_column type=&#8221;4_4&#8243; _builder_version=&#8221;4.19.4&#8243; _module_preset=&#8221;default&#8221; global_colors_info=&#8221;{}&#8221;][et_pb_text _builder_version=&#8221;4.19.4&#8243; _module_preset=&#8221;20cc6843-f2a2-4bb1-884f-c0ad8ab929d9&#8243; header_text_color=&#8221;gcid-6ead53b9-cc40-4b70-b393-5da79ace9dcd&#8221; global_colors_info=&#8221;{%22gcid-6ead53b9-cc40-4b70-b393-5da79ace9dcd%22:%91%22header_text_color%22%93}&#8221;]<\/p>\n<h1>Introducci\u00f3n<\/h1>\n<p>[\/et_pb_text][et_pb_text _builder_version=&#8221;4.19.4&#8243; _module_preset=&#8221;default&#8221; global_colors_info=&#8221;{}&#8221;]<\/p>\n<div class=\"postbox h5p-sidebar\">\n<div class=\"h5p-action-bar-settings h5p-panel\"><code><div class=\"h5p-iframe-wrapper\"><iframe id=\"h5p-iframe-26\" class=\"h5p-iframe\" data-content-id=\"26\" style=\"height:1px\" src=\"about:blank\" frameBorder=\"0\" scrolling=\"no\" title=\"Introducci\u00f3n\"><\/iframe><\/div><\/code><\/div>\n<\/div>\n<div class=\"postbox h5p-sidebar\"><\/div>\n<p>[\/et_pb_text][\/et_pb_column][\/et_pb_row][et_pb_row _builder_version=&#8221;4.19.4&#8243; _module_preset=&#8221;default&#8221; global_colors_info=&#8221;{}&#8221;][et_pb_column type=&#8221;4_4&#8243; _builder_version=&#8221;4.19.4&#8243; _module_preset=&#8221;default&#8221; global_colors_info=&#8221;{}&#8221;][et_pb_text _builder_version=&#8221;4.19.4&#8243; _module_preset=&#8221;20cc6843-f2a2-4bb1-884f-c0ad8ab929d9&#8243; header_text_color=&#8221;gcid-6ead53b9-cc40-4b70-b393-5da79ace9dcd&#8221; global_colors_info=&#8221;{%22gcid-6ead53b9-cc40-4b70-b393-5da79ace9dcd%22:%91%22header_text_color%22%93}&#8221;]<\/p>\n<h1>M\u00f3dulo 1 &#8211; Antes de empezar<\/h1>\n<p>[\/et_pb_text][et_pb_text _builder_version=&#8221;4.19.4&#8243; _module_preset=&#8221;default&#8221; global_colors_info=&#8221;{}&#8221;]<\/p>\n<div class=\"postbox h5p-sidebar\">\n<div class=\"h5p-action-bar-settings h5p-panel\"><code><div class=\"h5p-iframe-wrapper\"><iframe id=\"h5p-iframe-27\" class=\"h5p-iframe\" data-content-id=\"27\" style=\"height:1px\" src=\"about:blank\" frameBorder=\"0\" scrolling=\"no\" title=\"UNIDAD 1 - \u00bfPor qu\u00e9 gamificar los deberes?\"><\/iframe><\/div><\/code><\/div>\n<\/div>\n<div class=\"postbox h5p-sidebar\"><\/div>\n<p>[\/et_pb_text][\/et_pb_column][\/et_pb_row][et_pb_row _builder_version=&#8221;4.19.4&#8243; _module_preset=&#8221;default&#8221; global_colors_info=&#8221;{}&#8221;][et_pb_column type=&#8221;4_4&#8243; _builder_version=&#8221;4.19.4&#8243; _module_preset=&#8221;default&#8221; global_colors_info=&#8221;{}&#8221;][et_pb_text _builder_version=&#8221;4.19.4&#8243; _module_preset=&#8221;20cc6843-f2a2-4bb1-884f-c0ad8ab929d9&#8243; header_text_color=&#8221;gcid-6ead53b9-cc40-4b70-b393-5da79ace9dcd&#8221; global_colors_info=&#8221;{%22gcid-6ead53b9-cc40-4b70-b393-5da79ace9dcd%22:%91%22header_text_color%22%93}&#8221;]<\/p>\n<h1>M\u00f3dulo 2 &#8211; Fase de dise\u00f1o<\/h1>\n<p>[\/et_pb_text][et_pb_text _builder_version=&#8221;4.19.4&#8243; _module_preset=&#8221;default&#8221; global_colors_info=&#8221;{}&#8221;]<\/p>\n<div class=\"postbox h5p-sidebar\">\n<div class=\"h5p-action-bar-settings h5p-panel\"><code><div class=\"h5p-iframe-wrapper\"><iframe id=\"h5p-iframe-28\" class=\"h5p-iframe\" data-content-id=\"28\" style=\"height:1px\" src=\"about:blank\" frameBorder=\"0\" scrolling=\"no\" title=\"UNIDAD 1 - Dise\u00f1o pedag\u00f3gico\"><\/iframe><\/div><\/code><\/div>\n<\/div>\n<div class=\"postbox h5p-sidebar\"><\/div>\n<p>[\/et_pb_text][et_pb_text _builder_version=&#8221;4.19.4&#8243; _module_preset=&#8221;default&#8221; global_colors_info=&#8221;{}&#8221;]<\/p>\n<div class=\"postbox h5p-sidebar\">\n<div class=\"h5p-action-bar-settings h5p-panel\"><code><div class=\"h5p-iframe-wrapper\"><iframe id=\"h5p-iframe-29\" class=\"h5p-iframe\" data-content-id=\"29\" style=\"height:1px\" src=\"about:blank\" frameBorder=\"0\" scrolling=\"no\" title=\"UNIDAD 2 - Redacci\u00f3n: principios generales\"><\/iframe><\/div><\/code><\/div>\n<\/div>\n<div class=\"postbox h5p-sidebar\"><\/div>\n<p>[\/et_pb_text][et_pb_text _builder_version=&#8221;4.19.4&#8243; _module_preset=&#8221;default&#8221; global_colors_info=&#8221;{}&#8221;]<\/p>\n<div class=\"postbox h5p-sidebar\">\n<div class=\"h5p-action-bar-settings h5p-panel\"><code><div class=\"h5p-iframe-wrapper\"><iframe id=\"h5p-iframe-30\" class=\"h5p-iframe\" data-content-id=\"30\" style=\"height:1px\" src=\"about:blank\" frameBorder=\"0\" scrolling=\"no\" title=\"UNIDAD 3 - Desarrollo de arquitectura gamificada\"><\/iframe><\/div><\/code><\/div>\n<\/div>\n<div class=\"postbox h5p-sidebar\"><\/div>\n<p>[\/et_pb_text][\/et_pb_column][\/et_pb_row][et_pb_row _builder_version=&#8221;4.19.4&#8243; _module_preset=&#8221;default&#8221; global_colors_info=&#8221;{}&#8221;][et_pb_column type=&#8221;4_4&#8243; _builder_version=&#8221;4.19.4&#8243; _module_preset=&#8221;default&#8221; global_colors_info=&#8221;{}&#8221;][et_pb_text _builder_version=&#8221;4.19.4&#8243; _module_preset=&#8221;20cc6843-f2a2-4bb1-884f-c0ad8ab929d9&#8243; header_text_color=&#8221;gcid-6ead53b9-cc40-4b70-b393-5da79ace9dcd&#8221; global_colors_info=&#8221;{%22gcid-6ead53b9-cc40-4b70-b393-5da79ace9dcd%22:%91%22header_text_color%22%93}&#8221;]<\/p>\n<h1>M\u00f3dulo 3 &#8211; Fase de implementaci\u00f3n<\/h1>\n<p>[\/et_pb_text][et_pb_text _builder_version=&#8221;4.19.4&#8243; _module_preset=&#8221;default&#8221; global_colors_info=&#8221;{}&#8221;]<\/p>\n<div class=\"postbox h5p-sidebar\">\n<div class=\"h5p-action-bar-settings h5p-panel\"><code><div class=\"h5p-iframe-wrapper\"><iframe id=\"h5p-iframe-31\" class=\"h5p-iframe\" data-content-id=\"31\" style=\"height:1px\" src=\"about:blank\" frameBorder=\"0\" scrolling=\"no\" title=\"UNIDAD 1 - Producci\u00f3n t\u00e9cnica\"><\/iframe><\/div><\/code><\/div>\n<\/div>\n<div class=\"postbox h5p-sidebar\"><\/div>\n<p>[\/et_pb_text][et_pb_text _builder_version=&#8221;4.19.4&#8243; _module_preset=&#8221;default&#8221; global_colors_info=&#8221;{}&#8221;]<\/p>\n<div class=\"postbox h5p-sidebar\">\n<div class=\"h5p-action-bar-settings h5p-panel\"><code><div class=\"h5p-iframe-wrapper\"><iframe id=\"h5p-iframe-32\" class=\"h5p-iframe\" data-content-id=\"32\" style=\"height:1px\" src=\"about:blank\" frameBorder=\"0\" scrolling=\"no\" title=\"UNIDAD 2 - Integraci\u00f3n en clase\"><\/iframe><\/div><\/code><\/div>\n<\/div>\n<div class=\"postbox h5p-sidebar\"><\/div>\n<p>[\/et_pb_text][\/et_pb_column][\/et_pb_row][et_pb_row _builder_version=&#8221;4.19.4&#8243; _module_preset=&#8221;default&#8221; global_colors_info=&#8221;{}&#8221;][et_pb_column type=&#8221;4_4&#8243; _builder_version=&#8221;4.19.4&#8243; _module_preset=&#8221;default&#8221; global_colors_info=&#8221;{}&#8221;][et_pb_text _builder_version=&#8221;4.19.4&#8243; _module_preset=&#8221;20cc6843-f2a2-4bb1-884f-c0ad8ab929d9&#8243; header_text_color=&#8221;gcid-6ead53b9-cc40-4b70-b393-5da79ace9dcd&#8221; global_colors_info=&#8221;{%22gcid-6ead53b9-cc40-4b70-b393-5da79ace9dcd%22:%91%22header_text_color%22%93}&#8221;]<\/p>\n<h1>Conclusi\u00f3n<\/h1>\n<p>[\/et_pb_text][et_pb_text _builder_version=&#8221;4.19.4&#8243; _module_preset=&#8221;default&#8221; hover_enabled=&#8221;0&#8243; global_colors_info=&#8221;{}&#8221; sticky_enabled=&#8221;0&#8243;]<\/p>\n<div class=\"postbox h5p-sidebar\">\n<div class=\"h5p-action-bar-settings h5p-panel\"><code><div class=\"h5p-iframe-wrapper\"><iframe id=\"h5p-iframe-33\" class=\"h5p-iframe\" data-content-id=\"33\" style=\"height:1px\" src=\"about:blank\" frameBorder=\"0\" scrolling=\"no\" title=\"Conclusi\u00f3n\"><\/iframe><\/div><\/code><\/div>\n<\/div>\n<div class=\"postbox h5p-sidebar\"><\/div>\n<p>[\/et_pb_text][\/et_pb_column][\/et_pb_row][\/et_pb_section]<\/p>\n","protected":false},"excerpt":{"rendered":"<p>M\u00f3dulo e-learning\u2304Este curso de aprendizaje online est\u00e1 dise\u00f1ado para ayudarle en el proceso de creaci\u00f3n de su propia aventura de deberes gamificada. A trav\u00e9s del m\u00f3dulo, descubrir\u00e1s c\u00f3mo aprovechar las aventuras de deberes para aumentar el aprendizaje de los alumnos. \u00a1Reciba su certificado al finalizar el curso!Introducci\u00f3n <div class=\"h5p-iframe-wrapper\"><iframe id=\"h5p-iframe-26\" class=\"h5p-iframe\" data-content-id=\"26\" style=\"height:1px\" src=\"about:blank\" frameBorder=\"0\" scrolling=\"no\" title=\"Introducci\u00f3n\"><\/iframe><\/div> M\u00f3dulo 1 &#8211; Antes de empezar [&hellip;]<\/p>\n","protected":false},"author":1,"featured_media":0,"parent":0,"menu_order":0,"comment_status":"closed","ping_status":"closed","template":"","meta":{"_acf_changed":false,"_et_pb_use_builder":"on","_et_pb_old_content":"","_et_gb_content_width":"","footnotes":""},"acf":[],"_links":{"self":[{"href":"https:\/\/edugraal.eu\/es\/wp-json\/wp\/v2\/pages\/1247"}],"collection":[{"href":"https:\/\/edugraal.eu\/es\/wp-json\/wp\/v2\/pages"}],"about":[{"href":"https:\/\/edugraal.eu\/es\/wp-json\/wp\/v2\/types\/page"}],"author":[{"embeddable":true,"href":"https:\/\/edugraal.eu\/es\/wp-json\/wp\/v2\/users\/1"}],"replies":[{"embeddable":true,"href":"https:\/\/edugraal.eu\/es\/wp-json\/wp\/v2\/comments?post=1247"}],"version-history":[{"count":20,"href":"https:\/\/edugraal.eu\/es\/wp-json\/wp\/v2\/pages\/1247\/revisions"}],"predecessor-version":[{"id":1346,"href":"https:\/\/edugraal.eu\/es\/wp-json\/wp\/v2\/pages\/1247\/revisions\/1346"}],"wp:attachment":[{"href":"https:\/\/edugraal.eu\/es\/wp-json\/wp\/v2\/media?parent=1247"}],"curies":[{"name":"wp","href":"https:\/\/api.w.org\/{rel}","templated":true}]}}