{"id":549,"date":"2022-12-20T11:44:36","date_gmt":"2022-12-20T09:44:36","guid":{"rendered":"https:\/\/edugraal.eu\/el-proyecto\/"},"modified":"2024-05-30T11:10:07","modified_gmt":"2024-05-30T09:10:07","slug":"el-proyecto","status":"publish","type":"page","link":"https:\/\/edugraal.eu\/es\/el-proyecto\/","title":{"rendered":"Sobre el proyecto"},"content":{"rendered":"<p>[et_pb_section fb_built=&#8221;1&#8243; _builder_version=&#8221;4.19.4&#8243; _module_preset=&#8221;default&#8221; background_image=&#8221;https:\/\/edugraal.eu\/wp-content\/uploads\/2023\/03\/headerBG.png&#8221; background_position=&#8221;bottom_center&#8221; background_vertical_offset=&#8221;0%&#8221; height=&#8221;150px&#8221; custom_padding=&#8221;0px||0px||false|false&#8221; global_colors_info=&#8221;{}&#8221;][\/et_pb_section][et_pb_section fb_built=&#8221;1&#8243; _builder_version=&#8221;4.19.4&#8243; _module_preset=&#8221;default&#8221; custom_padding=&#8221;10px||10px||false|false&#8221; locked=&#8221;off&#8221; global_colors_info=&#8221;{}&#8221;][et_pb_row _builder_version=&#8221;4.19.4&#8243; _module_preset=&#8221;default&#8221; global_colors_info=&#8221;{}&#8221;][et_pb_column type=&#8221;4_4&#8243; _builder_version=&#8221;4.19.4&#8243; _module_preset=&#8221;default&#8221; global_colors_info=&#8221;{}&#8221;][et_pb_code _builder_version=&#8221;4.19.4&#8243; _module_preset=&#8221;default&#8221; text_orientation=&#8221;center&#8221; locked=&#8221;off&#8221; global_colors_info=&#8221;{}&#8221;]<svg xmlns=\"http:\/\/www.w3.org\/2000\/svg\" xmlns:xlink=\"http:\/\/www.w3.org\/1999\/xlink\" width=\"200px\" height=\"\" viewbox=\"0 0 182.238 146.095\"><!-- [et_pb_line_break_holder] -->  <defs><!-- [et_pb_line_break_holder] -->    <lineargradient id=\"linear-gradient\" x1=\"0.5\" y1=\"1\" x2=\"0.5\" gradientunits=\"objectBoundingBox\"><!-- [et_pb_line_break_holder] -->      <stop offset=\"0.201\" stop-color=\"#fc9f0d\"><\/stop><!-- [et_pb_line_break_holder] -->      <stop offset=\"0.801\" stop-color=\"#c8005c\"><\/stop><!-- [et_pb_line_break_holder] -->    <\/lineargradient><!-- [et_pb_line_break_holder] -->  <\/defs><!-- [et_pb_line_break_holder] -->  <path id=\"Trac\u00e9_11\" data-name=\"Trac\u00e9 11\" d=\"M121.157,233.287v2.538h0a68.218,68.218,0,0,1-68.346-68.2V134.353H30.038L70.071,89.729,110.1,134.353H87.319v30.01q0,16.445,9.406,26.561a30.6,30.6,0,0,0,16.29,9.245c-.018,1.171-.064,2.287.023,3.392a8.472,8.472,0,0,0,5.466,7.557.874.874,0,0,1,.609,1.161,13.879,13.879,0,0,1-4.729,8.419,14.088,14.088,0,0,1-9.447,3.353,8.289,8.289,0,0,0-7.756,4.7,65.569,65.569,0,0,0,23.978,4.532Zm68.336-98.934h22.783L172.243,89.729l-40.032,44.624h22.782v30.01q0,16.445-9.228,26.561A29.834,29.834,0,0,1,130.7,199.96a35.455,35.455,0,0,1-.374,4.982,8.216,8.216,0,0,1-5.314,6.215.765.765,0,0,0-.578.963,13.405,13.405,0,0,0,13.094,11.924,8.264,8.264,0,0,1,7.62,4.7,65.57,65.57,0,0,1-24,4.539v2.538a68.218,68.218,0,0,0,68.346-68.2V134.353Z\" transform=\"translate(-30.038 -89.729)\" fill=\"url(#linear-gradient)\"><\/path><!-- [et_pb_line_break_holder] --><\/svg><!-- [et_pb_line_break_holder] -->[\/et_pb_code][et_pb_text _builder_version=&#8221;4.19.4&#8243; _module_preset=&#8221;20cc6843-f2a2-4bb1-884f-c0ad8ab929d9&#8243; header_text_align=&#8221;center&#8221; max_width=&#8221;800px&#8221; module_alignment=&#8221;center&#8221; global_colors_info=&#8221;{}&#8221;]<\/p>\n<h1 style=\"text-align: center;\"><span>El proyecto<\/span><\/h1>\n<p style=\"text-align: center;\"><span style=\"font-size: medium;\">Los deberes escolares son una piedra angular de los distintos sistemas escolares europeos.<\/span><br \/><span style=\"font-size: medium;\">Aunque a menudo se destacan sus efectos positivos, tambi\u00e9n se se\u00f1alan sus posibles inconvenientes, llamando la atenci\u00f3n sobre la &#8220;fatiga f\u00edsica y emocional que alimenta actitudes negativas hacia el aprendizaje y limita el tiempo de ocio&#8221;.<\/span><\/p>\n<p>&nbsp;<\/p>\n<p>Teniendo esto en cuenta, el proyecto EduGraal pretende adoptar un planteamiento innovador en relaci\u00f3n con los deberes escolares para alcanzar los siguientes resultados:<\/p>\n<ol>\n<li>Aumentar los resultados y el compromiso de los estudiantes en la escuela, mejorando la eficacia y el compromiso de los deberes mediante t\u00e9cnicas de gamificaci\u00f3n y narraci\u00f3n aplicadas a los deberes.<\/li>\n<li>Fomentar el desarrollo de las competencias b\u00e1sicas promoviendo una colaboraci\u00f3n transversal dentro de las mismas aventuras a la vez que se revisan los temas STEAM del plan de estudios.<\/li>\n<li>Garantizar la inclusi\u00f3n a trav\u00e9s del m\u00e9todo y las herramientas desarrolladas hacia un formato menos estresante que se basar\u00e1 en una variedad de habilidades y aplicaciones para alcanzar los siguientes pasos de la aventura de los deberes.<\/li>\n<li>Producciones intelectuales:<\/li>\n<\/ol>\n<p>[\/et_pb_text][\/et_pb_column][\/et_pb_row][et_pb_row column_structure=&#8221;1_2,1_2&#8243; _builder_version=&#8221;4.19.4&#8243; _module_preset=&#8221;default&#8221; global_colors_info=&#8221;{}&#8221;][et_pb_column type=&#8221;1_2&#8243; _builder_version=&#8221;4.19.4&#8243; _module_preset=&#8221;default&#8221; global_colors_info=&#8221;{}&#8221;][et_pb_blurb title=&#8221;19 aventuras de deberes&#8221; image=&#8221;https:\/\/edugraal.eu\/wp-content\/uploads\/2023\/02\/Image-9.png&#8221; image_icon_width=&#8221;90%&#8221; _builder_version=&#8221;4.19.4&#8243; _dynamic_attributes=&#8221;link_option_url&#8221; _module_preset=&#8221;default&#8221; header_level=&#8221;h2&#8243; header_font=&#8221;Poppins||||||||&#8221; header_text_color=&#8221;gcid-9d23098f-b75f-42c6-9ab2-afa0c8c13c53&#8243; header_font_size=&#8221;1.6em&#8221; header_line_height=&#8221;1.4em&#8221; body_font=&#8221;Poppins||||||||&#8221; body_font_size=&#8221;1.2em&#8221; text_orientation=&#8221;center&#8221; link_option_url=&#8221;@ET-DC@eyJkeW5hbWljIjp0cnVlLCJjb250ZW50IjoicG9zdF9saW5rX3VybF9wYWdlIiwic2V0dGluZ3MiOnsicG9zdF9pZCI6IjQ4In19@&#8221; global_colors_info=&#8221;{%22gcid-9d23098f-b75f-42c6-9ab2-afa0c8c13c53%22:%91%22header_text_color%22%93}&#8221;]<\/p>\n<p style=\"text-align: left;\">19 aventuras de deberes listos para usar, disponibles en formato impreso y digital, que abordan los distintos temas STEAM y se dirigen a varios grupos de edad (de 10 a 15 a\u00f1os).<\/p>\n<p>[\/et_pb_blurb][et_pb_blurb title=&#8221;Una caja de herramientas pedag\u00f3gicas&#8221; image=&#8221;https:\/\/edugraal.eu\/wp-content\/uploads\/2023\/03\/toolbox-icon.png&#8221; image_icon_width=&#8221;75%&#8221; _builder_version=&#8221;4.20.4&#8243; _dynamic_attributes=&#8221;link_option_url&#8221; _module_preset=&#8221;default&#8221; header_level=&#8221;h2&#8243; header_font=&#8221;Poppins||||||||&#8221; header_text_color=&#8221;gcid-9d23098f-b75f-42c6-9ab2-afa0c8c13c53&#8243; header_font_size=&#8221;1.6em&#8221; header_line_height=&#8221;1.4em&#8221; body_font=&#8221;Poppins||||||||&#8221; body_font_size=&#8221;1.2em&#8221; text_orientation=&#8221;center&#8221; link_option_url=&#8221;@ET-DC@eyJkeW5hbWljIjp0cnVlLCJjb250ZW50IjoicG9zdF9saW5rX3VybF9wYWdlIiwic2V0dGluZ3MiOnsicG9zdF9pZCI6IjUyIn19@&#8221; global_colors_info=&#8221;{%22gcid-9d23098f-b75f-42c6-9ab2-afa0c8c13c53%22:%91%22header_text_color%22%93}&#8221;]<\/p>\n<p style=\"text-align: left;\">M\u00e1s de 100 recursos reunidos en una caja de herramientas pedag\u00f3gicas que le proporcionar\u00e1n herramientas \u00fatiles como consejos, tutoriales y directrices sobre narraci\u00f3n, gamificaci\u00f3n y escritura.<\/p>\n<p>[\/et_pb_blurb][\/et_pb_column][et_pb_column type=&#8221;1_2&#8243; _builder_version=&#8221;4.19.4&#8243; _module_preset=&#8221;default&#8221; global_colors_info=&#8221;{}&#8221;][et_pb_blurb title=&#8221;Un m\u00f3dulo de e-learning&#8221; image=&#8221;https:\/\/edugraal.eu\/wp-content\/uploads\/2023\/02\/Image-10.png&#8221; image_icon_width=&#8221;70%&#8221; _builder_version=&#8221;4.19.4&#8243; _dynamic_attributes=&#8221;link_option_url&#8221; _module_preset=&#8221;default&#8221; header_level=&#8221;h2&#8243; header_font=&#8221;Poppins||||||||&#8221; header_text_color=&#8221;gcid-9d23098f-b75f-42c6-9ab2-afa0c8c13c53&#8243; header_font_size=&#8221;1.6em&#8221; header_line_height=&#8221;1.4em&#8221; body_font=&#8221;Poppins||||||||&#8221; body_font_size=&#8221;1.2em&#8221; text_orientation=&#8221;center&#8221; link_option_url=&#8221;@ET-DC@eyJkeW5hbWljIjp0cnVlLCJjb250ZW50IjoicG9zdF9saW5rX3VybF9wYWdlIiwic2V0dGluZ3MiOnsicG9zdF9pZCI6IjUwIn19@&#8221; global_colors_info=&#8221;{%22gcid-9d23098f-b75f-42c6-9ab2-afa0c8c13c53%22:%91%22header_text_color%22%93}&#8221;]<\/p>\n<p style=\"text-align: left;\">Un m\u00f3dulo de e-learning para familiarizarse con los conceptos de gamificaci\u00f3n y aprendizaje gamificado. Este curso tambi\u00e9n te capacita para crear tus propias aventuras de tareas garantizando la inclusi\u00f3n y materiales atractivos con el fin de aumentar el aprendizaje de tus alumnos.<\/p>\n<p>[\/et_pb_blurb][et_pb_blurb title=&#8221;Un gu\u00eda de implementaci\u00f3n&#8221; image=&#8221;https:\/\/edugraal.eu\/wp-content\/uploads\/2023\/02\/Image-11.png&#8221; image_icon_width=&#8221;53%&#8221; _builder_version=&#8221;4.20.4&#8243; _dynamic_attributes=&#8221;link_option_url&#8221; _module_preset=&#8221;default&#8221; header_level=&#8221;h2&#8243; header_font=&#8221;Poppins||||||||&#8221; header_text_color=&#8221;gcid-9d23098f-b75f-42c6-9ab2-afa0c8c13c53&#8243; header_font_size=&#8221;1.6em&#8221; header_line_height=&#8221;1.4em&#8221; body_font=&#8221;Poppins||||||||&#8221; body_font_size=&#8221;1.2em&#8221; text_orientation=&#8221;center&#8221; link_option_url=&#8221;@ET-DC@eyJkeW5hbWljIjp0cnVlLCJjb250ZW50IjoicG9zdF9saW5rX3VybF9wYWdlIiwic2V0dGluZ3MiOnsicG9zdF9pZCI6IjU0In19@&#8221; global_colors_info=&#8221;{%22gcid-9d23098f-b75f-42c6-9ab2-afa0c8c13c53%22:%91%22header_text_color%22%93}&#8221;]<\/p>\n<p style=\"text-align: left;\">Un gu\u00eda de implementaci\u00f3n con buenas pr\u00e1cticas y experiencias para responder a las posibles preguntas sobre las reglas, la frecuencia, el sistema de entrega y el sistema de entrega de los deberes gamificados.<\/p>\n<p>[\/et_pb_blurb][\/et_pb_column][\/et_pb_row][et_pb_row _builder_version=&#8221;4.19.4&#8243; _module_preset=&#8221;default&#8221; global_colors_info=&#8221;{}&#8221;][et_pb_column type=&#8221;4_4&#8243; _builder_version=&#8221;4.19.4&#8243; _module_preset=&#8221;default&#8221; global_colors_info=&#8221;{}&#8221;][et_pb_text _builder_version=&#8221;4.19.4&#8243; _module_preset=&#8221;20cc6843-f2a2-4bb1-884f-c0ad8ab929d9&#8243; header_text_align=&#8221;center&#8221; max_width=&#8221;800px&#8221; module_alignment=&#8221;center&#8221; global_colors_info=&#8221;{}&#8221;]<\/p>\n<p style=\"text-align: center;\"><span style=\"font-size: medium;\">Proporcionar a los profesores herramientas adaptadas como soluci\u00f3n alternativa e innovadora a la cuesti\u00f3n de los deberes es el n\u00facleo de este proyecto. Hacer hincapi\u00e9 en la importancia del aprendizaje positivo es tambi\u00e9n uno de los principales objetivos de EduGraal, como forma de mantener la motivaci\u00f3n y el compromiso de los alumnos para aumentar los beneficios de los deberes.<\/span><\/p>\n<p>&nbsp;<\/p>\n<p style=\"text-align: center;\">Duraci\u00f3n del proyecto: 01\/12\/2021 \u2013 31\/05\/2024<br \/>N\u00famero de proyecto: 2021-1-FR01-KA220-SCH-000029741<\/p>\n<p>[\/et_pb_text][\/et_pb_column][\/et_pb_row][\/et_pb_section]<\/p>\n","protected":false},"excerpt":{"rendered":"<p>El proyecto Los deberes escolares son una piedra angular de los distintos sistemas escolares europeos.Aunque a menudo se destacan sus efectos positivos, tambi\u00e9n se se\u00f1alan sus posibles inconvenientes, llamando la atenci\u00f3n sobre la &#8220;fatiga f\u00edsica y emocional que alimenta actitudes negativas hacia el aprendizaje y limita el tiempo de ocio&#8221;. &nbsp; Teniendo esto en cuenta, [&hellip;]<\/p>\n","protected":false},"author":1,"featured_media":0,"parent":0,"menu_order":0,"comment_status":"closed","ping_status":"closed","template":"","meta":{"_acf_changed":false,"_et_pb_use_builder":"on","_et_pb_old_content":"","_et_gb_content_width":"","footnotes":""},"acf":[],"_links":{"self":[{"href":"https:\/\/edugraal.eu\/es\/wp-json\/wp\/v2\/pages\/549"}],"collection":[{"href":"https:\/\/edugraal.eu\/es\/wp-json\/wp\/v2\/pages"}],"about":[{"href":"https:\/\/edugraal.eu\/es\/wp-json\/wp\/v2\/types\/page"}],"author":[{"embeddable":true,"href":"https:\/\/edugraal.eu\/es\/wp-json\/wp\/v2\/users\/1"}],"replies":[{"embeddable":true,"href":"https:\/\/edugraal.eu\/es\/wp-json\/wp\/v2\/comments?post=549"}],"version-history":[{"count":18,"href":"https:\/\/edugraal.eu\/es\/wp-json\/wp\/v2\/pages\/549\/revisions"}],"predecessor-version":[{"id":11989,"href":"https:\/\/edugraal.eu\/es\/wp-json\/wp\/v2\/pages\/549\/revisions\/11989"}],"wp:attachment":[{"href":"https:\/\/edugraal.eu\/es\/wp-json\/wp\/v2\/media?parent=549"}],"curies":[{"name":"wp","href":"https:\/\/api.w.org\/{rel}","templated":true}]}}