{"id":856,"date":"2022-12-20T11:47:24","date_gmt":"2022-12-20T09:47:24","guid":{"rendered":"https:\/\/edugraal.eu\/socios\/"},"modified":"2023-03-30T18:08:41","modified_gmt":"2023-03-30T16:08:41","slug":"socios","status":"publish","type":"page","link":"https:\/\/edugraal.eu\/es\/socios\/","title":{"rendered":"Socios"},"content":{"rendered":"<p>[et_pb_section fb_built=&#8221;1&#8243; _builder_version=&#8221;4.19.4&#8243; _module_preset=&#8221;default&#8221; background_image=&#8221;https:\/\/edugraal.eu\/wp-content\/uploads\/2023\/03\/headerBG.png&#8221; background_position=&#8221;bottom_center&#8221; background_vertical_offset=&#8221;0%&#8221; height=&#8221;150px&#8221; custom_padding=&#8221;0px||0px||false|false&#8221; locked=&#8221;off&#8221; global_colors_info=&#8221;{}&#8221;][\/et_pb_section][et_pb_section fb_built=&#8221;1&#8243; _builder_version=&#8221;4.19.4&#8243; _module_preset=&#8221;default&#8221; custom_padding=&#8221;10px||10px||false|false&#8221; locked=&#8221;off&#8221; global_colors_info=&#8221;{}&#8221;][et_pb_row _builder_version=&#8221;4.19.4&#8243; _module_preset=&#8221;default&#8221; global_colors_info=&#8221;{}&#8221;][et_pb_column type=&#8221;4_4&#8243; _builder_version=&#8221;4.19.4&#8243; _module_preset=&#8221;default&#8221; global_colors_info=&#8221;{}&#8221;][et_pb_text _builder_version=&#8221;4.19.4&#8243; _module_preset=&#8221;20cc6843-f2a2-4bb1-884f-c0ad8ab929d9&#8243; header_text_align=&#8221;center&#8221; max_width=&#8221;800px&#8221; module_alignment=&#8221;center&#8221; global_colors_info=&#8221;{}&#8221;]<\/p>\n<h1 style=\"text-align: center;\"><span>Socios<\/span><\/h1>\n<p>[\/et_pb_text][\/et_pb_column][\/et_pb_row][et_pb_row column_structure=&#8221;1_3,1_3,1_3&#8243; _builder_version=&#8221;4.19.4&#8243; _module_preset=&#8221;default&#8221; global_colors_info=&#8221;{}&#8221;][et_pb_column type=&#8221;1_3&#8243; _builder_version=&#8221;4.19.4&#8243; _module_preset=&#8221;default&#8221; global_colors_info=&#8221;{}&#8221;][et_pb_blurb title=&#8221;Les Apprimeurs&#8221; url_new_window=&#8221;on&#8221; image=&#8221;https:\/\/edugraal.eu\/wp-content\/uploads\/2023\/02\/Logo_Apprimeurs_bleu.png&#8221; _builder_version=&#8221;4.19.4&#8243; _module_preset=&#8221;1d025102-1481-45ff-b094-1f7f0318df63&#8243; link_option_url_new_window=&#8221;on&#8221; global_colors_info=&#8221;{}&#8221;]<\/p>\n<p style=\"text-align: center;\"><strong>Francia<\/strong><\/p>\n<p>Les Apprimeurs es una empresa francesa especializada en la creaci\u00f3n de soluciones digitales a medida para los sectores de la educaci\u00f3n, la cultura y la formaci\u00f3n. Trabajamos para promover las habilidades b\u00e1sicas y blandas y el acceso al conocimiento para todos a trav\u00e9s de formaciones, talleres, ebooks interactivos y desarrollo de plataformas.<\/p>\n<p>[\/et_pb_blurb][et_pb_button button_url=&#8221;https:\/\/lesapprimeurs.com\/&#8221; url_new_window=&#8221;on&#8221; button_text=&#8221;SITIO WEB&#8221; _builder_version=&#8221;4.19.4&#8243; _module_preset=&#8221;723d8466-f149-4185-a947-b6f6f6f5a7ea&#8221; hover_enabled=&#8221;0&#8243; global_colors_info=&#8221;{}&#8221; sticky_enabled=&#8221;0&#8243;][\/et_pb_button][\/et_pb_column][et_pb_column type=&#8221;1_3&#8243; _builder_version=&#8221;4.19.4&#8243; _module_preset=&#8221;default&#8221; global_colors_info=&#8221;{}&#8221;][et_pb_blurb title=&#8221;Logopsycom&#8221; url_new_window=&#8221;on&#8221; image=&#8221;https:\/\/edugraal.eu\/wp-content\/uploads\/2023\/03\/logopsycom.png&#8221; alt=&#8221;Logopsycom&#8221; _builder_version=&#8221;4.19.4&#8243; _module_preset=&#8221;1d025102-1481-45ff-b094-1f7f0318df63&#8243; link_option_url_new_window=&#8221;on&#8221; global_colors_info=&#8221;{}&#8221;]<\/p>\n<p style=\"text-align: center;\"><strong>B\u00e9lgica<\/strong><\/p>\n<p>Logospycom es un centro de innovaci\u00f3n educativa que crea y utiliza m\u00e9todos o herramientas alternativas (digitales o no) para acompa\u00f1ar a colegios, centros de FP, organizaciones educativas, j\u00f3venes y padres.<br \/>Inicialmente se cre\u00f3 como una empresa de atenci\u00f3n especializada en los trastornos del aprendizaje de los j\u00f3venes, como la &#8220;Dis&#8221; (Dispraxia, Disfasia, Dislexia, etc.), tambi\u00e9n llamados Trastornos Espec\u00edficos del Aprendizaje (TEAp). Por ello, trabajamos siempre en la accesibilidad de los contenidos y la inclusi\u00f3n.<br \/>Actualmente, gestionamos o trabajamos en m\u00e1s de 30 proyectos Erasmus+KA2 sobre diferentes temas: inclusi\u00f3n y compromiso, concienciaci\u00f3n sobre discapacidades y trastornos del aprendizaje, chatbots, STEAM, etc.<\/p>\n<p>[\/et_pb_blurb][et_pb_button button_url=&#8221;https:\/\/logopsycom.com\/&#8221; url_new_window=&#8221;on&#8221; button_text=&#8221;SITIO WEB&#8221; _builder_version=&#8221;4.19.4&#8243; _module_preset=&#8221;723d8466-f149-4185-a947-b6f6f6f5a7ea&#8221; hover_enabled=&#8221;0&#8243; global_colors_info=&#8221;{}&#8221; sticky_enabled=&#8221;0&#8243;][\/et_pb_button][\/et_pb_column][et_pb_column type=&#8221;1_3&#8243; _builder_version=&#8221;4.19.4&#8243; _module_preset=&#8221;default&#8221; global_colors_info=&#8221;{}&#8221;][et_pb_blurb title=&#8221;Colegiul National \u00abK\u00f6lcsey Ferenc\u00bb&#8221; url_new_window=&#8221;on&#8221; image=&#8221;https:\/\/edugraal.eu\/wp-content\/uploads\/2023\/02\/logo_kolcsey.png&#8221; _builder_version=&#8221;4.19.4&#8243; _module_preset=&#8221;1d025102-1481-45ff-b094-1f7f0318df63&#8243; link_option_url_new_window=&#8221;on&#8221; global_colors_info=&#8221;{}&#8221;]<\/p>\n<p style=\"text-align: center;\"><strong>Ruman\u00eda<\/strong><\/p>\n<p>El Colegiul National &#8220;K\u00f6lcsey Ferenc&#8221; Satu Mare de Ruman\u00eda es un colegio para la minor\u00eda h\u00fangara, que les ofrece la oportunidad de educarse en su lengua materna y en el esp\u00edritu de la cultura h\u00fangara, pero haciendo hincapi\u00e9 tambi\u00e9n en la cultura rumana circundante.<br \/>Educamos a alumnos de 3 a 19 a\u00f1os, desde el jard\u00edn de infancia hasta estudios de alto nivel.<br \/>Nos enorgullecemos de ser una escuela de \u00e9xito e innovadora en la regi\u00f3n que combina lo tradicional con lo moderno, centr\u00e1ndose en el plan de estudios pero tambi\u00e9n siendo de mente abierta, proporcionando una educaci\u00f3n que da como resultado alumnos preparados para afrontar retos. Preparamos a nuestros alumnos para el examen de fin de estudios y para el aprendizaje permanente.<br \/>Nuestro perfil de instituto destaca en la ense\u00f1anza de Matem\u00e1ticas, Inform\u00e1tica, Biolog\u00eda, idiomas (ingl\u00e9s, alem\u00e1n y franc\u00e9s) y ciencias sociales&#8221;.<\/p>\n<p>[\/et_pb_blurb][et_pb_button button_url=&#8221;http:\/\/www.kolcsey.ro\/&#8221; url_new_window=&#8221;on&#8221; button_text=&#8221;SITIO WEB&#8221; _builder_version=&#8221;4.19.4&#8243; _module_preset=&#8221;723d8466-f149-4185-a947-b6f6f6f5a7ea&#8221; hover_enabled=&#8221;0&#8243; global_colors_info=&#8221;{}&#8221; sticky_enabled=&#8221;0&#8243;][\/et_pb_button][\/et_pb_column][\/et_pb_row][et_pb_row column_structure=&#8221;1_3,1_3,1_3&#8243; _builder_version=&#8221;4.19.4&#8243; _module_preset=&#8221;default&#8221; global_colors_info=&#8221;{}&#8221;][et_pb_column type=&#8221;1_3&#8243; _builder_version=&#8221;4.19.4&#8243; _module_preset=&#8221;default&#8221; global_colors_info=&#8221;{}&#8221;][et_pb_blurb title=&#8221;3rd Gymnasium of Larissa&#8221; url_new_window=&#8221;on&#8221; image=&#8221;https:\/\/edugraal.eu\/wp-content\/uploads\/2023\/02\/logo-3rd-Gynnasium.png&#8221; _builder_version=&#8221;4.19.4&#8243; _module_preset=&#8221;1d025102-1481-45ff-b094-1f7f0318df63&#8243; link_option_url_new_window=&#8221;on&#8221; global_colors_info=&#8221;{}&#8221;]<\/p>\n<p style=\"text-align: center;\"><strong>Grecia<\/strong><\/p>\n<p>El 3er Gimnasio de Larisa es un centro de ense\u00f1anza secundaria con 350 alumnos de 12 a 15 a\u00f1os y 35 profesores. La ense\u00f1anza secundaria es obligatoria y los alumnos reciben clases de Matem\u00e1ticas, Ciencias, Qu\u00edmica, Biolog\u00eda, Literatura y Lengua Griega Antigua y Moderna, Historia, Geograf\u00eda, Ciudadan\u00eda, Tecnolog\u00eda de los Alimentos, Arte, M\u00fasica, Educaci\u00f3n F\u00edsica, Educaci\u00f3n en TIC, Ingl\u00e9s, Franc\u00e9s y Alem\u00e1n. Los ni\u00f1os del cercano campo de refugiados asisten a clases nocturnas de Matem\u00e1ticas, Lengua Griega e Ingl\u00e9s.<br \/>Los alumnos aprenden dos lenguas extranjeras y algunos se presentan a ex\u00e1menes para la obtenci\u00f3n del nivel A2 de franc\u00e9s. Tambi\u00e9n adquieren conocimientos b\u00e1sicos de inform\u00e1tica. Adem\u00e1s, se han puesto en marcha programas de educaci\u00f3n cultural, medioambiental y sanitaria, as\u00ed como programas Erasmus+ a escala local, regional y europea. Adem\u00e1s, profesores y expertos de organizaciones con las que coopera nuestra escuela organizan a lo largo del a\u00f1o proyectos, conferencias y talleres sobre distintos temas.<\/p>\n<p>[\/et_pb_blurb][et_pb_button button_url=&#8221;https:\/\/3gymlar.com\/&#8221; url_new_window=&#8221;on&#8221; button_text=&#8221;SITIO WEB&#8221; _builder_version=&#8221;4.19.4&#8243; _module_preset=&#8221;723d8466-f149-4185-a947-b6f6f6f5a7ea&#8221; hover_enabled=&#8221;0&#8243; global_colors_info=&#8221;{}&#8221; sticky_enabled=&#8221;0&#8243;][\/et_pb_button][\/et_pb_column][et_pb_column type=&#8221;1_3&#8243; _builder_version=&#8221;4.19.4&#8243; _module_preset=&#8221;default&#8221; global_colors_info=&#8221;{}&#8221;][et_pb_blurb title=&#8221;Work in progress&#8221; url_new_window=&#8221;on&#8221; image=&#8221;https:\/\/edugraal.eu\/wp-content\/uploads\/2023\/02\/MISTERY-TOUR_LOGO.jpg&#8221; _builder_version=&#8221;4.19.4&#8243; _module_preset=&#8221;1d025102-1481-45ff-b094-1f7f0318df63&#8243; link_option_url_new_window=&#8221;on&#8221; global_colors_info=&#8221;{}&#8221;]<\/p>\n<p style=\"text-align: center;\"><strong>Italia<\/strong><\/p>\n<p>&#8220;Work in Progress&#8221; se ocupa de la planificaci\u00f3n de experiencias y la promoci\u00f3n del territorio. Su misi\u00f3n es dise\u00f1ar y crear experiencias culturales interactivas que propongan una nueva forma de poner en valor y disfrutar del patrimonio cultural, en particular en DESTINOS TUR\u00cdSTICOS MENOS CONOCIDOS.<br \/>Adem\u00e1s, dise\u00f1a e implementa FORMATOS que convierten a las personas en PROTAGONISTAS de EXPERIENCIAS atractivas, interactivas e inmersivas, utilizando la gamificaci\u00f3n para promocionar el TERRITORIO y sus recursos.<\/p>\n<p>[\/et_pb_blurb][et_pb_button button_url=&#8221;https:\/\/www.misterytour.it\/en\/&#8221; url_new_window=&#8221;on&#8221; button_text=&#8221;SITIO WEB&#8221; _builder_version=&#8221;4.19.4&#8243; _module_preset=&#8221;723d8466-f149-4185-a947-b6f6f6f5a7ea&#8221; hover_enabled=&#8221;0&#8243; global_colors_info=&#8221;{}&#8221; sticky_enabled=&#8221;0&#8243;][\/et_pb_button][\/et_pb_column][et_pb_column type=&#8221;1_3&#8243; _builder_version=&#8221;4.19.4&#8243; _module_preset=&#8221;default&#8221; global_colors_info=&#8221;{}&#8221;][et_pb_blurb title=&#8221;Colegio S\u00e9neca SCA&#8221; url_new_window=&#8221;on&#8221; image=&#8221;https:\/\/edugraal.eu\/wp-content\/uploads\/2023\/02\/Colegio-Seneca.png&#8221; _builder_version=&#8221;4.19.4&#8243; _module_preset=&#8221;1d025102-1481-45ff-b094-1f7f0318df63&#8243; link_option_url_new_window=&#8221;on&#8221; global_colors_info=&#8221;{}&#8221;]<\/p>\n<p style=\"text-align: center;\"><strong>Espa\u00f1a<\/strong><\/p>\n<p>Nuestro alumnado empieza su estancia en el Colegio S\u00e9neca en la etapa de infantil a la edad de 3 a\u00f1os y culmina su formaci\u00f3n obligatoria a los 16 a\u00f1os. Este hecho, unido a la multitud de actividades y programas en los que participamos, hace que nuestros alumnos\/as sientan el Colegio como su algo propio. Nuestro centro imparte ense\u00f1anza biling\u00fce en las etapas de Infantil, Primaria y Secundaria.<br \/>Nuestro colegio forma parte de la Red Andaluza de Ecoescuelas y actualmente hemos recibido dos veces el galard\u00f3n BANDERA VERDE, programa de \u00e1mbito internacional. El deporte es un elemento vertebrador en nuestro Centro y contamos con un club deportivo, DECORS\u00c9NECA, con un amplio programa de actividades extraescolares. Consideramos de vital importancia la necesidad de trabajar en cooperativismo, establecer contacto entre las diferentes etapas educativas y seguir innovando en nuestra labor docente a trav\u00e9s del empleo de diferentes recursos.<\/p>\n<p>[\/et_pb_blurb][et_pb_button button_url=&#8221;https:\/\/colegioseneca.es\/&#8221; url_new_window=&#8221;on&#8221; button_text=&#8221;SITIO WEB&#8221; _builder_version=&#8221;4.19.4&#8243; _module_preset=&#8221;723d8466-f149-4185-a947-b6f6f6f5a7ea&#8221; hover_enabled=&#8221;0&#8243; global_colors_info=&#8221;{}&#8221; sticky_enabled=&#8221;0&#8243;][\/et_pb_button][\/et_pb_column][\/et_pb_row][\/et_pb_section]<\/p>\n","protected":false},"excerpt":{"rendered":"<p>SociosFrancia Les Apprimeurs es una empresa francesa especializada en la creaci\u00f3n de soluciones digitales a medida para los sectores de la educaci\u00f3n, la cultura y la formaci\u00f3n. Trabajamos para promover las habilidades b\u00e1sicas y blandas y el acceso al conocimiento para todos a trav\u00e9s de formaciones, talleres, ebooks interactivos y desarrollo de plataformas.B\u00e9lgica Logospycom es [&hellip;]<\/p>\n","protected":false},"author":1,"featured_media":0,"parent":0,"menu_order":0,"comment_status":"closed","ping_status":"closed","template":"","meta":{"_acf_changed":false,"_et_pb_use_builder":"on","_et_pb_old_content":"","_et_gb_content_width":"","footnotes":""},"acf":[],"_links":{"self":[{"href":"https:\/\/edugraal.eu\/es\/wp-json\/wp\/v2\/pages\/856"}],"collection":[{"href":"https:\/\/edugraal.eu\/es\/wp-json\/wp\/v2\/pages"}],"about":[{"href":"https:\/\/edugraal.eu\/es\/wp-json\/wp\/v2\/types\/page"}],"author":[{"embeddable":true,"href":"https:\/\/edugraal.eu\/es\/wp-json\/wp\/v2\/users\/1"}],"replies":[{"embeddable":true,"href":"https:\/\/edugraal.eu\/es\/wp-json\/wp\/v2\/comments?post=856"}],"version-history":[{"count":8,"href":"https:\/\/edugraal.eu\/es\/wp-json\/wp\/v2\/pages\/856\/revisions"}],"predecessor-version":[{"id":877,"href":"https:\/\/edugraal.eu\/es\/wp-json\/wp\/v2\/pages\/856\/revisions\/877"}],"wp:attachment":[{"href":"https:\/\/edugraal.eu\/es\/wp-json\/wp\/v2\/media?parent=856"}],"curies":[{"name":"wp","href":"https:\/\/api.w.org\/{rel}","templated":true}]}}