{"id":504,"date":"2022-12-20T11:48:57","date_gmt":"2022-12-20T09:48:57","guid":{"rendered":"https:\/\/edugraal.eu\/module-e-learning\/"},"modified":"2024-06-25T11:08:58","modified_gmt":"2024-06-25T09:08:58","slug":"module-e-learning","status":"publish","type":"page","link":"https:\/\/edugraal.eu\/fr\/module-e-learning\/","title":{"rendered":"Module E-Learning"},"content":{"rendered":"<p>[et_pb_section fb_built=&#8221;1&#8243; _builder_version=&#8221;4.19.4&#8243; _module_preset=&#8221;default&#8221; background_image=&#8221;https:\/\/edugraal.eu\/wp-content\/uploads\/2023\/02\/fond-training.png&#8221; background_position=&#8221;bottom_center&#8221; background_vertical_offset=&#8221;0%&#8221; custom_padding=&#8221;30px||0px||false|false&#8221; global_colors_info=&#8221;{}&#8221;][et_pb_row column_structure=&#8221;1_2,1_2&#8243; make_equal=&#8221;on&#8221; module_class=&#8221;inverse&#8221; _builder_version=&#8221;4.19.4&#8243; _module_preset=&#8221;default&#8221; custom_padding=&#8221;0px||0px||false|false&#8221; global_colors_info=&#8221;{}&#8221;][et_pb_column type=&#8221;1_2&#8243; _builder_version=&#8221;4.19.4&#8243; _module_preset=&#8221;default&#8221; custom_css_main_element=&#8221;align-self: center;&#8221; global_colors_info=&#8221;{}&#8221;][et_pb_image src=&#8221;https:\/\/edugraal.eu\/wp-content\/uploads\/2023\/02\/Image-10.png&#8221; title_text=&#8221;Image 10&#8243; _builder_version=&#8221;4.19.4&#8243; _module_preset=&#8221;default&#8221; transform_translate_linked=&#8221;off&#8221; width=&#8221;80%&#8221; width_tablet=&#8221;50%&#8221; width_phone=&#8221;72%&#8221; width_last_edited=&#8221;on|phone&#8221; module_alignment=&#8221;center&#8221; global_colors_info=&#8221;{}&#8221;][\/et_pb_image][\/et_pb_column][et_pb_column type=&#8221;1_2&#8243; _builder_version=&#8221;4.19.4&#8243; _module_preset=&#8221;default&#8221; custom_css_main_element=&#8221;align-self: center;&#8221; global_colors_info=&#8221;{}&#8221;][et_pb_text _builder_version=&#8221;4.19.4&#8243; _module_preset=&#8221;faab4366-2134-4aa8-98f2-5ac7a607b672&#8243; global_colors_info=&#8221;{}&#8221;]<\/p>\n<p style=\"text-align: center;\">Module E-Learning<br \/><span style=\"font-size: 2.5em;\">\u2304<\/span><\/p>\n<p>[\/et_pb_text][\/et_pb_column][\/et_pb_row][\/et_pb_section][et_pb_section fb_built=&#8221;1&#8243; _builder_version=&#8221;4.19.4&#8243; _module_preset=&#8221;default&#8221; global_colors_info=&#8221;{}&#8221;][et_pb_row column_structure=&#8221;1_2,1_2&#8243; _builder_version=&#8221;4.19.4&#8243; _module_preset=&#8221;default&#8221; global_colors_info=&#8221;{}&#8221;][et_pb_column type=&#8221;1_2&#8243; _builder_version=&#8221;4.19.4&#8243; _module_preset=&#8221;default&#8221; global_colors_info=&#8221;{}&#8221;][et_pb_text _builder_version=&#8221;4.19.4&#8243; _module_preset=&#8221;20cc6843-f2a2-4bb1-884f-c0ad8ab929d9&#8243; global_colors_info=&#8221;{}&#8221;]<\/p>\n<p>Cette formation en ligne est con\u00e7ue pour vous assister dans la mise en oeuvre et la r\u00e9daction de vos propres d\u00e9fis-devoirs.<\/p>\n<p>En suivant ces diff\u00e9rents modules, vous d\u00e9couvrirez comment tirer parti des d\u00e9fis-devoirs pour favoriser l&#8217;apprentissage de vos \u00e9l\u00e8ves.<\/p>\n<p>Il est possible de recevoir un certificat de suivi de ce module d&#8217;apprentissage apr\u00e8s l&#8217;avoir termin\u00e9.<\/p>\n<p>[\/et_pb_text][\/et_pb_column][et_pb_column type=&#8221;1_2&#8243; _builder_version=&#8221;4.19.4&#8243; _module_preset=&#8221;default&#8221; global_colors_info=&#8221;{}&#8221;][\/et_pb_column][\/et_pb_row][et_pb_row _builder_version=&#8221;4.19.4&#8243; _module_preset=&#8221;default&#8221; global_colors_info=&#8221;{}&#8221;][et_pb_column type=&#8221;4_4&#8243; _builder_version=&#8221;4.19.4&#8243; _module_preset=&#8221;default&#8221; global_colors_info=&#8221;{}&#8221;][et_pb_text _builder_version=&#8221;4.19.4&#8243; _module_preset=&#8221;20cc6843-f2a2-4bb1-884f-c0ad8ab929d9&#8243; header_text_color=&#8221;gcid-6ead53b9-cc40-4b70-b393-5da79ace9dcd&#8221; global_colors_info=&#8221;{%22gcid-6ead53b9-cc40-4b70-b393-5da79ace9dcd%22:%91%22header_text_color%22%93}&#8221;]<\/p>\n<h1>Introduction<\/h1>\n<p>[\/et_pb_text][et_pb_text _builder_version=&#8221;4.19.4&#8243; _module_preset=&#8221;default&#8221; global_colors_info=&#8221;{}&#8221;]<\/p>\n<div class=\"postbox h5p-sidebar\">\n<div class=\"h5p-action-bar-settings h5p-panel\"><code><div class=\"h5p-iframe-wrapper\"><iframe id=\"h5p-iframe-7\" class=\"h5p-iframe\" data-content-id=\"7\" style=\"height:1px\" src=\"about:blank\" frameBorder=\"0\" scrolling=\"no\" title=\"Introduction\"><\/iframe><\/div><\/code><\/div>\n<\/div>\n<div class=\"postbox h5p-sidebar\"><\/div>\n<p>[\/et_pb_text][\/et_pb_column][\/et_pb_row][et_pb_row _builder_version=&#8221;4.19.4&#8243; _module_preset=&#8221;default&#8221; global_colors_info=&#8221;{}&#8221;][et_pb_column type=&#8221;4_4&#8243; _builder_version=&#8221;4.19.4&#8243; _module_preset=&#8221;default&#8221; global_colors_info=&#8221;{}&#8221;][et_pb_text _builder_version=&#8221;4.19.4&#8243; _module_preset=&#8221;20cc6843-f2a2-4bb1-884f-c0ad8ab929d9&#8243; header_text_color=&#8221;gcid-6ead53b9-cc40-4b70-b393-5da79ace9dcd&#8221; global_colors_info=&#8221;{%22gcid-6ead53b9-cc40-4b70-b393-5da79ace9dcd%22:%91%22header_text_color%22%93}&#8221;]<\/p>\n<h1>Module 1 &#8211; Avant de commencer<\/h1>\n<p>[\/et_pb_text][et_pb_text _builder_version=&#8221;4.19.4&#8243; _module_preset=&#8221;default&#8221; global_colors_info=&#8221;{}&#8221;]<\/p>\n<div class=\"postbox h5p-sidebar\">\n<div class=\"h5p-action-bar-settings h5p-panel\"><code><div class=\"h5p-iframe-wrapper\"><iframe id=\"h5p-iframe-9\" class=\"h5p-iframe\" data-content-id=\"9\" style=\"height:1px\" src=\"about:blank\" frameBorder=\"0\" scrolling=\"no\" title=\"UNIT\u00c9 1 - Pourquoi gamifier les devoirs ?\"><\/iframe><\/div><\/code><\/div>\n<\/div>\n<div class=\"postbox h5p-sidebar\"><\/div>\n<p>[\/et_pb_text][\/et_pb_column][\/et_pb_row][et_pb_row _builder_version=&#8221;4.19.4&#8243; _module_preset=&#8221;default&#8221; global_colors_info=&#8221;{}&#8221;][et_pb_column type=&#8221;4_4&#8243; _builder_version=&#8221;4.19.4&#8243; _module_preset=&#8221;default&#8221; global_colors_info=&#8221;{}&#8221;][et_pb_text _builder_version=&#8221;4.19.4&#8243; _module_preset=&#8221;20cc6843-f2a2-4bb1-884f-c0ad8ab929d9&#8243; header_text_color=&#8221;gcid-6ead53b9-cc40-4b70-b393-5da79ace9dcd&#8221; global_colors_info=&#8221;{%22gcid-6ead53b9-cc40-4b70-b393-5da79ace9dcd%22:%91%22header_text_color%22%93}&#8221;]<\/p>\n<h1>Module 2 &#8211; La conception<\/h1>\n<p>[\/et_pb_text][et_pb_text _builder_version=&#8221;4.19.4&#8243; _module_preset=&#8221;default&#8221; global_colors_info=&#8221;{}&#8221;]<\/p>\n<div class=\"postbox h5p-sidebar\">\n<div class=\"h5p-action-bar-settings h5p-panel\"><code><div class=\"h5p-iframe-wrapper\"><iframe id=\"h5p-iframe-10\" class=\"h5p-iframe\" data-content-id=\"10\" style=\"height:1px\" src=\"about:blank\" frameBorder=\"0\" scrolling=\"no\" title=\"UNIT\u00c9 1 - Conception p\u00e9dagogique\"><\/iframe><\/div><\/code><\/div>\n<\/div>\n<div class=\"postbox h5p-sidebar\"><\/div>\n<p>[\/et_pb_text][et_pb_text _builder_version=&#8221;4.19.4&#8243; _module_preset=&#8221;default&#8221; global_colors_info=&#8221;{}&#8221;]<\/p>\n<div class=\"postbox h5p-sidebar\">\n<div class=\"h5p-action-bar-settings h5p-panel\"><code><div class=\"h5p-iframe-wrapper\"><iframe id=\"h5p-iframe-11\" class=\"h5p-iframe\" data-content-id=\"11\" style=\"height:1px\" src=\"about:blank\" frameBorder=\"0\" scrolling=\"no\" title=\"UNIT\u00c9 2 - \u00c9criture : principes g\u00e9n\u00e9raux\"><\/iframe><\/div><\/code><\/div>\n<\/div>\n<div class=\"postbox h5p-sidebar\"><\/div>\n<p>[\/et_pb_text][et_pb_text _builder_version=&#8221;4.19.4&#8243; _module_preset=&#8221;default&#8221; global_colors_info=&#8221;{}&#8221;]<\/p>\n<div class=\"postbox h5p-sidebar\">\n<div class=\"h5p-action-bar-settings h5p-panel\"><code><div class=\"h5p-iframe-wrapper\"><iframe id=\"h5p-iframe-13\" class=\"h5p-iframe\" data-content-id=\"13\" style=\"height:1px\" src=\"about:blank\" frameBorder=\"0\" scrolling=\"no\" title=\"UNIT\u00c9 3 - D\u00e9veloppement d&#039;une architecture gamifi\u00e9e\"><\/iframe><\/div><\/code><\/div>\n<\/div>\n<div class=\"postbox h5p-sidebar\"><\/div>\n<p>[\/et_pb_text][\/et_pb_column][\/et_pb_row][et_pb_row _builder_version=&#8221;4.19.4&#8243; _module_preset=&#8221;default&#8221; global_colors_info=&#8221;{}&#8221;][et_pb_column type=&#8221;4_4&#8243; _builder_version=&#8221;4.19.4&#8243; _module_preset=&#8221;default&#8221; global_colors_info=&#8221;{}&#8221;][et_pb_text _builder_version=&#8221;4.19.4&#8243; _module_preset=&#8221;20cc6843-f2a2-4bb1-884f-c0ad8ab929d9&#8243; header_text_color=&#8221;gcid-6ead53b9-cc40-4b70-b393-5da79ace9dcd&#8221; global_colors_info=&#8221;{%22gcid-6ead53b9-cc40-4b70-b393-5da79ace9dcd%22:%91%22header_text_color%22%93}&#8221;]<\/p>\n<h1>Module 3 &#8211; La mise en oeuvre<\/h1>\n<p>[\/et_pb_text][et_pb_text _builder_version=&#8221;4.19.4&#8243; _module_preset=&#8221;default&#8221; global_colors_info=&#8221;{}&#8221;]<\/p>\n<div class=\"postbox h5p-sidebar\">\n<div class=\"h5p-action-bar-settings h5p-panel\"><code><div class=\"h5p-iframe-wrapper\"><iframe id=\"h5p-iframe-14\" class=\"h5p-iframe\" data-content-id=\"14\" style=\"height:1px\" src=\"about:blank\" frameBorder=\"0\" scrolling=\"no\" title=\"UNIT\u00c9 1 - Production technique\"><\/iframe><\/div><\/code><\/div>\n<\/div>\n<div class=\"postbox h5p-sidebar\"><\/div>\n<p>[\/et_pb_text][et_pb_text _builder_version=&#8221;4.19.4&#8243; _module_preset=&#8221;default&#8221; global_colors_info=&#8221;{}&#8221;]<\/p>\n<div class=\"postbox h5p-sidebar\">\n<div class=\"h5p-action-bar-settings h5p-panel\"><code><div class=\"h5p-iframe-wrapper\"><iframe id=\"h5p-iframe-16\" class=\"h5p-iframe\" data-content-id=\"16\" style=\"height:1px\" src=\"about:blank\" frameBorder=\"0\" scrolling=\"no\" title=\"UNIT\u00c9 2 - Int\u00e9gration en classe\"><\/iframe><\/div><\/code><\/div>\n<\/div>\n<div class=\"postbox h5p-sidebar\"><\/div>\n<p>[\/et_pb_text][\/et_pb_column][\/et_pb_row][et_pb_row _builder_version=&#8221;4.19.4&#8243; _module_preset=&#8221;default&#8221; global_colors_info=&#8221;{}&#8221;][et_pb_column type=&#8221;4_4&#8243; _builder_version=&#8221;4.19.4&#8243; _module_preset=&#8221;default&#8221; global_colors_info=&#8221;{}&#8221;][et_pb_text _builder_version=&#8221;4.19.4&#8243; _module_preset=&#8221;20cc6843-f2a2-4bb1-884f-c0ad8ab929d9&#8243; header_text_color=&#8221;gcid-6ead53b9-cc40-4b70-b393-5da79ace9dcd&#8221; global_colors_info=&#8221;{%22gcid-6ead53b9-cc40-4b70-b393-5da79ace9dcd%22:%91%22header_text_color%22%93}&#8221;]<\/p>\n<h1>Conclusion<\/h1>\n<p>[\/et_pb_text][et_pb_text _builder_version=&#8221;4.19.4&#8243; _module_preset=&#8221;default&#8221; hover_enabled=&#8221;0&#8243; global_colors_info=&#8221;{}&#8221; sticky_enabled=&#8221;0&#8243;]<\/p>\n<div class=\"postbox h5p-sidebar\">\n<div class=\"h5p-action-bar-settings h5p-panel\"><code><div class=\"h5p-iframe-wrapper\"><iframe id=\"h5p-iframe-17\" class=\"h5p-iframe\" data-content-id=\"17\" style=\"height:1px\" src=\"about:blank\" frameBorder=\"0\" scrolling=\"no\" title=\"Conclusion\"><\/iframe><\/div><\/code><\/div>\n<\/div>\n<div class=\"postbox h5p-sidebar\"><\/div>\n<p>[\/et_pb_text][\/et_pb_column][\/et_pb_row][\/et_pb_section]<\/p>\n","protected":false},"excerpt":{"rendered":"<p>Module E-Learning\u2304Cette formation en ligne est con\u00e7ue pour vous assister dans la mise en oeuvre et la r\u00e9daction de vos propres d\u00e9fis-devoirs. En suivant ces diff\u00e9rents modules, vous d\u00e9couvrirez comment tirer parti des d\u00e9fis-devoirs pour favoriser l&#8217;apprentissage de vos \u00e9l\u00e8ves. Il est possible de recevoir un certificat de suivi de ce module d&#8217;apprentissage apr\u00e8s l&#8217;avoir [&hellip;]<\/p>\n","protected":false},"author":1,"featured_media":0,"parent":0,"menu_order":0,"comment_status":"closed","ping_status":"closed","template":"","meta":{"_acf_changed":false,"_et_pb_use_builder":"on","_et_pb_old_content":"","_et_gb_content_width":"","footnotes":""},"acf":[],"_links":{"self":[{"href":"https:\/\/edugraal.eu\/fr\/wp-json\/wp\/v2\/pages\/504"}],"collection":[{"href":"https:\/\/edugraal.eu\/fr\/wp-json\/wp\/v2\/pages"}],"about":[{"href":"https:\/\/edugraal.eu\/fr\/wp-json\/wp\/v2\/types\/page"}],"author":[{"embeddable":true,"href":"https:\/\/edugraal.eu\/fr\/wp-json\/wp\/v2\/users\/1"}],"replies":[{"embeddable":true,"href":"https:\/\/edugraal.eu\/fr\/wp-json\/wp\/v2\/comments?post=504"}],"version-history":[{"count":83,"href":"https:\/\/edugraal.eu\/fr\/wp-json\/wp\/v2\/pages\/504\/revisions"}],"predecessor-version":[{"id":12453,"href":"https:\/\/edugraal.eu\/fr\/wp-json\/wp\/v2\/pages\/504\/revisions\/12453"}],"wp:attachment":[{"href":"https:\/\/edugraal.eu\/fr\/wp-json\/wp\/v2\/media?parent=504"}],"curies":[{"name":"wp","href":"https:\/\/api.w.org\/{rel}","templated":true}]}}