{"id":543,"date":"2022-12-20T11:44:36","date_gmt":"2022-12-20T09:44:36","guid":{"rendered":"https:\/\/edugraal.eu\/a-propos\/"},"modified":"2024-05-30T10:48:41","modified_gmt":"2024-05-30T08:48:41","slug":"a-propos","status":"publish","type":"page","link":"https:\/\/edugraal.eu\/fr\/a-propos\/","title":{"rendered":"\u00c0 propos"},"content":{"rendered":"<p>[et_pb_section fb_built=&#8221;1&#8243; _builder_version=&#8221;4.19.4&#8243; _module_preset=&#8221;default&#8221; background_image=&#8221;https:\/\/edugraal.eu\/wp-content\/uploads\/2023\/03\/headerBG.png&#8221; background_position=&#8221;bottom_center&#8221; background_vertical_offset=&#8221;0%&#8221; height=&#8221;150px&#8221; custom_padding=&#8221;0px||0px||false|false&#8221; global_colors_info=&#8221;{}&#8221;][\/et_pb_section][et_pb_section fb_built=&#8221;1&#8243; _builder_version=&#8221;4.19.4&#8243; _module_preset=&#8221;default&#8221; custom_padding=&#8221;10px||10px||false|false&#8221; locked=&#8221;off&#8221; global_colors_info=&#8221;{}&#8221;][et_pb_row _builder_version=&#8221;4.19.4&#8243; _module_preset=&#8221;default&#8221; global_colors_info=&#8221;{}&#8221;][et_pb_column type=&#8221;4_4&#8243; _builder_version=&#8221;4.19.4&#8243; _module_preset=&#8221;default&#8221; global_colors_info=&#8221;{}&#8221;][et_pb_code _builder_version=&#8221;4.19.4&#8243; _module_preset=&#8221;default&#8221; text_orientation=&#8221;center&#8221; locked=&#8221;off&#8221; global_colors_info=&#8221;{}&#8221;]<svg xmlns=\"http:\/\/www.w3.org\/2000\/svg\" xmlns:xlink=\"http:\/\/www.w3.org\/1999\/xlink\" width=\"200px\" height=\"\" viewbox=\"0 0 182.238 146.095\"><!-- [et_pb_line_break_holder] -->  <defs><!-- [et_pb_line_break_holder] -->    <lineargradient id=\"linear-gradient\" x1=\"0.5\" y1=\"1\" x2=\"0.5\" gradientunits=\"objectBoundingBox\"><!-- [et_pb_line_break_holder] -->      <stop offset=\"0.201\" stop-color=\"#fc9f0d\"><\/stop><!-- [et_pb_line_break_holder] -->      <stop offset=\"0.801\" stop-color=\"#c8005c\"><\/stop><!-- [et_pb_line_break_holder] -->    <\/lineargradient><!-- [et_pb_line_break_holder] -->  <\/defs><!-- [et_pb_line_break_holder] -->  <path id=\"Trac\u00e9_11\" data-name=\"Trac\u00e9 11\" d=\"M121.157,233.287v2.538h0a68.218,68.218,0,0,1-68.346-68.2V134.353H30.038L70.071,89.729,110.1,134.353H87.319v30.01q0,16.445,9.406,26.561a30.6,30.6,0,0,0,16.29,9.245c-.018,1.171-.064,2.287.023,3.392a8.472,8.472,0,0,0,5.466,7.557.874.874,0,0,1,.609,1.161,13.879,13.879,0,0,1-4.729,8.419,14.088,14.088,0,0,1-9.447,3.353,8.289,8.289,0,0,0-7.756,4.7,65.569,65.569,0,0,0,23.978,4.532Zm68.336-98.934h22.783L172.243,89.729l-40.032,44.624h22.782v30.01q0,16.445-9.228,26.561A29.834,29.834,0,0,1,130.7,199.96a35.455,35.455,0,0,1-.374,4.982,8.216,8.216,0,0,1-5.314,6.215.765.765,0,0,0-.578.963,13.405,13.405,0,0,0,13.094,11.924,8.264,8.264,0,0,1,7.62,4.7,65.57,65.57,0,0,1-24,4.539v2.538a68.218,68.218,0,0,0,68.346-68.2V134.353Z\" transform=\"translate(-30.038 -89.729)\" fill=\"url(#linear-gradient)\"><\/path><!-- [et_pb_line_break_holder] --><\/svg><!-- [et_pb_line_break_holder] -->[\/et_pb_code][et_pb_text _builder_version=&#8221;4.19.4&#8243; _module_preset=&#8221;20cc6843-f2a2-4bb1-884f-c0ad8ab929d9&#8243; header_text_align=&#8221;center&#8221; max_width=&#8221;800px&#8221; module_alignment=&#8221;center&#8221; global_colors_info=&#8221;{}&#8221;]<\/p>\n<h1 style=\"text-align: center;\"><span>\u00c0 propos du projet<\/span><\/h1>\n<p style=\"text-align: center;\"><span style=\"font-size: medium;\">Les devoirs sont la pierre angulaire des diff\u00e9rents syst\u00e8mes scolaires europ\u00e9ens.<\/span><br \/><span style=\"font-size: medium;\">Quand bien m\u00eame leurs effets b\u00e9n\u00e9fiques sont souvent mis en avant, leurs inconv\u00e9nients potentiels sont aussi point\u00e9s du doigt, attirant l&#8217;atttention sur la &#8220;fatigue physique et \u00e9motionnelle qui nourrit des attitudes n\u00e9gatives concernant l&#8217;apprentissage et qui limite le temps d\u00e9di\u00e9 aux loisirs&#8221;.<\/span><\/p>\n<p>&nbsp;<\/p>\n<p>En prenant compte de ces param\u00e8tres, le projet EduGraal cherche \u00e0 adopter une approche innovante concernant les devoirs afin d&#8217;atteindre les r\u00e9sultats suivants :<\/p>\n<ol>\n<li>Stimuler les r\u00e9sultats et l&#8217;engagement des \u00e9l\u00e8ves \u00e0 l&#8217;\u00e9cole en am\u00e9liorant l&#8217;efficacit\u00e9 et l&#8217;engagement pour les devoirs gr\u00e2ce aux techniques de gamification et de narration appliqu\u00e9es aux devoirs.<\/li>\n<li>Encourager le d\u00e9veloppement des comp\u00e9tences de base en promouvant une collaboration transversale-circulaire au sein des m\u00eames aventures tout en r\u00e9visant les mati\u00e8res STEAM au programme.<\/li>\n<li>Garantir l&#8217;inclusion gr\u00e2ce \u00e0 des m\u00e9thodes et outils d\u00e9velopp\u00e9s \u00e0 travers un format moins stressant qui s&#8217;appuie sur une multitude de comp\u00e9tences et d&#8217;applications pour atteindre les prochaines \u00e9tapes d\u00e9fis-devoirs.<\/li>\n<li>Productions intellectuelles :<\/li>\n<\/ol>\n<p>[\/et_pb_text][\/et_pb_column][\/et_pb_row][et_pb_row column_structure=&#8221;1_2,1_2&#8243; _builder_version=&#8221;4.19.4&#8243; _module_preset=&#8221;default&#8221; global_colors_info=&#8221;{}&#8221;][et_pb_column type=&#8221;1_2&#8243; _builder_version=&#8221;4.19.4&#8243; _module_preset=&#8221;default&#8221; global_colors_info=&#8221;{}&#8221;][et_pb_blurb title=&#8221;19 d\u00e9fis-devoirs&#8221; image=&#8221;https:\/\/edugraal.eu\/wp-content\/uploads\/2023\/02\/Image-9.png&#8221; image_icon_width=&#8221;90%&#8221; _builder_version=&#8221;4.19.4&#8243; _dynamic_attributes=&#8221;link_option_url&#8221; _module_preset=&#8221;default&#8221; header_level=&#8221;h2&#8243; header_font=&#8221;Poppins||||||||&#8221; header_text_color=&#8221;gcid-9d23098f-b75f-42c6-9ab2-afa0c8c13c53&#8243; header_font_size=&#8221;1.6em&#8221; header_line_height=&#8221;1.4em&#8221; body_font=&#8221;Poppins||||||||&#8221; body_font_size=&#8221;1.2em&#8221; text_orientation=&#8221;center&#8221; link_option_url=&#8221;@ET-DC@eyJkeW5hbWljIjp0cnVlLCJjb250ZW50IjoicG9zdF9saW5rX3VybF9wYWdlIiwic2V0dGluZ3MiOnsicG9zdF9pZCI6IjQ4In19@&#8221; global_colors_info=&#8221;{%22gcid-9d23098f-b75f-42c6-9ab2-afa0c8c13c53%22:%91%22header_text_color%22%93}&#8221;]<\/p>\n<p style=\"text-align: left;\">19 d\u00e9fis-devoirs pr\u00eats \u00e0 l&#8217;emploi disponibles en formats imprim\u00e9 et num\u00e9rique, consernant les diff\u00e9rentes mati\u00e8res STEAM et visant plusieurs groupes d&#8217;\u00e2ge (de 10 \u00e0 15 ans).<\/p>\n<p>[\/et_pb_blurb][et_pb_blurb title=&#8221;Une bo\u00eete-\u00e0-outils p\u00e9dagogique&#8221; image=&#8221;https:\/\/edugraal.eu\/wp-content\/uploads\/2023\/03\/toolbox-icon.png&#8221; image_icon_width=&#8221;75%&#8221; _builder_version=&#8221;4.20.4&#8243; _dynamic_attributes=&#8221;link_option_url&#8221; _module_preset=&#8221;default&#8221; header_level=&#8221;h2&#8243; header_font=&#8221;Poppins||||||||&#8221; header_text_color=&#8221;gcid-9d23098f-b75f-42c6-9ab2-afa0c8c13c53&#8243; header_font_size=&#8221;1.6em&#8221; header_line_height=&#8221;1.4em&#8221; body_font=&#8221;Poppins||||||||&#8221; body_font_size=&#8221;1.2em&#8221; text_orientation=&#8221;center&#8221; link_option_url=&#8221;@ET-DC@eyJkeW5hbWljIjp0cnVlLCJjb250ZW50IjoicG9zdF9saW5rX3VybF9wYWdlIiwic2V0dGluZ3MiOnsicG9zdF9pZCI6IjUyIn19@&#8221; global_colors_info=&#8221;{%22gcid-9d23098f-b75f-42c6-9ab2-afa0c8c13c53%22:%91%22header_text_color%22%93}&#8221;]<\/p>\n<p style=\"text-align: left;\">Plus de 100 ressources r\u00e9unies dans une bo\u00eete-\u00e0-outils p\u00e9dagogique vous procurrant des outils utiles comme des conseils, tutos et guides sur la narration et l&#8217;\u00e9criture.<\/p>\n<p>[\/et_pb_blurb][\/et_pb_column][et_pb_column type=&#8221;1_2&#8243; _builder_version=&#8221;4.19.4&#8243; _module_preset=&#8221;default&#8221; global_colors_info=&#8221;{}&#8221;][et_pb_blurb title=&#8221;Un module e-learning&#8221; image=&#8221;https:\/\/edugraal.eu\/wp-content\/uploads\/2023\/02\/Image-10.png&#8221; image_icon_width=&#8221;70%&#8221; _builder_version=&#8221;4.19.4&#8243; _dynamic_attributes=&#8221;link_option_url&#8221; _module_preset=&#8221;default&#8221; header_level=&#8221;h2&#8243; header_font=&#8221;Poppins||||||||&#8221; header_text_color=&#8221;gcid-9d23098f-b75f-42c6-9ab2-afa0c8c13c53&#8243; header_font_size=&#8221;1.6em&#8221; header_line_height=&#8221;1.4em&#8221; body_font=&#8221;Poppins||||||||&#8221; body_font_size=&#8221;1.2em&#8221; text_orientation=&#8221;center&#8221; link_option_url=&#8221;@ET-DC@eyJkeW5hbWljIjp0cnVlLCJjb250ZW50IjoicG9zdF9saW5rX3VybF9wYWdlIiwic2V0dGluZ3MiOnsicG9zdF9pZCI6IjUwIn19@&#8221; global_colors_info=&#8221;{%22gcid-9d23098f-b75f-42c6-9ab2-afa0c8c13c53%22:%91%22header_text_color%22%93}&#8221;]<\/p>\n<p style=\"text-align: left;\">Un module d&#8217;apprentissage en ligne pour vous familliariser avec les concepts de gamification et d&#8217;apprentissage gamifi\u00e9. Ce cours vous forme \u00e9galement pour cr\u00e9er vos propres d\u00e9fis-devoirs garantissant du mat\u00e9riel inclusif et engageant dans le but d&#8217;am\u00e9liorer les apprentissages de vos \u00e9l\u00e8ves. <\/p>\n<p>[\/et_pb_blurb][et_pb_blurb title=&#8221;Un guide d&apos;impl\u00e9mentation&#8221; image=&#8221;https:\/\/edugraal.eu\/wp-content\/uploads\/2023\/02\/Image-11.png&#8221; image_icon_width=&#8221;53%&#8221; _builder_version=&#8221;4.20.4&#8243; _dynamic_attributes=&#8221;link_option_url&#8221; _module_preset=&#8221;default&#8221; header_level=&#8221;h2&#8243; header_font=&#8221;Poppins||||||||&#8221; header_text_color=&#8221;gcid-9d23098f-b75f-42c6-9ab2-afa0c8c13c53&#8243; header_font_size=&#8221;1.6em&#8221; header_line_height=&#8221;1.4em&#8221; body_font=&#8221;Poppins||||||||&#8221; body_font_size=&#8221;1.2em&#8221; text_orientation=&#8221;center&#8221; link_option_url=&#8221;@ET-DC@eyJkeW5hbWljIjp0cnVlLCJjb250ZW50IjoicG9zdF9saW5rX3VybF9wYWdlIiwic2V0dGluZ3MiOnsicG9zdF9pZCI6IjU0In19@&#8221; global_colors_info=&#8221;{%22gcid-9d23098f-b75f-42c6-9ab2-afa0c8c13c53%22:%91%22header_text_color%22%93}&#8221;]<\/p>\n<p style=\"text-align: left;\">Un guide d&#8217;impl\u00e9mentation avec de bonnes pratiques et exp\u00e9riences pour r\u00e9pondre aux potentielles questions concernant les r\u00e8gles, la fr\u00e9quence et le syst\u00e8me de distribution des devoirs gamifi\u00e9s et du syst\u00e8me de remise en main propre.<\/p>\n<p>[\/et_pb_blurb][\/et_pb_column][\/et_pb_row][et_pb_row _builder_version=&#8221;4.19.4&#8243; _module_preset=&#8221;default&#8221; global_colors_info=&#8221;{}&#8221;][et_pb_column type=&#8221;4_4&#8243; _builder_version=&#8221;4.19.4&#8243; _module_preset=&#8221;default&#8221; global_colors_info=&#8221;{}&#8221;][et_pb_text _builder_version=&#8221;4.19.4&#8243; _module_preset=&#8221;20cc6843-f2a2-4bb1-884f-c0ad8ab929d9&#8243; header_text_align=&#8221;center&#8221; max_width=&#8221;800px&#8221; module_alignment=&#8221;center&#8221; global_colors_info=&#8221;{}&#8221;]<\/p>\n<p style=\"text-align: center;\"><span style=\"font-size: medium;\">Ce projet a pour objectif de d&#8217;\u00e9quiper les enseignants avec des outils adapt\u00e9s et pens\u00e9s comme une solution alternative et innovante afin de r\u00e9pondre \u00e0 la probl\u00e9matique des devoirs. L&#8217;un des enjeux d&#8217;EduGraal est \u00e9galement de souligner l&#8217;importance de l&#8217;\u00e9ducation positive, consid\u00e9r\u00e9e comme une mani\u00e8re de maintenir la motivation et l&#8217;engagement des \u00e9tudiants afin d&#8217;accro\u00eetre les b\u00e9n\u00e9fices qu&#8217;ils tirent des devoirs. <\/span><\/p>\n<p>&nbsp;<\/p>\n<p style=\"text-align: center;\">Dur\u00e9e du projet : 01\/12\/2021 \u2013 31\/05\/2024<br \/>Projet 2021-1-FR01-KA220-SCH-000029741<\/p>\n<p>[\/et_pb_text][\/et_pb_column][\/et_pb_row][\/et_pb_section]<\/p>\n","protected":false},"excerpt":{"rendered":"<p>\u00c0 propos du projet Les devoirs sont la pierre angulaire des diff\u00e9rents syst\u00e8mes scolaires europ\u00e9ens.Quand bien m\u00eame leurs effets b\u00e9n\u00e9fiques sont souvent mis en avant, leurs inconv\u00e9nients potentiels sont aussi point\u00e9s du doigt, attirant l&#8217;atttention sur la &#8220;fatigue physique et \u00e9motionnelle qui nourrit des attitudes n\u00e9gatives concernant l&#8217;apprentissage et qui limite le temps d\u00e9di\u00e9 aux [&hellip;]<\/p>\n","protected":false},"author":1,"featured_media":0,"parent":0,"menu_order":0,"comment_status":"closed","ping_status":"closed","template":"","meta":{"_acf_changed":false,"_et_pb_use_builder":"on","_et_pb_old_content":"","_et_gb_content_width":"","footnotes":""},"acf":[],"_links":{"self":[{"href":"https:\/\/edugraal.eu\/fr\/wp-json\/wp\/v2\/pages\/543"}],"collection":[{"href":"https:\/\/edugraal.eu\/fr\/wp-json\/wp\/v2\/pages"}],"about":[{"href":"https:\/\/edugraal.eu\/fr\/wp-json\/wp\/v2\/types\/page"}],"author":[{"embeddable":true,"href":"https:\/\/edugraal.eu\/fr\/wp-json\/wp\/v2\/users\/1"}],"replies":[{"embeddable":true,"href":"https:\/\/edugraal.eu\/fr\/wp-json\/wp\/v2\/comments?post=543"}],"version-history":[{"count":45,"href":"https:\/\/edugraal.eu\/fr\/wp-json\/wp\/v2\/pages\/543\/revisions"}],"predecessor-version":[{"id":11979,"href":"https:\/\/edugraal.eu\/fr\/wp-json\/wp\/v2\/pages\/543\/revisions\/11979"}],"wp:attachment":[{"href":"https:\/\/edugraal.eu\/fr\/wp-json\/wp\/v2\/media?parent=543"}],"curies":[{"name":"wp","href":"https:\/\/api.w.org\/{rel}","templated":true}]}}