{"id":1014,"date":"2022-12-20T11:49:54","date_gmt":"2022-12-20T09:49:54","guid":{"rendered":"https:\/\/edugraal.eu\/terms-of-use\/"},"modified":"2023-06-21T09:56:10","modified_gmt":"2023-06-21T07:56:10","slug":"terms-of-use","status":"publish","type":"page","link":"https:\/\/edugraal.eu\/hu\/terms-of-use\/","title":{"rendered":"Felhaszn\u00e1l\u00e1si felt\u00e9telek"},"content":{"rendered":"<p>[et_pb_section fb_built=&#8221;1&#8243; _builder_version=&#8221;4.19.4&#8243; _module_preset=&#8221;default&#8221; background_image=&#8221;https:\/\/edugraal.eu\/wp-content\/uploads\/2023\/03\/headerBG.png&#8221; background_position=&#8221;bottom_center&#8221; background_vertical_offset=&#8221;0%&#8221; height=&#8221;150px&#8221; custom_padding=&#8221;0px||0px||false|false&#8221; global_colors_info=&#8221;{}&#8221; theme_builder_area=&#8221;post_content&#8221;][\/et_pb_section][et_pb_section fb_built=&#8221;1&#8243; _builder_version=&#8221;4.19.4&#8243; _module_preset=&#8221;default&#8221; custom_padding=&#8221;10px||10px||false|false&#8221; locked=&#8221;off&#8221; global_colors_info=&#8221;{}&#8221; theme_builder_area=&#8221;post_content&#8221;][et_pb_row _builder_version=&#8221;4.19.4&#8243; _module_preset=&#8221;default&#8221; global_colors_info=&#8221;{}&#8221; theme_builder_area=&#8221;post_content&#8221;][et_pb_column type=&#8221;4_4&#8243; _builder_version=&#8221;4.19.4&#8243; _module_preset=&#8221;default&#8221; global_colors_info=&#8221;{}&#8221; theme_builder_area=&#8221;post_content&#8221;][et_pb_code _builder_version=&#8221;4.19.4&#8243; _module_preset=&#8221;default&#8221; text_orientation=&#8221;center&#8221; locked=&#8221;off&#8221; global_colors_info=&#8221;{}&#8221; theme_builder_area=&#8221;post_content&#8221;]<svg xmlns=\"http:\/\/www.w3.org\/2000\/svg\" xmlns:xlink=\"http:\/\/www.w3.org\/1999\/xlink\" width=\"200px\" height=\"\" viewbox=\"0 0 182.238 146.095\"><!-- [et_pb_line_break_holder] -->  <defs><!-- [et_pb_line_break_holder] -->    <lineargradient id=\"linear-gradient\" x1=\"0.5\" y1=\"1\" x2=\"0.5\" gradientunits=\"objectBoundingBox\"><!-- [et_pb_line_break_holder] -->      <stop offset=\"0.201\" stop-color=\"#fc9f0d\"><\/stop><!-- [et_pb_line_break_holder] -->      <stop offset=\"0.801\" stop-color=\"#c8005c\"><\/stop><!-- [et_pb_line_break_holder] -->    <\/lineargradient><!-- [et_pb_line_break_holder] -->  <\/defs><!-- [et_pb_line_break_holder] -->  <path id=\"Trac\u00e9_11\" data-name=\"Trac\u00e9 11\" d=\"M121.157,233.287v2.538h0a68.218,68.218,0,0,1-68.346-68.2V134.353H30.038L70.071,89.729,110.1,134.353H87.319v30.01q0,16.445,9.406,26.561a30.6,30.6,0,0,0,16.29,9.245c-.018,1.171-.064,2.287.023,3.392a8.472,8.472,0,0,0,5.466,7.557.874.874,0,0,1,.609,1.161,13.879,13.879,0,0,1-4.729,8.419,14.088,14.088,0,0,1-9.447,3.353,8.289,8.289,0,0,0-7.756,4.7,65.569,65.569,0,0,0,23.978,4.532Zm68.336-98.934h22.783L172.243,89.729l-40.032,44.624h22.782v30.01q0,16.445-9.228,26.561A29.834,29.834,0,0,1,130.7,199.96a35.455,35.455,0,0,1-.374,4.982,8.216,8.216,0,0,1-5.314,6.215.765.765,0,0,0-.578.963,13.405,13.405,0,0,0,13.094,11.924,8.264,8.264,0,0,1,7.62,4.7,65.57,65.57,0,0,1-24,4.539v2.538a68.218,68.218,0,0,0,68.346-68.2V134.353Z\" transform=\"translate(-30.038 -89.729)\" fill=\"url(#linear-gradient)\"><\/path><!-- [et_pb_line_break_holder] --><\/svg><!-- [et_pb_line_break_holder] -->[\/et_pb_code][et_pb_text _builder_version=&#8221;4.20.4&#8243; _module_preset=&#8221;20cc6843-f2a2-4bb1-884f-c0ad8ab929d9&#8243; header_text_align=&#8221;center&#8221; max_width=&#8221;800px&#8221; module_alignment=&#8221;center&#8221; hover_enabled=&#8221;0&#8243; global_colors_info=&#8221;{}&#8221; theme_builder_area=&#8221;post_content&#8221; sticky_enabled=&#8221;0&#8243;]<\/p>\n<h1 style=\"text-align: center;\"><span>Felhaszn\u00e1l\u00e1si felt\u00e9telek<\/span><\/h1>\n<p style=\"text-align: center;\"><span style=\"font-size: medium;\">Ingyenes anyagok nem kereskedelmi c\u00e9l\u00fa felhaszn\u00e1l\u00e1sra.<\/span><\/p>\n<p>Az Edugraal weboldal minden forr\u00e1sa a Creative Commons licenc alapj\u00e1n ker\u00fcl k\u00f6zz\u00e9t\u00e9telre: 4.0 licenc alatt: <a href=\"https:\/\/creativecommons.org\/licenses\/by-nc-sa\/4.0\/\" target=\"_blank\" rel=\"noopener\">Attribution, Non-Commercial and Share alike.<\/a><\/p>\n<p><a rel=\"license\" href=\"http:\/\/creativecommons.org\/licenses\/by-nc-sa\/4.0\/\"><img decoding=\"async\" alt=\"Licence Creative Commons\" style=\"border-width: 0;\" src=\"https:\/\/i.creativecommons.org\/l\/by-nc-sa\/4.0\/88x31.png\"><\/a><\/p>\n<p>\u00cdgy az Edugraal csapata \u00e1ltal l\u00e9trehozott \u00f6sszes er\u0151forr\u00e1st (e-learning modul, sz\u00f6vegek, k\u00e9pek, vide\u00f3k, stb.) felhaszn\u00e1lhatja, <span>terjesztheti, remixelheti, adapt\u00e1lhatja<\/span> saj\u00e1t kurzusaihoz, k\u00e9pz\u00e9seihez, konferenci\u00e1ihoz, szakdolgozataihoz, stb., amennyiben a mi anyagainkra hivatkozik, mint els\u0151dleges forr\u00e1sra.<\/p>\n<p>Tilos az anyagokat b\u00e1rmilyen kereskedelmi c\u00e9lra ( tov\u00e1bb\u00e9rt\u00e9kes\u00edt\u00e9s c\u00e9lj\u00e1b\u00f3l vagy regisztr\u00e1ci\u00f3s d\u00edj ellen\u00e9ben) felhaszn\u00e1lni; ha pedig az er\u0151forr\u00e1sokat v\u00e1ltozatlan form\u00e1ban vagy \u00e1talak\u00edtva adja ki, <span>akkor a m\u00f3dos\u00edtott anyagot azonos felt\u00e9telek mellett kell enged\u00e9lyeztetnie.<\/span><\/p>\n<p>[\/et_pb_text][\/et_pb_column][\/et_pb_row][\/et_pb_section]<\/p>\n","protected":false},"excerpt":{"rendered":"<p>Felhaszn\u00e1l\u00e1si felt\u00e9telek Ingyenes anyagok nem kereskedelmi c\u00e9l\u00fa felhaszn\u00e1l\u00e1sra. Az Edugraal weboldal minden forr\u00e1sa a Creative Commons licenc alapj\u00e1n ker\u00fcl k\u00f6zz\u00e9t\u00e9telre: 4.0 licenc alatt: Attribution, Non-Commercial and Share alike. \u00cdgy az Edugraal csapata \u00e1ltal l\u00e9trehozott \u00f6sszes er\u0151forr\u00e1st (e-learning modul, sz\u00f6vegek, k\u00e9pek, vide\u00f3k, stb.) felhaszn\u00e1lhatja, terjesztheti, remixelheti, adapt\u00e1lhatja saj\u00e1t kurzusaihoz, k\u00e9pz\u00e9seihez, konferenci\u00e1ihoz, szakdolgozataihoz, stb., amennyiben a mi [&hellip;]<\/p>\n","protected":false},"author":1,"featured_media":0,"parent":0,"menu_order":0,"comment_status":"closed","ping_status":"closed","template":"","meta":{"_acf_changed":false,"_et_pb_use_builder":"on","_et_pb_old_content":"","_et_gb_content_width":"","footnotes":""},"acf":[],"_links":{"self":[{"href":"https:\/\/edugraal.eu\/hu\/wp-json\/wp\/v2\/pages\/1014"}],"collection":[{"href":"https:\/\/edugraal.eu\/hu\/wp-json\/wp\/v2\/pages"}],"about":[{"href":"https:\/\/edugraal.eu\/hu\/wp-json\/wp\/v2\/types\/page"}],"author":[{"embeddable":true,"href":"https:\/\/edugraal.eu\/hu\/wp-json\/wp\/v2\/users\/1"}],"replies":[{"embeddable":true,"href":"https:\/\/edugraal.eu\/hu\/wp-json\/wp\/v2\/comments?post=1014"}],"version-history":[{"count":15,"href":"https:\/\/edugraal.eu\/hu\/wp-json\/wp\/v2\/pages\/1014\/revisions"}],"predecessor-version":[{"id":1697,"href":"https:\/\/edugraal.eu\/hu\/wp-json\/wp\/v2\/pages\/1014\/revisions\/1697"}],"wp:attachment":[{"href":"https:\/\/edugraal.eu\/hu\/wp-json\/wp\/v2\/media?parent=1014"}],"curies":[{"name":"wp","href":"https:\/\/api.w.org\/{rel}","templated":true}]}}