{"id":636,"date":"2022-12-20T11:44:36","date_gmt":"2022-12-20T09:44:36","guid":{"rendered":"https:\/\/edugraal.eu\/tudnivalok\/"},"modified":"2024-05-30T10:55:56","modified_gmt":"2024-05-30T08:55:56","slug":"tudnivalok","status":"publish","type":"page","link":"https:\/\/edugraal.eu\/hu\/tudnivalok\/","title":{"rendered":"Tudnival\u00f3k"},"content":{"rendered":"<p>[et_pb_section fb_built=&#8221;1&#8243; _builder_version=&#8221;4.19.4&#8243; _module_preset=&#8221;default&#8221; background_image=&#8221;https:\/\/edugraal.eu\/wp-content\/uploads\/2023\/03\/headerBG.png&#8221; background_position=&#8221;bottom_center&#8221; background_vertical_offset=&#8221;0%&#8221; height=&#8221;150px&#8221; custom_padding=&#8221;0px||0px||false|false&#8221; global_colors_info=&#8221;{}&#8221;][\/et_pb_section][et_pb_section fb_built=&#8221;1&#8243; _builder_version=&#8221;4.19.4&#8243; _module_preset=&#8221;default&#8221; custom_padding=&#8221;10px||10px||false|false&#8221; locked=&#8221;off&#8221; global_colors_info=&#8221;{}&#8221;][et_pb_row _builder_version=&#8221;4.19.4&#8243; _module_preset=&#8221;default&#8221; global_colors_info=&#8221;{}&#8221;][et_pb_column type=&#8221;4_4&#8243; _builder_version=&#8221;4.19.4&#8243; _module_preset=&#8221;default&#8221; global_colors_info=&#8221;{}&#8221;][et_pb_code _builder_version=&#8221;4.19.4&#8243; _module_preset=&#8221;default&#8221; text_orientation=&#8221;center&#8221; locked=&#8221;off&#8221; global_colors_info=&#8221;{}&#8221;]<svg xmlns=\"http:\/\/www.w3.org\/2000\/svg\" xmlns:xlink=\"http:\/\/www.w3.org\/1999\/xlink\" width=\"200px\" height=\"\" viewbox=\"0 0 182.238 146.095\"><!-- [et_pb_line_break_holder] -->  <defs><!-- [et_pb_line_break_holder] -->    <lineargradient id=\"linear-gradient\" x1=\"0.5\" y1=\"1\" x2=\"0.5\" gradientunits=\"objectBoundingBox\"><!-- [et_pb_line_break_holder] -->      <stop offset=\"0.201\" stop-color=\"#fc9f0d\"><\/stop><!-- [et_pb_line_break_holder] -->      <stop offset=\"0.801\" stop-color=\"#c8005c\"><\/stop><!-- [et_pb_line_break_holder] -->    <\/lineargradient><!-- [et_pb_line_break_holder] -->  <\/defs><!-- [et_pb_line_break_holder] -->  <path id=\"Trac\u00e9_11\" data-name=\"Trac\u00e9 11\" d=\"M121.157,233.287v2.538h0a68.218,68.218,0,0,1-68.346-68.2V134.353H30.038L70.071,89.729,110.1,134.353H87.319v30.01q0,16.445,9.406,26.561a30.6,30.6,0,0,0,16.29,9.245c-.018,1.171-.064,2.287.023,3.392a8.472,8.472,0,0,0,5.466,7.557.874.874,0,0,1,.609,1.161,13.879,13.879,0,0,1-4.729,8.419,14.088,14.088,0,0,1-9.447,3.353,8.289,8.289,0,0,0-7.756,4.7,65.569,65.569,0,0,0,23.978,4.532Zm68.336-98.934h22.783L172.243,89.729l-40.032,44.624h22.782v30.01q0,16.445-9.228,26.561A29.834,29.834,0,0,1,130.7,199.96a35.455,35.455,0,0,1-.374,4.982,8.216,8.216,0,0,1-5.314,6.215.765.765,0,0,0-.578.963,13.405,13.405,0,0,0,13.094,11.924,8.264,8.264,0,0,1,7.62,4.7,65.57,65.57,0,0,1-24,4.539v2.538a68.218,68.218,0,0,0,68.346-68.2V134.353Z\" transform=\"translate(-30.038 -89.729)\" fill=\"url(#linear-gradient)\"><\/path><!-- [et_pb_line_break_holder] --><\/svg><!-- [et_pb_line_break_holder] -->[\/et_pb_code][et_pb_text _builder_version=&#8221;4.19.4&#8243; _module_preset=&#8221;20cc6843-f2a2-4bb1-884f-c0ad8ab929d9&#8243; header_text_align=&#8221;center&#8221; max_width=&#8221;800px&#8221; module_alignment=&#8221;center&#8221; global_colors_info=&#8221;{}&#8221;]<\/p>\n<h1 style=\"text-align: center;\"><span>A p\u00e1ly\u00e1zatr\u00f3l<\/span><\/h1>\n<p style=\"text-align: center;\"><span style=\"font-size: medium;\">A h\u00e1zi feladat a k\u00fcl\u00f6nb\u00f6z\u0151 eur\u00f3pai iskolarendszerek egyik sarokk\u00f6ve.<\/span><br \/><span style=\"font-size: medium;\">B\u00e1r pozit\u00edv hat\u00e1sait gyakran kiemelik, r\u00e1mutatnak a lehets\u00e9ges h\u00e1tr\u00e1nyokra is, felh\u00edvva a figyelmet a &#8220;fizikai \u00e9s \u00e9rzelmi f\u00e1radts\u00e1gra, amely t\u00e1pl\u00e1lja a tanul\u00e1ssal kapcsolatos negat\u00edv hozz\u00e1\u00e1ll\u00e1st \u00e9s korl\u00e1tozza a szabadid\u0151t&#8221;.<\/span><\/p>\n<p>&nbsp;<\/p>\n<p>Ezt szem el\u0151tt tartva az EduGraal projekt c\u00e9lja, hogy a h\u00e1zi feladatokkal kapcsolatban innovat\u00edv megk\u00f6zel\u00edt\u00e9st alkalmazzon a k\u00f6vetkez\u0151 eredm\u00e9nyek el\u00e9r\u00e9se \u00e9rdek\u00e9ben:<\/p>\n<ol>\n<li>A tanul\u00f3k iskolai teljes\u00edtm\u00e9ny\u00e9nek fejleszt\u00e9se a h\u00e1zi feladatok hat\u00e9konys\u00e1g\u00e1nak n\u00f6vel\u00e9s\u00e9vel,az alkalmazott gamifik\u00e1ci\u00f3s \u00e9s t\u00f6rt\u00e9netmes\u00e9l\u00e9si technik\u00e1k seg\u00edts\u00e9g\u00e9vel, amelyek el\u0151seg\u00edtik a di\u00e1kok akt\u00edv r\u00e9szv\u00e9tel\u00e9t a feladatok megold\u00e1s\u00e1ban.<\/li>\n<li>Az alapk\u00e9szs\u00e9gek fejleszt\u00e9se a multi-\u00e9s interdiszciplinarit\u00e1s seg\u00edts\u00e9g\u00e9vel egy-egy kaland sor\u00e1n, k\u00fcl\u00f6nb\u00f6z\u0151 STEAM t\u00e9m\u00e1k kidolgoz\u00e1s\u00e1val.<\/li>\n<li>Az inkluz\u00ed\u00f3 biztos\u00edt\u00e1sa a di\u00e1kokat kev\u00e9sb\u00e9 megterhel\u0151 form\u00e1ban, a projekt \u00e1ltal kifejlesztett m\u00f3dszerekkel \u00e9s eszk\u00f6z\u00f6kkel,amelynek sor\u00e1n k\u00fcl\u00f6nb\u00f6z\u0151 k\u00e9szs\u00e9geket mozg\u00f3s\u00edtunk a h\u00e1zi feladat kalandok szakaszainak megold\u00e1s\u00e1hoz.<\/li>\n<li>Szellemi term\u00e9kek:<\/li>\n<\/ol>\n<p>[\/et_pb_text][\/et_pb_column][\/et_pb_row][et_pb_row column_structure=&#8221;1_2,1_2&#8243; _builder_version=&#8221;4.19.4&#8243; _module_preset=&#8221;default&#8221; global_colors_info=&#8221;{}&#8221;][et_pb_column type=&#8221;1_2&#8243; _builder_version=&#8221;4.19.4&#8243; _module_preset=&#8221;default&#8221; global_colors_info=&#8221;{}&#8221;][et_pb_blurb title=&#8221;19 k\u00e9sz h\u00e1zi-feladat kaland&#8221; image=&#8221;https:\/\/edugraal.eu\/wp-content\/uploads\/2023\/02\/Image-9.png&#8221; image_icon_width=&#8221;90%&#8221; _builder_version=&#8221;4.19.4&#8243; _dynamic_attributes=&#8221;link_option_url&#8221; _module_preset=&#8221;default&#8221; header_level=&#8221;h2&#8243; header_font=&#8221;Poppins||||||||&#8221; header_text_color=&#8221;gcid-9d23098f-b75f-42c6-9ab2-afa0c8c13c53&#8243; header_font_size=&#8221;1.6em&#8221; header_line_height=&#8221;1.4em&#8221; body_font=&#8221;Poppins||||||||&#8221; body_font_size=&#8221;1.2em&#8221; text_orientation=&#8221;center&#8221; link_option_url=&#8221;@ET-DC@eyJkeW5hbWljIjp0cnVlLCJjb250ZW50IjoicG9zdF9saW5rX3VybF9wYWdlIiwic2V0dGluZ3MiOnsicG9zdF9pZCI6IjQ4In19@&#8221; global_colors_info=&#8221;{%22gcid-9d23098f-b75f-42c6-9ab2-afa0c8c13c53%22:%91%22header_text_color%22%93}&#8221;]<\/p>\n<p style=\"text-align: left;\">19 k\u00e9sz, nyomtatott \u00e9s digit\u00e1lis form\u00e1tumban el\u00e9rhet\u0151 h\u00e1zifeladat- kaland, amelyek k\u00fcl\u00f6nb\u00f6z\u0151 STEAM-t\u00e9m\u00e1kat \u00f6lelnek fel, \u00e9s k\u00fcl\u00f6nb\u00f6z\u0151 koroszt\u00e1lyokat c\u00e9loznak meg (10-15 \u00e9ves korig).<\/p>\n<p>[\/et_pb_blurb][et_pb_blurb title=&#8221;Pedag\u00f3giai eszk\u00f6zt\u00e1r&#8221; image=&#8221;https:\/\/edugraal.eu\/wp-content\/uploads\/2023\/03\/toolbox-icon.png&#8221; image_icon_width=&#8221;75%&#8221; _builder_version=&#8221;4.20.4&#8243; _dynamic_attributes=&#8221;link_option_url&#8221; _module_preset=&#8221;default&#8221; header_level=&#8221;h2&#8243; header_font=&#8221;Poppins||||||||&#8221; header_text_color=&#8221;gcid-9d23098f-b75f-42c6-9ab2-afa0c8c13c53&#8243; header_font_size=&#8221;1.6em&#8221; header_line_height=&#8221;1.4em&#8221; body_font=&#8221;Poppins||||||||&#8221; body_font_size=&#8221;1.2em&#8221; text_orientation=&#8221;center&#8221; link_option_url=&#8221;@ET-DC@eyJkeW5hbWljIjp0cnVlLCJjb250ZW50IjoicG9zdF9saW5rX3VybF9wYWdlIiwic2V0dGluZ3MiOnsicG9zdF9pZCI6IjUyIn19@&#8221; global_colors_info=&#8221;{%22gcid-9d23098f-b75f-42c6-9ab2-afa0c8c13c53%22:%91%22header_text_color%22%93}&#8221;]<\/p>\n<p style=\"text-align: left;\">T\u00f6bb mint 100, pedag\u00f3giai eszk\u00f6zt\u00e1rba gy\u0171jt\u00f6tt forr\u00e1sanyag, amely hasznos eszk\u00f6z\u00f6ket, p\u00e9ld\u00e1ul tippeket, bemutat\u00f3kat \u00e9s \u00fatmutat\u00f3kat k\u00edn\u00e1l a t\u00f6rt\u00e9netmes\u00e9l\u00e9sr\u0151l, a j\u00e1t\u00e9kos\u00edt\u00e1sr\u00f3l \u00e9s az \u00edr\u00e1sr\u00f3l.<\/p>\n<p>[\/et_pb_blurb][\/et_pb_column][et_pb_column type=&#8221;1_2&#8243; _builder_version=&#8221;4.19.4&#8243; _module_preset=&#8221;default&#8221; global_colors_info=&#8221;{}&#8221;][et_pb_blurb title=&#8221;E-learning modul&#8221; image=&#8221;https:\/\/edugraal.eu\/wp-content\/uploads\/2023\/02\/Image-10.png&#8221; image_icon_width=&#8221;70%&#8221; _builder_version=&#8221;4.19.4&#8243; _dynamic_attributes=&#8221;link_option_url&#8221; _module_preset=&#8221;default&#8221; header_level=&#8221;h2&#8243; header_font=&#8221;Poppins||||||||&#8221; header_text_color=&#8221;gcid-9d23098f-b75f-42c6-9ab2-afa0c8c13c53&#8243; header_font_size=&#8221;1.6em&#8221; header_line_height=&#8221;1.4em&#8221; body_font=&#8221;Poppins||||||||&#8221; body_font_size=&#8221;1.2em&#8221; text_orientation=&#8221;center&#8221; link_option_url=&#8221;@ET-DC@eyJkeW5hbWljIjp0cnVlLCJjb250ZW50IjoicG9zdF9saW5rX3VybF9wYWdlIiwic2V0dGluZ3MiOnsicG9zdF9pZCI6IjUwIn19@&#8221; global_colors_info=&#8221;{%22gcid-9d23098f-b75f-42c6-9ab2-afa0c8c13c53%22:%91%22header_text_color%22%93}&#8221;]<\/p>\n<p style=\"text-align: left;\">Egy e-learning modul, amely megismerteti \u00d6nt a gamifik\u00e1ci\u00f3 \u00e9s a gamifik\u00e1lt tanul\u00e1s fogalmaival. Ez a tanfolyam arra is felk\u00e9sz\u00edti \u00d6nt, hogy saj\u00e1t j\u00e1t\u00e9kos h\u00e1zifeladat kalandokat hozzon l\u00e9tre, biztos\u00edtva az inkl\u00fazi\u00f3t \u00e9s a di\u00e1kok tanul\u00e1s\u00e1t \u00f6szt\u00f6nz\u0151, \u00e9rdekfesz\u00edt\u0151 anyagokat. <\/p>\n<p>[\/et_pb_blurb][et_pb_blurb title=&#8221;Megval\u00f3s\u00edt\u00e1si \u00fatmutat\u00f3&#8221; image=&#8221;https:\/\/edugraal.eu\/wp-content\/uploads\/2023\/02\/Image-11.png&#8221; image_icon_width=&#8221;53%&#8221; _builder_version=&#8221;4.20.4&#8243; _dynamic_attributes=&#8221;link_option_url&#8221; _module_preset=&#8221;default&#8221; header_level=&#8221;h2&#8243; header_font=&#8221;Poppins||||||||&#8221; header_text_color=&#8221;gcid-9d23098f-b75f-42c6-9ab2-afa0c8c13c53&#8243; header_font_size=&#8221;1.6em&#8221; header_line_height=&#8221;1.4em&#8221; body_font=&#8221;Poppins||||||||&#8221; body_font_size=&#8221;1.2em&#8221; text_orientation=&#8221;center&#8221; link_option_url=&#8221;@ET-DC@eyJkeW5hbWljIjp0cnVlLCJjb250ZW50IjoicG9zdF9saW5rX3VybF9wYWdlIiwic2V0dGluZ3MiOnsicG9zdF9pZCI6IjU0In19@&#8221; global_colors_info=&#8221;{%22gcid-9d23098f-b75f-42c6-9ab2-afa0c8c13c53%22:%91%22header_text_color%22%93}&#8221;]<\/p>\n<p style=\"text-align: left;\">Egy megval\u00f3s\u00edt\u00e1si \u00fatmutat\u00f3 j\u00f3gyakorlatokkal \u00e9s tapasztalatokkal a gamifik\u00e1lt h\u00e1zi feladatok szab\u00e1lyaira, gyakoris\u00e1g\u00e1ra, kiad\u00e1si rendszer\u00e9re, a h\u00e1zi feladatok lead\u00e1si rendszer\u00e9re vonatkoz\u00f3 lehets\u00e9ges k\u00e9rd\u00e9sekre adhat\u00f3 v\u00e1laszokkal.<\/p>\n<p>[\/et_pb_blurb][\/et_pb_column][\/et_pb_row][et_pb_row _builder_version=&#8221;4.19.4&#8243; _module_preset=&#8221;default&#8221; global_colors_info=&#8221;{}&#8221;][et_pb_column type=&#8221;4_4&#8243; _builder_version=&#8221;4.19.4&#8243; _module_preset=&#8221;default&#8221; global_colors_info=&#8221;{}&#8221;][et_pb_text _builder_version=&#8221;4.19.4&#8243; _module_preset=&#8221;20cc6843-f2a2-4bb1-884f-c0ad8ab929d9&#8243; header_text_align=&#8221;center&#8221; max_width=&#8221;800px&#8221; module_alignment=&#8221;center&#8221; global_colors_info=&#8221;{}&#8221;]<\/p>\n<p style=\"text-align: center;\"><span style=\"font-size: medium;\">A projekt k\u00f6z\u00e9ppontj\u00e1ban az \u00e1ll, hogy a tan\u00e1roknak a h\u00e1zi feladat k\u00e9rd\u00e9s\u00e9ben alternat\u00edv \u00e9s innovat\u00edv megold\u00e1sk\u00e9nt adapt\u00e1lt eszk\u00f6z\u00f6ket biztos\u00edtsunk. A pozit\u00edv tanul\u00e1s fontoss\u00e1g\u00e1nak hangs\u00falyoz\u00e1sa szint\u00e9n az EduGraal egyik f\u0151 c\u00e9lkit\u0171z\u00e9se, amely a tanul\u00f3k motiv\u00e1ci\u00f3j\u00e1nak \u00e9s elk\u00f6telezetts\u00e9g\u00e9nek fenntart\u00e1s\u00e1t szolg\u00e1lja a h\u00e1zi feladatokb\u00f3l sz\u00e1rmaz\u00f3 el\u0151ny\u00f6k n\u00f6vel\u00e9s\u00e9vel. <\/span><\/p>\n<p>&nbsp;<\/p>\n<p style=\"text-align: center;\">A p\u00e1ly\u00e1zat id\u0151tartama: 01\/12\/2021 \u2013 31\/05\/2024<br \/>Projektsz\u00e1m: 2021-1-FR01-KA220-SCH-000029741<\/p>\n<p>[\/et_pb_text][\/et_pb_column][\/et_pb_row][\/et_pb_section]<\/p>\n","protected":false},"excerpt":{"rendered":"<p>A p\u00e1ly\u00e1zatr\u00f3l A h\u00e1zi feladat a k\u00fcl\u00f6nb\u00f6z\u0151 eur\u00f3pai iskolarendszerek egyik sarokk\u00f6ve.B\u00e1r pozit\u00edv hat\u00e1sait gyakran kiemelik, r\u00e1mutatnak a lehets\u00e9ges h\u00e1tr\u00e1nyokra is, felh\u00edvva a figyelmet a &#8220;fizikai \u00e9s \u00e9rzelmi f\u00e1radts\u00e1gra, amely t\u00e1pl\u00e1lja a tanul\u00e1ssal kapcsolatos negat\u00edv hozz\u00e1\u00e1ll\u00e1st \u00e9s korl\u00e1tozza a szabadid\u0151t&#8221;. &nbsp; Ezt szem el\u0151tt tartva az EduGraal projekt c\u00e9lja, hogy a h\u00e1zi feladatokkal kapcsolatban innovat\u00edv megk\u00f6zel\u00edt\u00e9st [&hellip;]<\/p>\n","protected":false},"author":1,"featured_media":0,"parent":0,"menu_order":0,"comment_status":"closed","ping_status":"closed","template":"","meta":{"_acf_changed":false,"_et_pb_use_builder":"on","_et_pb_old_content":"","_et_gb_content_width":"","footnotes":""},"acf":[],"_links":{"self":[{"href":"https:\/\/edugraal.eu\/hu\/wp-json\/wp\/v2\/pages\/636"}],"collection":[{"href":"https:\/\/edugraal.eu\/hu\/wp-json\/wp\/v2\/pages"}],"about":[{"href":"https:\/\/edugraal.eu\/hu\/wp-json\/wp\/v2\/types\/page"}],"author":[{"embeddable":true,"href":"https:\/\/edugraal.eu\/hu\/wp-json\/wp\/v2\/users\/1"}],"replies":[{"embeddable":true,"href":"https:\/\/edugraal.eu\/hu\/wp-json\/wp\/v2\/comments?post=636"}],"version-history":[{"count":19,"href":"https:\/\/edugraal.eu\/hu\/wp-json\/wp\/v2\/pages\/636\/revisions"}],"predecessor-version":[{"id":11983,"href":"https:\/\/edugraal.eu\/hu\/wp-json\/wp\/v2\/pages\/636\/revisions\/11983"}],"wp:attachment":[{"href":"https:\/\/edugraal.eu\/hu\/wp-json\/wp\/v2\/media?parent=636"}],"curies":[{"name":"wp","href":"https:\/\/api.w.org\/{rel}","templated":true}]}}