{"id":677,"date":"2022-12-20T11:46:44","date_gmt":"2022-12-20T09:46:44","guid":{"rendered":"https:\/\/edugraal.eu\/kapcsolat\/"},"modified":"2024-05-28T10:26:07","modified_gmt":"2024-05-28T08:26:07","slug":"kapcsolat","status":"publish","type":"page","link":"https:\/\/edugraal.eu\/hu\/kapcsolat\/","title":{"rendered":"Kapcsolat"},"content":{"rendered":"<p>[et_pb_section fb_built=&#8221;1&#8243; _builder_version=&#8221;4.19.4&#8243; _module_preset=&#8221;default&#8221; background_image=&#8221;https:\/\/edugraal.eu\/wp-content\/uploads\/2023\/03\/headerBG.png&#8221; background_position=&#8221;bottom_center&#8221; background_vertical_offset=&#8221;0%&#8221; height=&#8221;150px&#8221; custom_padding=&#8221;0px||0px||false|false&#8221; locked=&#8221;off&#8221; global_colors_info=&#8221;{}&#8221;][\/et_pb_section][et_pb_section fb_built=&#8221;1&#8243; _builder_version=&#8221;4.19.4&#8243; _module_preset=&#8221;default&#8221; custom_padding=&#8221;10px||10px||false|false&#8221; locked=&#8221;off&#8221; global_colors_info=&#8221;{}&#8221;][et_pb_row _builder_version=&#8221;4.19.4&#8243; _module_preset=&#8221;default&#8221; global_colors_info=&#8221;{}&#8221;][et_pb_column type=&#8221;4_4&#8243; _builder_version=&#8221;4.19.4&#8243; _module_preset=&#8221;default&#8221; global_colors_info=&#8221;{}&#8221;][et_pb_text _builder_version=&#8221;4.19.4&#8243; _module_preset=&#8221;20cc6843-f2a2-4bb1-884f-c0ad8ab929d9&#8243; header_text_align=&#8221;center&#8221; max_width=&#8221;800px&#8221; module_alignment=&#8221;center&#8221; global_colors_info=&#8221;{}&#8221;]<\/p>\n<h1 style=\"text-align: center;\"><span>Kapcsolat<\/span><\/h1>\n<p>[\/et_pb_text][et_pb_code _builder_version=&#8221;4.19.4&#8243; _module_preset=&#8221;default&#8221; max_width=&#8221;800px&#8221; module_alignment=&#8221;center&#8221; hover_enabled=&#8221;0&#8243; global_colors_info=&#8221;{}&#8221; sticky_enabled=&#8221;0&#8243;]<div class=\"forminator-ui forminator-custom-form forminator-custom-form-1145 forminator-design--material  forminator_ajax\" data-forminator-render=\"0\" data-form=\"forminator-module-1145\" data-uid=\"69d1a7713b42a\"><br\/><\/div><form\n\t\t\t\tid=\"forminator-module-1145\"\n\t\t\t\tclass=\"forminator-ui forminator-custom-form forminator-custom-form-1145 forminator-design--material  forminator_ajax\"\n\t\t\t\tmethod=\"post\"\n\t\t\t\tdata-forminator-render=\"0\"\n\t\t\t\tdata-form-id=\"1145\"\n\t\t\t\t\n\t\t\t\tdata-design=\"material\"\n\t\t\t\t\n\t\t\t\t\n\t\t\t\t\n\t\t\t\tdata-grid=\"open\"\n\t\t\t\t\n\t\t\t\t\n\t\t\t\tstyle=\"display: none;\"\n\t\t\t\t\n\t\t\t\tdata-uid=\"69d1a7713b42a\"\n\t\t\t><div role=\"alert\" aria-live=\"polite\" class=\"forminator-response-message forminator-error\" aria-hidden=\"true\"><\/div><div class=\"forminator-row\"><div id=\"name-1\" class=\"forminator-field-name forminator-col forminator-col-12 \"><div class=\"forminator-field\"><label for=\"forminator-field-name-1_69d1a7713b42a\" id=\"forminator-field-name-1_69d1a7713b42a-label\" class=\"forminator-label\">N\u00e9v <span class=\"forminator-required\">*<\/span><\/label><input type=\"text\" name=\"name-1\" value=\"\" placeholder=\"E.g. Minta J\u00e1nos\" id=\"forminator-field-name-1_69d1a7713b42a\" class=\"forminator-input forminator-name--field\" aria-required=\"true\" \/><\/div><\/div><\/div><div class=\"forminator-row\"><div id=\"email-1\" class=\"forminator-field-email forminator-col forminator-col-12 \"><div class=\"forminator-field\"><label for=\"forminator-field-email-1_69d1a7713b42a\" id=\"forminator-field-email-1_69d1a7713b42a-label\" class=\"forminator-label\">E-mail c\u00edm <span class=\"forminator-required\">*<\/span><\/label><input type=\"email\" name=\"email-1\" value=\"\" placeholder=\"E.g. janos@minta.com\" id=\"forminator-field-email-1_69d1a7713b42a\" class=\"forminator-input forminator-email--field\" data-required=\"1\" aria-required=\"true\" \/><\/div><\/div><\/div><div class=\"forminator-row\"><div id=\"checkbox-1\" class=\"forminator-field-checkbox forminator-col forminator-col-12 \"><div role=\"group\" class=\"forminator-field required\" aria-labelledby=\"forminator-checkbox-group-forminator-field-checkbox-1-69d1a7713b42a-label\"><span id=\"forminator-checkbox-group-forminator-field-checkbox-1-69d1a7713b42a-label\" class=\"forminator-label\">Kapcsolattart\u00e1si felhatalmaz\u00e1s <span class=\"forminator-required\">*<\/span><\/span><label id=\"forminator-field-checkbox-1-1-69d1a7713b42a-label\" for=\"forminator-field-checkbox-1-1-69d1a7713b42a\" class=\"forminator-checkbox\" title=\"Hozz\u00e1j\u00e1rulok, hogy az Edugraal felvegye velem a kapcsolatot a projektben val\u00f3 r\u00e9szv\u00e9tel vagy az er\u0151forr\u00e1sok tesztel\u00e9se \u00e9rdek\u00e9ben. Adataimat kiz\u00e1r\u00f3lag erre a c\u00e9lra haszn\u00e1lj\u00e1k fel.\"><input type=\"checkbox\" name=\"checkbox-1[]\" value=\"one\" id=\"forminator-field-checkbox-1-1-69d1a7713b42a\" aria-labelledby=\"forminator-field-checkbox-1-1-69d1a7713b42a-label\" data-calculation=\"0\"  \/><span class=\"forminator-checkbox-box\" aria-hidden=\"true\"><\/span><span class=\"forminator-checkbox-label\">Hozz\u00e1j\u00e1rulok, hogy az Edugraal felvegye velem a kapcsolatot a projektben val\u00f3 r\u00e9szv\u00e9tel vagy az er\u0151forr\u00e1sok tesztel\u00e9se \u00e9rdek\u00e9ben. Adataimat kiz\u00e1r\u00f3lag erre a c\u00e9lra haszn\u00e1lj\u00e1k fel.<\/span><\/label><\/div><\/div><\/div><input type=\"hidden\" name=\"referer_url\" value=\"\" \/><div class=\"forminator-row forminator-row-last\"><div class=\"forminator-col\"><div class=\"forminator-field\"><button class=\"forminator-button forminator-button-submit\"><span>CSATLAKOZZEK A PROJEKTHEZ!<\/span><span aria-hidden=\"true\"><\/span><\/button><\/div><\/div><\/div><input type=\"hidden\" id=\"forminator_nonce\" name=\"forminator_nonce\" value=\"e0b7f7a95f\" \/><input type=\"hidden\" name=\"_wp_http_referer\" value=\"\/hu\/wp-json\/wp\/v2\/pages\/677\" \/><input type=\"hidden\" name=\"form_id\" value=\"1145\"><input type=\"hidden\" name=\"page_id\" value=\"677\"><input type=\"hidden\" name=\"form_type\" value=\"default\"><input type=\"hidden\" name=\"current_url\" value=\"https:\/\/edugraal.eu\/hu\/kapcsolat\/\"><input type=\"hidden\" name=\"render_id\" value=\"0\"><input type=\"hidden\" name=\"action\" value=\"forminator_submit_form_custom-forms\"><\/form>[\/et_pb_code][\/et_pb_column][\/et_pb_row][\/et_pb_section]<\/p>\n","protected":false},"excerpt":{"rendered":"<p>Kapcsolat<div class=\"forminator-ui forminator-custom-form forminator-custom-form-1145 forminator-design--material  forminator_ajax\" data-forminator-render=\"1\" data-form=\"forminator-module-1145\" data-uid=\"69d1a77146338\"><br\/><\/div><form\n\t\t\t\tid=\"forminator-module-1145\"\n\t\t\t\tclass=\"forminator-ui forminator-custom-form forminator-custom-form-1145 forminator-design--material  forminator_ajax\"\n\t\t\t\tmethod=\"post\"\n\t\t\t\tdata-forminator-render=\"1\"\n\t\t\t\tdata-form-id=\"1145\"\n\t\t\t\t\n\t\t\t\tdata-design=\"material\"\n\t\t\t\t\n\t\t\t\t\n\t\t\t\t\n\t\t\t\tdata-grid=\"open\"\n\t\t\t\t\n\t\t\t\t\n\t\t\t\tstyle=\"display: none;\"\n\t\t\t\t\n\t\t\t\tdata-uid=\"69d1a77146338\"\n\t\t\t><div role=\"alert\" aria-live=\"polite\" class=\"forminator-response-message forminator-error\" aria-hidden=\"true\"><\/div><div class=\"forminator-row\"><div id=\"name-1\" class=\"forminator-field-name forminator-col forminator-col-12 \"><div class=\"forminator-field\"><label for=\"forminator-field-name-1_69d1a77146338\" id=\"forminator-field-name-1_69d1a77146338-label\" class=\"forminator-label\">N\u00e9v <span class=\"forminator-required\">*<\/span><\/label><input type=\"text\" name=\"name-1\" value=\"\" placeholder=\"E.g. Minta J\u00e1nos\" id=\"forminator-field-name-1_69d1a77146338\" class=\"forminator-input forminator-name--field\" aria-required=\"true\" \/><\/div><\/div><\/div><div class=\"forminator-row\"><div id=\"email-1\" class=\"forminator-field-email forminator-col forminator-col-12 \"><div class=\"forminator-field\"><label for=\"forminator-field-email-1_69d1a77146338\" id=\"forminator-field-email-1_69d1a77146338-label\" class=\"forminator-label\">E-mail c\u00edm <span class=\"forminator-required\">*<\/span><\/label><input type=\"email\" name=\"email-1\" value=\"\" placeholder=\"E.g. janos@minta.com\" id=\"forminator-field-email-1_69d1a77146338\" class=\"forminator-input forminator-email--field\" data-required=\"1\" aria-required=\"true\" \/><\/div><\/div><\/div><div class=\"forminator-row\"><div id=\"checkbox-1\" class=\"forminator-field-checkbox forminator-col forminator-col-12 \"><div role=\"group\" class=\"forminator-field required\" aria-labelledby=\"forminator-checkbox-group-forminator-field-checkbox-1-69d1a77146338-label\"><span id=\"forminator-checkbox-group-forminator-field-checkbox-1-69d1a77146338-label\" class=\"forminator-label\">Kapcsolattart\u00e1si felhatalmaz\u00e1s <span class=\"forminator-required\">*<\/span><\/span><label id=\"forminator-field-checkbox-1-1-69d1a77146338-label\" for=\"forminator-field-checkbox-1-1-69d1a77146338\" class=\"forminator-checkbox\" title=\"Hozz\u00e1j\u00e1rulok, hogy az Edugraal felvegye velem a kapcsolatot a projektben val\u00f3 r\u00e9szv\u00e9tel vagy az er\u0151forr\u00e1sok tesztel\u00e9se \u00e9rdek\u00e9ben. Adataimat kiz\u00e1r\u00f3lag erre a c\u00e9lra haszn\u00e1lj\u00e1k fel.\"><input type=\"checkbox\" name=\"checkbox-1[]\" value=\"one\" id=\"forminator-field-checkbox-1-1-69d1a77146338\" aria-labelledby=\"forminator-field-checkbox-1-1-69d1a77146338-label\" data-calculation=\"0\"  \/><span class=\"forminator-checkbox-box\" aria-hidden=\"true\"><\/span><span class=\"forminator-checkbox-label\">Hozz\u00e1j\u00e1rulok, hogy az Edugraal felvegye velem a kapcsolatot a projektben val\u00f3 r\u00e9szv\u00e9tel vagy az er\u0151forr\u00e1sok tesztel\u00e9se \u00e9rdek\u00e9ben. Adataimat kiz\u00e1r\u00f3lag erre a c\u00e9lra haszn\u00e1lj\u00e1k fel.<\/span><\/label><\/div><\/div><\/div><input type=\"hidden\" name=\"referer_url\" value=\"\" \/><div class=\"forminator-row forminator-row-last\"><div class=\"forminator-col\"><div class=\"forminator-field\"><button class=\"forminator-button forminator-button-submit\"><span>CSATLAKOZZEK A PROJEKTHEZ!<\/span><span aria-hidden=\"true\"><\/span><\/button><\/div><\/div><\/div><input type=\"hidden\" id=\"forminator_nonce\" name=\"forminator_nonce\" value=\"e0b7f7a95f\" \/><input type=\"hidden\" name=\"_wp_http_referer\" value=\"\/hu\/wp-json\/wp\/v2\/pages\/677\" \/><input type=\"hidden\" name=\"form_id\" value=\"1145\"><input type=\"hidden\" name=\"page_id\" value=\"677\"><input type=\"hidden\" name=\"form_type\" value=\"default\"><input type=\"hidden\" name=\"current_url\" value=\"https:\/\/edugraal.eu\/hu\/kapcsolat\/\"><input type=\"hidden\" name=\"render_id\" value=\"1\"><input type=\"hidden\" name=\"action\" value=\"forminator_submit_form_custom-forms\"><\/form><\/p>\n","protected":false},"author":1,"featured_media":0,"parent":0,"menu_order":0,"comment_status":"closed","ping_status":"closed","template":"","meta":{"_acf_changed":false,"_et_pb_use_builder":"on","_et_pb_old_content":"","_et_gb_content_width":"","footnotes":""},"acf":[],"_links":{"self":[{"href":"https:\/\/edugraal.eu\/hu\/wp-json\/wp\/v2\/pages\/677"}],"collection":[{"href":"https:\/\/edugraal.eu\/hu\/wp-json\/wp\/v2\/pages"}],"about":[{"href":"https:\/\/edugraal.eu\/hu\/wp-json\/wp\/v2\/types\/page"}],"author":[{"embeddable":true,"href":"https:\/\/edugraal.eu\/hu\/wp-json\/wp\/v2\/users\/1"}],"replies":[{"embeddable":true,"href":"https:\/\/edugraal.eu\/hu\/wp-json\/wp\/v2\/comments?post=677"}],"version-history":[{"count":4,"href":"https:\/\/edugraal.eu\/hu\/wp-json\/wp\/v2\/pages\/677\/revisions"}],"predecessor-version":[{"id":11780,"href":"https:\/\/edugraal.eu\/hu\/wp-json\/wp\/v2\/pages\/677\/revisions\/11780"}],"wp:attachment":[{"href":"https:\/\/edugraal.eu\/hu\/wp-json\/wp\/v2\/media?parent=677"}],"curies":[{"name":"wp","href":"https:\/\/api.w.org\/{rel}","templated":true}]}}