{"id":847,"date":"2022-12-20T11:47:24","date_gmt":"2022-12-20T09:47:24","guid":{"rendered":"https:\/\/edugraal.eu\/partnerek\/"},"modified":"2023-03-30T18:04:16","modified_gmt":"2023-03-30T16:04:16","slug":"partnerek","status":"publish","type":"page","link":"https:\/\/edugraal.eu\/hu\/partnerek\/","title":{"rendered":"Partnerek"},"content":{"rendered":"<p>[et_pb_section fb_built=&#8221;1&#8243; _builder_version=&#8221;4.19.4&#8243; _module_preset=&#8221;default&#8221; background_image=&#8221;https:\/\/edugraal.eu\/wp-content\/uploads\/2023\/03\/headerBG.png&#8221; background_position=&#8221;bottom_center&#8221; background_vertical_offset=&#8221;0%&#8221; height=&#8221;150px&#8221; custom_padding=&#8221;0px||0px||false|false&#8221; locked=&#8221;off&#8221; global_colors_info=&#8221;{}&#8221;][\/et_pb_section][et_pb_section fb_built=&#8221;1&#8243; _builder_version=&#8221;4.19.4&#8243; _module_preset=&#8221;default&#8221; custom_padding=&#8221;10px||10px||false|false&#8221; locked=&#8221;off&#8221; global_colors_info=&#8221;{}&#8221;][et_pb_row _builder_version=&#8221;4.19.4&#8243; _module_preset=&#8221;default&#8221; global_colors_info=&#8221;{}&#8221;][et_pb_column type=&#8221;4_4&#8243; _builder_version=&#8221;4.19.4&#8243; _module_preset=&#8221;default&#8221; global_colors_info=&#8221;{}&#8221;][et_pb_text _builder_version=&#8221;4.19.4&#8243; _module_preset=&#8221;20cc6843-f2a2-4bb1-884f-c0ad8ab929d9&#8243; header_text_align=&#8221;center&#8221; max_width=&#8221;800px&#8221; module_alignment=&#8221;center&#8221; global_colors_info=&#8221;{}&#8221;]<\/p>\n<h1 style=\"text-align: center;\"><span>Partnerek<\/span><\/h1>\n<p>[\/et_pb_text][\/et_pb_column][\/et_pb_row][et_pb_row column_structure=&#8221;1_3,1_3,1_3&#8243; _builder_version=&#8221;4.19.4&#8243; _module_preset=&#8221;default&#8221; global_colors_info=&#8221;{}&#8221;][et_pb_column type=&#8221;1_3&#8243; _builder_version=&#8221;4.19.4&#8243; _module_preset=&#8221;default&#8221; global_colors_info=&#8221;{}&#8221;][et_pb_blurb title=&#8221;Les Apprimeurs&#8221; url_new_window=&#8221;on&#8221; image=&#8221;https:\/\/edugraal.eu\/wp-content\/uploads\/2023\/02\/Logo_Apprimeurs_bleu.png&#8221; _builder_version=&#8221;4.19.4&#8243; _module_preset=&#8221;1d025102-1481-45ff-b094-1f7f0318df63&#8243; link_option_url_new_window=&#8221;on&#8221; global_colors_info=&#8221;{}&#8221;]<\/p>\n<p style=\"text-align: center;\"><strong>Magyar<\/strong><\/p>\n<p>A Les Apprimeurs egy francia v\u00e1llalat, amely az oktat\u00e1s, a kult\u00fara \u00e9s a k\u00e9pz\u00e9s \u00e1gazatai sz\u00e1m\u00e1ra szem\u00e9lyre szabott digit\u00e1lis megold\u00e1sok l\u00e9trehoz\u00e1s\u00e1ra szakosodott. Az\u00e9rt dolgozunk, hogy el\u0151mozd\u00edtsuk az alap- \u00e9s transzverz\u00e1lis k\u00e9szs\u00e9geket \u00e9s a tud\u00e1shoz val\u00f3 hozz\u00e1f\u00e9r\u00e9st mindenki sz\u00e1m\u00e1ra tanfolyamok, workshopok, interakt\u00edv e-k\u00f6nyvek \u00e9s fel\u00fcletfejleszt\u00e9s r\u00e9v\u00e9n<\/p>\n<p>[\/et_pb_blurb][et_pb_button button_url=&#8221;https:\/\/lesapprimeurs.com\/&#8221; url_new_window=&#8221;on&#8221; button_text=&#8221;WEBOLDAL&#8221; _builder_version=&#8221;4.19.4&#8243; _module_preset=&#8221;723d8466-f149-4185-a947-b6f6f6f5a7ea&#8221; hover_enabled=&#8221;0&#8243; global_colors_info=&#8221;{}&#8221; sticky_enabled=&#8221;0&#8243;][\/et_pb_button][\/et_pb_column][et_pb_column type=&#8221;1_3&#8243; _builder_version=&#8221;4.19.4&#8243; _module_preset=&#8221;default&#8221; global_colors_info=&#8221;{}&#8221;][et_pb_blurb title=&#8221;Logopsycom&#8221; url_new_window=&#8221;on&#8221; image=&#8221;https:\/\/edugraal.eu\/wp-content\/uploads\/2023\/03\/logopsycom.png&#8221; alt=&#8221;Logopsycom&#8221; _builder_version=&#8221;4.19.4&#8243; _module_preset=&#8221;1d025102-1481-45ff-b094-1f7f0318df63&#8243; link_option_url_new_window=&#8221;on&#8221; global_colors_info=&#8221;{}&#8221;]<\/p>\n<p style=\"text-align: center;\"><strong>Belgium<\/strong><\/p>\n<p>A Logospycom egy oktat\u00e1si innov\u00e1ci\u00f3s k\u00f6zpont, amely alternat\u00edv (digit\u00e1lis vagy nem digit\u00e1lis) m\u00f3dszereket vagy eszk\u00f6z\u00f6ket hoz l\u00e9tre \u00e9s alkalmaz az iskol\u00e1k, k\u00e9pz\u00e9si k\u00f6zpontok, oktat\u00e1si szervezetek, fiatalok \u00e9s sz\u00fcl\u0151k t\u00e1mogat\u00e1s\u00e1ra.<br \/>Eredetileg a fiatalok tanul\u00e1si zavaraira, p\u00e9ld\u00e1ul a &#8220;&#8221;Dys&#8221;&#8221; (Dyspraxia, Dysphasia, Dyslexia stb.), m\u00e1s n\u00e9ven specifikus tanul\u00e1si zavarokra (SLD) szakosodott seg\u00edt\u0151 szervezetk\u00e9nt j\u00f6tt l\u00e9tre. Ez\u00e9rt folyamatosan a hozz\u00e1f\u00e9rhet\u0151s\u00e9g \u00e9s a befogad\u00e1s tartalmain dolgozunk.<br \/>Jelenleg t\u00f6bb mint 30 Erasmus+KA2 projektet ir\u00e1ny\u00edtunk vagy dolgozunk k\u00fcl\u00f6nb\u00f6z\u0151 t\u00e9m\u00e1kban: befogad\u00e1s \u00e9s szerepv\u00e1llal\u00e1s, fogyat\u00e9koss\u00e1g \u00e9s tanul\u00e1si zavarok tudatos\u00edt\u00e1sa, chatbotok, Steam stb.&#8221;.<\/p>\n<p>[\/et_pb_blurb][et_pb_button button_url=&#8221;https:\/\/logopsycom.com\/&#8221; url_new_window=&#8221;on&#8221; button_text=&#8221;WEBOLDAL&#8221; _builder_version=&#8221;4.19.4&#8243; _module_preset=&#8221;723d8466-f149-4185-a947-b6f6f6f5a7ea&#8221; hover_enabled=&#8221;0&#8243; global_colors_info=&#8221;{}&#8221; sticky_enabled=&#8221;0&#8243;][\/et_pb_button][\/et_pb_column][et_pb_column type=&#8221;1_3&#8243; _builder_version=&#8221;4.19.4&#8243; _module_preset=&#8221;default&#8221; global_colors_info=&#8221;{}&#8221;][et_pb_blurb title=&#8221;Colegiul National \u00abK\u00f6lcsey Ferenc\u00bb&#8221; url_new_window=&#8221;on&#8221; image=&#8221;https:\/\/edugraal.eu\/wp-content\/uploads\/2023\/02\/logo_kolcsey.png&#8221; _builder_version=&#8221;4.19.4&#8243; _module_preset=&#8221;1d025102-1481-45ff-b094-1f7f0318df63&#8243; link_option_url_new_window=&#8221;on&#8221; global_colors_info=&#8221;{}&#8221;]<\/p>\n<p style=\"text-align: center;\"><strong>Rom\u00e1nia<\/strong><\/p>\n<p>A K\u00f6lcsey Ferenc F\u0151gimn\u00e1zium Szatm\u00e1rn\u00e9meti,magyar tannyelv\u0171 iskola Rom\u00e1ni\u00e1ban, amely lehet\u0151s\u00e9get biztos\u00edt a magyar kisebbs\u00e9ghez tartoz\u00f3 di\u00e1koknak, hogy anyanyelv\u00fck\u00f6n \u00e9s a magyar kult\u00fara szellem\u00e9ben tanulhassanak, de a k\u00f6rnyez\u0151 rom\u00e1n kult\u00far\u00e1ra is f\u00f3kusz\u00e1lva.<br \/>A di\u00e1kokat 3-t\u00f3l 19 \u00e9ves korig oktatjuk, az \u00f3vod\u00e1t\u00f3l az \u00e9retts\u00e9giig.<br \/>B\u00fcszk\u00e9k vagyunk arra, hogy a r\u00e9gi\u00f3 sikeres \u00e9s innovat\u00edv iskol\u00e1ja vagyunk, amely \u00f6tv\u00f6zi a hagyom\u00e1nyt a modernnel, nyitott szeml\u00e9lettel \u00f6sszpontos\u00edt a tananyagra, \u00e9s olyan oktat\u00e1st biztos\u00edt, amelynek eredm\u00e9nyek\u00e9ppen a di\u00e1kok felk\u00e9sz\u00fclnek az \u00e9letben r\u00e1juk v\u00e1r\u00f3 kih\u00edv\u00e1sokra. Di\u00e1kjainkat felk\u00e9sz\u00edtj\u00fck az \u00e9retts\u00e9gin t\u00fal az eg\u00e9sz \u00e9leten \u00e1t tart\u00f3 tanul\u00e1sra.<br \/>K\u00f6z\u00e9piskol\u00e1nk profilj\u00e1t a matematika, az informatika, a biol\u00f3gia, az idegen nyelvek (angol, n\u00e9met \u00e9s francia) \u00e9s a t\u00e1rsadalomtudom\u00e1nyok oktat\u00e1sa jellemzi.<\/p>\n<p>[\/et_pb_blurb][et_pb_button button_url=&#8221;http:\/\/www.kolcsey.ro\/&#8221; url_new_window=&#8221;on&#8221; button_text=&#8221;WEBOLDAL&#8221; _builder_version=&#8221;4.19.4&#8243; _module_preset=&#8221;723d8466-f149-4185-a947-b6f6f6f5a7ea&#8221; hover_enabled=&#8221;0&#8243; global_colors_info=&#8221;{}&#8221; sticky_enabled=&#8221;0&#8243;][\/et_pb_button][\/et_pb_column][\/et_pb_row][et_pb_row column_structure=&#8221;1_3,1_3,1_3&#8243; _builder_version=&#8221;4.19.4&#8243; _module_preset=&#8221;default&#8221; global_colors_info=&#8221;{}&#8221;][et_pb_column type=&#8221;1_3&#8243; _builder_version=&#8221;4.19.4&#8243; _module_preset=&#8221;default&#8221; global_colors_info=&#8221;{}&#8221;][et_pb_blurb title=&#8221;3rd Gymnasium of Larissa&#8221; url_new_window=&#8221;on&#8221; image=&#8221;https:\/\/edugraal.eu\/wp-content\/uploads\/2023\/02\/logo-3rd-Gynnasium.png&#8221; _builder_version=&#8221;4.19.4&#8243; _module_preset=&#8221;1d025102-1481-45ff-b094-1f7f0318df63&#8243; link_option_url_new_window=&#8221;on&#8221; global_colors_info=&#8221;{}&#8221;]<\/p>\n<p style=\"text-align: center;\"><strong>G\u00f6r\u00f6gorsz\u00e1g<\/strong><\/p>\n<p>A larisszai 3. sz\u00e1m\u00fa gimn\u00e1zium egy k\u00f6z\u00e9piskola 350, 12-15 \u00e9ves di\u00e1kkal \u00e9s 35 tan\u00e1rral. A k\u00f6z\u00e9piskola k\u00f6telez\u0151, \u00e9s a tanul\u00f3k matematik\u00e1t, term\u00e9szettudom\u00e1nyokat, k\u00e9mi\u00e1t, biol\u00f3gi\u00e1t, \u00f3- \u00e9s \u00fajg\u00f6r\u00f6g nyelvet \u00e9s irodalmat, t\u00f6rt\u00e9nelmet, f\u00f6ldrajzot, \u00e1llampolg\u00e1rs\u00e1got, \u00e9lelmiszer-technol\u00f3gi\u00e1t, m\u0171v\u00e9szetet, zen\u00e9t, testnevel\u00e9st, IKT-oktat\u00e1st, angol, francia \u00e9s n\u00e9met nyelvet tanulnak. A k\u00f6zeli menek\u00fcltt\u00e1borb\u00f3l \u00e9rkez\u0151 gyerekek est\u00e9nk\u00e9nt matematika, g\u00f6r\u00f6g \u00e9s angol \u00f3r\u00e1kon vesznek r\u00e9szt.<br \/>A tanul\u00f3k k\u00e9t idegen nyelvet tanulnak, \u00e9s n\u00e9h\u00e1nyan k\u00f6z\u00fcl\u00fck A2-es szint\u0171 vizsg\u00e1t tesznek franci\u00e1b\u00f3l. Alapvet\u0151 sz\u00e1m\u00edt\u00f3g\u00e9pes ismereteket is szereznek. Emellett helyi, region\u00e1lis \u00e9s eur\u00f3pai szinten kultur\u00e1lis, k\u00f6rnyezetv\u00e9delmi, eg\u00e9szs\u00e9g\u00fcgyi oktat\u00e1si \u00e9s Erasmus+ programok zajlanak, valamint eg\u00e9sz \u00e9vben k\u00fcl\u00f6nb\u00f6z\u0151 t\u00e9m\u00e1j\u00fa projekteket, el\u0151ad\u00e1sokat \u00e9s m\u0171helymunk\u00e1kat szerveznek tan\u00e1rok \u00e9s olyan szervezetek szak\u00e9rt\u0151i, amelyekkel az iskol\u00e1nk egy\u00fcttm\u0171k\u00f6dik.&#8221;<\/p>\n<p>[\/et_pb_blurb][et_pb_button button_url=&#8221;https:\/\/3gymlar.com\/&#8221; url_new_window=&#8221;on&#8221; button_text=&#8221;WEBOLDAL&#8221; _builder_version=&#8221;4.19.4&#8243; _module_preset=&#8221;723d8466-f149-4185-a947-b6f6f6f5a7ea&#8221; hover_enabled=&#8221;0&#8243; global_colors_info=&#8221;{}&#8221; sticky_enabled=&#8221;0&#8243;][\/et_pb_button][\/et_pb_column][et_pb_column type=&#8221;1_3&#8243; _builder_version=&#8221;4.19.4&#8243; _module_preset=&#8221;default&#8221; global_colors_info=&#8221;{}&#8221;][et_pb_blurb title=&#8221;Work in progress&#8221; url_new_window=&#8221;on&#8221; image=&#8221;https:\/\/edugraal.eu\/wp-content\/uploads\/2023\/02\/MISTERY-TOUR_LOGO.jpg&#8221; _builder_version=&#8221;4.19.4&#8243; _module_preset=&#8221;1d025102-1481-45ff-b094-1f7f0318df63&#8243; link_option_url_new_window=&#8221;on&#8221; global_colors_info=&#8221;{}&#8221;]<\/p>\n<p style=\"text-align: center;\"><strong>Olaszorsz\u00e1g<\/strong><\/p>\n<p>A Work in Progress az \u00e9lm\u00e9nyek tervez\u00e9s\u00e9r\u0151l \u00e9s a ter\u00fclet n\u00e9pszer\u0171s\u00edt\u00e9s\u00e9r\u0151l sz\u00f3l. K\u00fcldet\u00e9se olyan interakt\u00edv kultur\u00e1lis \u00e9lm\u00e9nyek tervez\u00e9se \u00e9s l\u00e9trehoz\u00e1sa, amelyek \u00faj m\u00f3dot javasolnak a kultur\u00e1lis \u00f6r\u00f6ks\u00e9g megbecs\u00fcl\u00e9s\u00e9re \u00e9s \u00e9lvez\u00e9s\u00e9re, k\u00fcl\u00f6n\u00f6sen a kev\u00e9sb\u00e9 ismert turisztikai helysz\u00edneken.<br \/>Emellett olyan FORMATOKAT tervez \u00e9s val\u00f3s\u00edt meg, amelyek az embereket a bevonz\u00f3, interakt\u00edv \u00e9s mag\u00e1val ragad\u00f3 \u00c9LM\u00c9NYEK V\u00c9DELM\u00c9RE teszik, a j\u00e1t\u00e9kos\u00edt\u00e1s seg\u00edts\u00e9g\u00e9vel a TER\u00dcLET n\u00e9pszer\u0171s\u00edt\u00e9s\u00e9re.<\/p>\n<p>[\/et_pb_blurb][et_pb_button button_url=&#8221;https:\/\/www.misterytour.it\/en\/&#8221; url_new_window=&#8221;on&#8221; button_text=&#8221;WEBOLDAL&#8221; _builder_version=&#8221;4.19.4&#8243; _module_preset=&#8221;723d8466-f149-4185-a947-b6f6f6f5a7ea&#8221; hover_enabled=&#8221;0&#8243; global_colors_info=&#8221;{}&#8221; sticky_enabled=&#8221;0&#8243;][\/et_pb_button][\/et_pb_column][et_pb_column type=&#8221;1_3&#8243; _builder_version=&#8221;4.19.4&#8243; _module_preset=&#8221;default&#8221; global_colors_info=&#8221;{}&#8221;][et_pb_blurb title=&#8221;Colegio S\u00e9neca SCA&#8221; url_new_window=&#8221;on&#8221; image=&#8221;https:\/\/edugraal.eu\/wp-content\/uploads\/2023\/02\/Colegio-Seneca.png&#8221; _builder_version=&#8221;4.19.4&#8243; _module_preset=&#8221;1d025102-1481-45ff-b094-1f7f0318df63&#8243; link_option_url_new_window=&#8221;on&#8221; global_colors_info=&#8221;{}&#8221;]<\/p>\n<p style=\"text-align: center;\"><strong>Spanyolorsz\u00e1g<\/strong><\/p>\n<p>Di\u00e1kjaink 3 \u00e9ves korukban kezdik a Seneca iskol\u00e1t az \u00f3vodai szakaszban, \u00e9s 16 \u00e9ves korukban fejezik be a tank\u00f6telezetts\u00e9get. Ez, valamint a sz\u00e1mos tev\u00e9kenys\u00e9g \u00e9s program, amelyben r\u00e9szt vesz\u00fcnk, azt eredm\u00e9nyezi, hogy di\u00e1kjaink \u00fagy \u00e9rzik, hogy az iskola az otthonuk. Iskol\u00e1nk k\u00e9tnyelv\u0171 oktat\u00e1st k\u00edn\u00e1l a kisgyermekkori, az \u00e1ltal\u00e1nos \u00e9s a k\u00f6z\u00e9piskolai szakaszban.<br \/>Iskol\u00e1nk az \u00d6koiskol\u00e1k Andal\u00faziai H\u00e1l\u00f3zat\u00e1nak tagja, \u00e9s k\u00e9tszer is elnyert\u00fck a GREEN FLAG d\u00edjat, egy nemzetk\u00f6zi program keret\u00e9ben. A sport kulcsfontoss\u00e1g\u00fa elem iskol\u00e1nkban, \u00e9s van egy sportklubunk, a DECORS\u00c9NECA, amely sz\u00e9lesk\u00f6r\u0171 tan\u00f3r\u00e1n k\u00edv\u00fcli tev\u00e9kenys\u00e9gekkel rendelkezik. L\u00e9tfontoss\u00e1g\u00fanak tartjuk az egy\u00fcttm\u0171k\u00f6d\u00e9s sz\u00fcks\u00e9gess\u00e9g\u00e9t, a k\u00fcl\u00f6nb\u00f6z\u0151 oktat\u00e1si szakaszok k\u00f6z\u00f6tti kapcsolatteremt\u00e9st \u00e9s a tan\u00edt\u00e1si munk\u00e1nk folyamatos meg\u00faj\u00edt\u00e1s\u00e1t a k\u00fcl\u00f6nb\u00f6z\u0151 eszk\u00f6z\u00f6k felhaszn\u00e1l\u00e1s\u00e1val<\/p>\n<p>[\/et_pb_blurb][et_pb_button button_url=&#8221;https:\/\/colegioseneca.es\/&#8221; url_new_window=&#8221;on&#8221; button_text=&#8221;WEBOLDAL&#8221; _builder_version=&#8221;4.19.4&#8243; _module_preset=&#8221;723d8466-f149-4185-a947-b6f6f6f5a7ea&#8221; hover_enabled=&#8221;0&#8243; global_colors_info=&#8221;{}&#8221; sticky_enabled=&#8221;0&#8243;][\/et_pb_button][\/et_pb_column][\/et_pb_row][\/et_pb_section]<\/p>\n","protected":false},"excerpt":{"rendered":"<p>PartnerekMagyar A Les Apprimeurs egy francia v\u00e1llalat, amely az oktat\u00e1s, a kult\u00fara \u00e9s a k\u00e9pz\u00e9s \u00e1gazatai sz\u00e1m\u00e1ra szem\u00e9lyre szabott digit\u00e1lis megold\u00e1sok l\u00e9trehoz\u00e1s\u00e1ra szakosodott. Az\u00e9rt dolgozunk, hogy el\u0151mozd\u00edtsuk az alap- \u00e9s transzverz\u00e1lis k\u00e9szs\u00e9geket \u00e9s a tud\u00e1shoz val\u00f3 hozz\u00e1f\u00e9r\u00e9st mindenki sz\u00e1m\u00e1ra tanfolyamok, workshopok, interakt\u00edv e-k\u00f6nyvek \u00e9s fel\u00fcletfejleszt\u00e9s r\u00e9v\u00e9nBelgium A Logospycom egy oktat\u00e1si innov\u00e1ci\u00f3s k\u00f6zpont, amely alternat\u00edv (digit\u00e1lis [&hellip;]<\/p>\n","protected":false},"author":1,"featured_media":0,"parent":0,"menu_order":0,"comment_status":"closed","ping_status":"closed","template":"","meta":{"_acf_changed":false,"_et_pb_use_builder":"on","_et_pb_old_content":"","_et_gb_content_width":"","footnotes":""},"acf":[],"_links":{"self":[{"href":"https:\/\/edugraal.eu\/hu\/wp-json\/wp\/v2\/pages\/847"}],"collection":[{"href":"https:\/\/edugraal.eu\/hu\/wp-json\/wp\/v2\/pages"}],"about":[{"href":"https:\/\/edugraal.eu\/hu\/wp-json\/wp\/v2\/types\/page"}],"author":[{"embeddable":true,"href":"https:\/\/edugraal.eu\/hu\/wp-json\/wp\/v2\/users\/1"}],"replies":[{"embeddable":true,"href":"https:\/\/edugraal.eu\/hu\/wp-json\/wp\/v2\/comments?post=847"}],"version-history":[{"count":4,"href":"https:\/\/edugraal.eu\/hu\/wp-json\/wp\/v2\/pages\/847\/revisions"}],"predecessor-version":[{"id":867,"href":"https:\/\/edugraal.eu\/hu\/wp-json\/wp\/v2\/pages\/847\/revisions\/867"}],"wp:attachment":[{"href":"https:\/\/edugraal.eu\/hu\/wp-json\/wp\/v2\/media?parent=847"}],"curies":[{"name":"wp","href":"https:\/\/api.w.org\/{rel}","templated":true}]}}