{"id":546,"date":"2022-12-20T11:44:36","date_gmt":"2022-12-20T09:44:36","guid":{"rendered":"https:\/\/edugraal.eu\/il-progetto\/"},"modified":"2024-05-30T11:07:13","modified_gmt":"2024-05-30T09:07:13","slug":"il-progetto","status":"publish","type":"page","link":"https:\/\/edugraal.eu\/it\/il-progetto\/","title":{"rendered":"Il progetto"},"content":{"rendered":"<p>[et_pb_section fb_built=&#8221;1&#8243; _builder_version=&#8221;4.19.4&#8243; _module_preset=&#8221;default&#8221; background_image=&#8221;https:\/\/edugraal.eu\/wp-content\/uploads\/2023\/03\/headerBG.png&#8221; background_position=&#8221;bottom_center&#8221; background_vertical_offset=&#8221;0%&#8221; height=&#8221;150px&#8221; custom_padding=&#8221;0px||0px||false|false&#8221; global_colors_info=&#8221;{}&#8221;][\/et_pb_section][et_pb_section fb_built=&#8221;1&#8243; _builder_version=&#8221;4.19.4&#8243; _module_preset=&#8221;default&#8221; custom_padding=&#8221;10px||10px||false|false&#8221; locked=&#8221;off&#8221; global_colors_info=&#8221;{}&#8221;][et_pb_row _builder_version=&#8221;4.19.4&#8243; _module_preset=&#8221;default&#8221; global_colors_info=&#8221;{}&#8221;][et_pb_column type=&#8221;4_4&#8243; _builder_version=&#8221;4.19.4&#8243; _module_preset=&#8221;default&#8221; global_colors_info=&#8221;{}&#8221;][et_pb_code _builder_version=&#8221;4.19.4&#8243; _module_preset=&#8221;default&#8221; text_orientation=&#8221;center&#8221; locked=&#8221;off&#8221; global_colors_info=&#8221;{}&#8221;]<svg xmlns=\"http:\/\/www.w3.org\/2000\/svg\" xmlns:xlink=\"http:\/\/www.w3.org\/1999\/xlink\" width=\"200px\" height=\"\" viewbox=\"0 0 182.238 146.095\"><!-- [et_pb_line_break_holder] -->  <defs><!-- [et_pb_line_break_holder] -->    <lineargradient id=\"linear-gradient\" x1=\"0.5\" y1=\"1\" x2=\"0.5\" gradientunits=\"objectBoundingBox\"><!-- [et_pb_line_break_holder] -->      <stop offset=\"0.201\" stop-color=\"#fc9f0d\"><\/stop><!-- [et_pb_line_break_holder] -->      <stop offset=\"0.801\" stop-color=\"#c8005c\"><\/stop><!-- [et_pb_line_break_holder] -->    <\/lineargradient><!-- [et_pb_line_break_holder] -->  <\/defs><!-- [et_pb_line_break_holder] -->  <path id=\"Trac\u00e9_11\" data-name=\"Trac\u00e9 11\" d=\"M121.157,233.287v2.538h0a68.218,68.218,0,0,1-68.346-68.2V134.353H30.038L70.071,89.729,110.1,134.353H87.319v30.01q0,16.445,9.406,26.561a30.6,30.6,0,0,0,16.29,9.245c-.018,1.171-.064,2.287.023,3.392a8.472,8.472,0,0,0,5.466,7.557.874.874,0,0,1,.609,1.161,13.879,13.879,0,0,1-4.729,8.419,14.088,14.088,0,0,1-9.447,3.353,8.289,8.289,0,0,0-7.756,4.7,65.569,65.569,0,0,0,23.978,4.532Zm68.336-98.934h22.783L172.243,89.729l-40.032,44.624h22.782v30.01q0,16.445-9.228,26.561A29.834,29.834,0,0,1,130.7,199.96a35.455,35.455,0,0,1-.374,4.982,8.216,8.216,0,0,1-5.314,6.215.765.765,0,0,0-.578.963,13.405,13.405,0,0,0,13.094,11.924,8.264,8.264,0,0,1,7.62,4.7,65.57,65.57,0,0,1-24,4.539v2.538a68.218,68.218,0,0,0,68.346-68.2V134.353Z\" transform=\"translate(-30.038 -89.729)\" fill=\"url(#linear-gradient)\"><\/path><!-- [et_pb_line_break_holder] --><\/svg><!-- [et_pb_line_break_holder] -->[\/et_pb_code][et_pb_text _builder_version=&#8221;4.19.4&#8243; _module_preset=&#8221;20cc6843-f2a2-4bb1-884f-c0ad8ab929d9&#8243; header_text_align=&#8221;center&#8221; max_width=&#8221;800px&#8221; module_alignment=&#8221;center&#8221; global_colors_info=&#8221;{}&#8221;]<\/p>\n<h1 style=\"text-align: center;\"><span>Il progetto<\/span><\/h1>\n<p style=\"text-align: center;\"><span style=\"font-size: medium;\">I compiti a casa sono una pietra miliare dei diversi sistemi scolastici in Europa.<\/span><br \/><span style=\"font-size: medium;\">Sebbene se ne evidenzino spesso gli effetti positivi, se ne segnalano anche possibili ridimensionamenti, richiamando l&#8217;attenzione sulle \u201cstanchezze fisiche ed emotive che alimentano atteggiamenti negativi nei confronti dell&#8217;apprendimento e limitano il tempo libero\u201d.<\/span><\/p>\n<p>&nbsp;<\/p>\n<p>Pensando a questo, il progetto EduGraal mira ad adottare un approccio innovativo per quanto riguarda i compiti a casa, al fine di ottenere i seguenti risultati:<\/p>\n<ol>\n<li>Aumentare i risultati scolastici degli studenti e l&#8217;impegno a scuola, migliorando l&#8217;efficienza e il coinvolgimento nei compiti attraverso tecniche di ludicizzazione e narrazione applicate ai compiti.<\/li>\n<li>Incoraggiare lo sviluppo delle competenze di base promuovendo una collaborazione interdisciplinare all&#8217;interno delle stesse avventure, durante il ripasso degli argomenti STEAM del programma.<\/li>\n<li>Garantire l&#8217;inclusione attraverso il metodo e gli strumenti sviluppati attraverso un formato meno stressante che si baser\u00e0 su una variet\u00e0 di abilit\u00e0 e applicazioni per raggiungere le fasi successive dell&#8217;avventura dei compiti a casa.<\/li>\n<li>Prodotti intellettuali:<\/li>\n<\/ol>\n<p>[\/et_pb_text][\/et_pb_column][\/et_pb_row][et_pb_row column_structure=&#8221;1_2,1_2&#8243; _builder_version=&#8221;4.19.4&#8243; _module_preset=&#8221;default&#8221; global_colors_info=&#8221;{}&#8221;][et_pb_column type=&#8221;1_2&#8243; _builder_version=&#8221;4.19.4&#8243; _module_preset=&#8221;default&#8221; global_colors_info=&#8221;{}&#8221;][et_pb_blurb title=&#8221;19 avventure per i compiti pronte all&apos;uso&#8221; image=&#8221;https:\/\/edugraal.eu\/wp-content\/uploads\/2023\/02\/Image-9.png&#8221; image_icon_width=&#8221;90%&#8221; _builder_version=&#8221;4.19.4&#8243; _dynamic_attributes=&#8221;link_option_url&#8221; _module_preset=&#8221;default&#8221; header_level=&#8221;h2&#8243; header_font=&#8221;Poppins||||||||&#8221; header_text_color=&#8221;gcid-9d23098f-b75f-42c6-9ab2-afa0c8c13c53&#8243; header_font_size=&#8221;1.6em&#8221; header_line_height=&#8221;1.4em&#8221; body_font=&#8221;Poppins||||||||&#8221; body_font_size=&#8221;1.2em&#8221; text_orientation=&#8221;center&#8221; link_option_url=&#8221;@ET-DC@eyJkeW5hbWljIjp0cnVlLCJjb250ZW50IjoicG9zdF9saW5rX3VybF9wYWdlIiwic2V0dGluZ3MiOnsicG9zdF9pZCI6IjQ4In19@&#8221; global_colors_info=&#8221;{%22gcid-9d23098f-b75f-42c6-9ab2-afa0c8c13c53%22:%91%22header_text_color%22%93}&#8221;]<\/p>\n<p style=\"text-align: left;\">19 compiti di avventura pronti all&#8217;uso disponibili in formato cartaceo e digitale, che affrontano i diversi argomenti STEAM e si rivolgono a varie fasce d&#8217;et\u00e0 (dai 10 ai 15 anni).<\/p>\n<p>[\/et_pb_blurb][et_pb_blurb title=&#8221;Un database di strumenti pedagogici&#8221; image=&#8221;https:\/\/edugraal.eu\/wp-content\/uploads\/2023\/03\/toolbox-icon.png&#8221; image_icon_width=&#8221;75%&#8221; _builder_version=&#8221;4.20.4&#8243; _dynamic_attributes=&#8221;link_option_url&#8221; _module_preset=&#8221;default&#8221; header_level=&#8221;h2&#8243; header_font=&#8221;Poppins||||||||&#8221; header_text_color=&#8221;gcid-9d23098f-b75f-42c6-9ab2-afa0c8c13c53&#8243; header_font_size=&#8221;1.6em&#8221; header_line_height=&#8221;1.4em&#8221; body_font=&#8221;Poppins||||||||&#8221; body_font_size=&#8221;1.2em&#8221; text_orientation=&#8221;center&#8221; link_option_url=&#8221;@ET-DC@eyJkeW5hbWljIjp0cnVlLCJjb250ZW50IjoicG9zdF9saW5rX3VybF9wYWdlIiwic2V0dGluZ3MiOnsicG9zdF9pZCI6IjUyIn19@&#8221; global_colors_info=&#8221;{%22gcid-9d23098f-b75f-42c6-9ab2-afa0c8c13c53%22:%91%22header_text_color%22%93}&#8221;]<\/p>\n<p style=\"text-align: left;\">Pi\u00f9 di 100 risorse raccolte in un database di strumenti pedagogici che ti fornisce risorse utili come suggerimenti, tutorial e linee guida su storytelling, ludicizzazione e scrittura.<\/p>\n<p>[\/et_pb_blurb][\/et_pb_column][et_pb_column type=&#8221;1_2&#8243; _builder_version=&#8221;4.19.4&#8243; _module_preset=&#8221;default&#8221; global_colors_info=&#8221;{}&#8221;][et_pb_blurb title=&#8221;Corso di E-Learning&#8221; image=&#8221;https:\/\/edugraal.eu\/wp-content\/uploads\/2023\/02\/Image-10.png&#8221; image_icon_width=&#8221;70%&#8221; _builder_version=&#8221;4.19.4&#8243; _dynamic_attributes=&#8221;link_option_url&#8221; _module_preset=&#8221;default&#8221; header_level=&#8221;h2&#8243; header_font=&#8221;Poppins||||||||&#8221; header_text_color=&#8221;gcid-9d23098f-b75f-42c6-9ab2-afa0c8c13c53&#8243; header_font_size=&#8221;1.6em&#8221; header_line_height=&#8221;1.4em&#8221; body_font=&#8221;Poppins||||||||&#8221; body_font_size=&#8221;1.2em&#8221; text_orientation=&#8221;center&#8221; link_option_url=&#8221;@ET-DC@eyJkeW5hbWljIjp0cnVlLCJjb250ZW50IjoicG9zdF9saW5rX3VybF9wYWdlIiwic2V0dGluZ3MiOnsicG9zdF9pZCI6IjUwIn19@&#8221; global_colors_info=&#8221;{%22gcid-9d23098f-b75f-42c6-9ab2-afa0c8c13c53%22:%91%22header_text_color%22%93}&#8221;]<\/p>\n<p style=\"text-align: left;\">Un modulo e-learning per familiarizzare con i concetti di gamification e apprendimento gamificato. Questo corso ti allena anche a creare le tue avventure per i compiti a casa, garantendo inclusione e materiali coinvolgenti al fine di aumentare l&#8217;apprendimento dei tuoi alunni. <\/p>\n<p>[\/et_pb_blurb][et_pb_blurb title=&#8221;Guida all&apos;implementazione&#8221; image=&#8221;https:\/\/edugraal.eu\/wp-content\/uploads\/2023\/02\/Image-11.png&#8221; image_icon_width=&#8221;53%&#8221; _builder_version=&#8221;4.20.4&#8243; _dynamic_attributes=&#8221;link_option_url&#8221; _module_preset=&#8221;default&#8221; header_level=&#8221;h2&#8243; header_font=&#8221;Poppins||||||||&#8221; header_text_color=&#8221;gcid-9d23098f-b75f-42c6-9ab2-afa0c8c13c53&#8243; header_font_size=&#8221;1.6em&#8221; header_line_height=&#8221;1.4em&#8221; body_font=&#8221;Poppins||||||||&#8221; body_font_size=&#8221;1.2em&#8221; text_orientation=&#8221;center&#8221; link_option_url=&#8221;@ET-DC@eyJkeW5hbWljIjp0cnVlLCJjb250ZW50IjoicG9zdF9saW5rX3VybF9wYWdlIiwic2V0dGluZ3MiOnsicG9zdF9pZCI6IjU0In19@&#8221; global_colors_info=&#8221;{%22gcid-9d23098f-b75f-42c6-9ab2-afa0c8c13c53%22:%91%22header_text_color%22%93}&#8221;]<\/p>\n<p style=\"text-align: left;\">1 guida all&#8217;implementazione con buone pratiche ed esperienze per rispondere a possibili domande su regole, frequenza, metodo di distribuzione e sistema di consegna dei compiti gamificati.<\/p>\n<p>[\/et_pb_blurb][\/et_pb_column][\/et_pb_row][et_pb_row _builder_version=&#8221;4.19.4&#8243; _module_preset=&#8221;default&#8221; global_colors_info=&#8221;{}&#8221;][et_pb_column type=&#8221;4_4&#8243; _builder_version=&#8221;4.19.4&#8243; _module_preset=&#8221;default&#8221; global_colors_info=&#8221;{}&#8221;][et_pb_text _builder_version=&#8221;4.19.4&#8243; _module_preset=&#8221;20cc6843-f2a2-4bb1-884f-c0ad8ab929d9&#8243; header_text_align=&#8221;center&#8221; max_width=&#8221;800px&#8221; module_alignment=&#8221;center&#8221; global_colors_info=&#8221;{}&#8221;]<\/p>\n<p style=\"text-align: center;\"><span style=\"font-size: medium;\">L&#8217;obiettivo centrale del progetto \u00e8 fornire agli insegnanti strumenti adeguati come soluzione alternativa e innovativa per i compiti a casa. Inoltre, si mira a valorizzare l&#8217;apprendimento positivo, come metodo per supportare la motivazione e l&#8217;impegno dello studente ed aumentare i benefici dei compiti a casa. <\/span><\/p>\n<p>&nbsp;<\/p>\n<p style=\"text-align: center;\">Durata del progetto: 01\/12\/2021 \u2013 31\/05\/2024<br \/>Numero progetto: 2021-1-FR01-KA220-SCH-000029741<\/p>\n<p>[\/et_pb_text][\/et_pb_column][\/et_pb_row][\/et_pb_section]<\/p>\n","protected":false},"excerpt":{"rendered":"<p>Il progetto I compiti a casa sono una pietra miliare dei diversi sistemi scolastici in Europa.Sebbene se ne evidenzino spesso gli effetti positivi, se ne segnalano anche possibili ridimensionamenti, richiamando l&#8217;attenzione sulle \u201cstanchezze fisiche ed emotive che alimentano atteggiamenti negativi nei confronti dell&#8217;apprendimento e limitano il tempo libero\u201d. &nbsp; Pensando a questo, il progetto EduGraal [&hellip;]<\/p>\n","protected":false},"author":1,"featured_media":0,"parent":0,"menu_order":0,"comment_status":"closed","ping_status":"closed","template":"","meta":{"_acf_changed":false,"_et_pb_use_builder":"on","_et_pb_old_content":"","_et_gb_content_width":"","footnotes":""},"acf":[],"_links":{"self":[{"href":"https:\/\/edugraal.eu\/it\/wp-json\/wp\/v2\/pages\/546"}],"collection":[{"href":"https:\/\/edugraal.eu\/it\/wp-json\/wp\/v2\/pages"}],"about":[{"href":"https:\/\/edugraal.eu\/it\/wp-json\/wp\/v2\/types\/page"}],"author":[{"embeddable":true,"href":"https:\/\/edugraal.eu\/it\/wp-json\/wp\/v2\/users\/1"}],"replies":[{"embeddable":true,"href":"https:\/\/edugraal.eu\/it\/wp-json\/wp\/v2\/comments?post=546"}],"version-history":[{"count":27,"href":"https:\/\/edugraal.eu\/it\/wp-json\/wp\/v2\/pages\/546\/revisions"}],"predecessor-version":[{"id":11985,"href":"https:\/\/edugraal.eu\/it\/wp-json\/wp\/v2\/pages\/546\/revisions\/11985"}],"wp:attachment":[{"href":"https:\/\/edugraal.eu\/it\/wp-json\/wp\/v2\/media?parent=546"}],"curies":[{"name":"wp","href":"https:\/\/api.w.org\/{rel}","templated":true}]}}