{"id":850,"date":"2022-12-20T11:47:24","date_gmt":"2022-12-20T09:47:24","guid":{"rendered":"https:\/\/edugraal.eu\/partner\/"},"modified":"2023-03-30T18:08:41","modified_gmt":"2023-03-30T16:08:41","slug":"partner","status":"publish","type":"page","link":"https:\/\/edugraal.eu\/it\/partner\/","title":{"rendered":"Partner"},"content":{"rendered":"<p>[et_pb_section fb_built=&#8221;1&#8243; _builder_version=&#8221;4.19.4&#8243; _module_preset=&#8221;default&#8221; background_image=&#8221;https:\/\/edugraal.eu\/wp-content\/uploads\/2023\/03\/headerBG.png&#8221; background_position=&#8221;bottom_center&#8221; background_vertical_offset=&#8221;0%&#8221; height=&#8221;150px&#8221; custom_padding=&#8221;0px||0px||false|false&#8221; locked=&#8221;off&#8221; global_colors_info=&#8221;{}&#8221;][\/et_pb_section][et_pb_section fb_built=&#8221;1&#8243; _builder_version=&#8221;4.19.4&#8243; _module_preset=&#8221;default&#8221; custom_padding=&#8221;10px||10px||false|false&#8221; locked=&#8221;off&#8221; global_colors_info=&#8221;{}&#8221;][et_pb_row _builder_version=&#8221;4.19.4&#8243; _module_preset=&#8221;default&#8221; global_colors_info=&#8221;{}&#8221;][et_pb_column type=&#8221;4_4&#8243; _builder_version=&#8221;4.19.4&#8243; _module_preset=&#8221;default&#8221; global_colors_info=&#8221;{}&#8221;][et_pb_text _builder_version=&#8221;4.19.4&#8243; _module_preset=&#8221;20cc6843-f2a2-4bb1-884f-c0ad8ab929d9&#8243; header_text_align=&#8221;center&#8221; max_width=&#8221;800px&#8221; module_alignment=&#8221;center&#8221; global_colors_info=&#8221;{}&#8221;]<\/p>\n<h1 style=\"text-align: center;\"><span>Partner<\/span><\/h1>\n<p>[\/et_pb_text][\/et_pb_column][\/et_pb_row][et_pb_row column_structure=&#8221;1_3,1_3,1_3&#8243; _builder_version=&#8221;4.19.4&#8243; _module_preset=&#8221;default&#8221; global_colors_info=&#8221;{}&#8221;][et_pb_column type=&#8221;1_3&#8243; _builder_version=&#8221;4.19.4&#8243; _module_preset=&#8221;default&#8221; global_colors_info=&#8221;{}&#8221;][et_pb_blurb title=&#8221;Les Apprimeurs&#8221; url_new_window=&#8221;on&#8221; image=&#8221;https:\/\/edugraal.eu\/wp-content\/uploads\/2023\/02\/Logo_Apprimeurs_bleu.png&#8221; _builder_version=&#8221;4.19.4&#8243; _module_preset=&#8221;1d025102-1481-45ff-b094-1f7f0318df63&#8243; link_option_url_new_window=&#8221;on&#8221; global_colors_info=&#8221;{}&#8221;]<\/p>\n<p style=\"text-align: center;\"><strong>Francia<\/strong><\/p>\n<p>Les Apprimeurs \u00e8 un&#8217;azienda francese specializzata nella creazione di soluzioni digitali su misura per i settori dell&#8217;istruzione, della cultura e della formazione. Lavoriamo per promuovere competenze di base e trasversali e accesso alla conoscenza per tutti attraverso corsi di formazione, workshop, ebook interattivi e sviluppo di piattaforme.<\/p>\n<p>[\/et_pb_blurb][et_pb_button button_url=&#8221;https:\/\/lesapprimeurs.com\/&#8221; url_new_window=&#8221;on&#8221; button_text=&#8221;SITO INTERNET&#8221; _builder_version=&#8221;4.19.4&#8243; _module_preset=&#8221;723d8466-f149-4185-a947-b6f6f6f5a7ea&#8221; hover_enabled=&#8221;0&#8243; global_colors_info=&#8221;{}&#8221; sticky_enabled=&#8221;0&#8243;][\/et_pb_button][\/et_pb_column][et_pb_column type=&#8221;1_3&#8243; _builder_version=&#8221;4.19.4&#8243; _module_preset=&#8221;default&#8221; global_colors_info=&#8221;{}&#8221;][et_pb_blurb title=&#8221;Logopsycom&#8221; url_new_window=&#8221;on&#8221; image=&#8221;https:\/\/edugraal.eu\/wp-content\/uploads\/2023\/03\/logopsycom.png&#8221; alt=&#8221;Logopsycom&#8221; _builder_version=&#8221;4.19.4&#8243; _module_preset=&#8221;1d025102-1481-45ff-b094-1f7f0318df63&#8243; link_option_url_new_window=&#8221;on&#8221; global_colors_info=&#8221;{}&#8221;]<\/p>\n<p style=\"text-align: center;\"><strong>Belgio<\/strong><\/p>\n<p>Logospycom \u00e8 un centro di innovazione educativa che crea e utilizza metodi o strumenti alternativi (digitali e non) per accompagnare scuole, centri di formazione professionale, organizzazioni educative, giovani e genitori.<br \/>Nasce inizialmente come azienda specializzata nei disturbi dell&#8217;apprendimento tra i giovani, come i \u201cDis\u201d (Disprassia, Disfasia, Dislessia, ecc.), detti anche Disturbi Specifici dell&#8217;Apprendimento (DSA). Lavora quindi sempre sull&#8217;accessibilit\u00e0 dei contenuti e sull&#8217;inclusione.<br \/>Attualmente gestisce o lavora su oltre 30 progetti Erasmus+KA2, trattando diversi argomenti: inclusione e coinvolgimento, consapevolezza delle disabilit\u00e0 e dei disturbi dell&#8217;apprendimento, chatbot, STEAM, ecc.<\/p>\n<p>[\/et_pb_blurb][et_pb_button button_url=&#8221;https:\/\/logopsycom.com\/&#8221; url_new_window=&#8221;on&#8221; button_text=&#8221;SITO INTERNET&#8221; _builder_version=&#8221;4.19.4&#8243; _module_preset=&#8221;723d8466-f149-4185-a947-b6f6f6f5a7ea&#8221; hover_enabled=&#8221;0&#8243; global_colors_info=&#8221;{}&#8221; sticky_enabled=&#8221;0&#8243;][\/et_pb_button][\/et_pb_column][et_pb_column type=&#8221;1_3&#8243; _builder_version=&#8221;4.19.4&#8243; _module_preset=&#8221;default&#8221; global_colors_info=&#8221;{}&#8221;][et_pb_blurb title=&#8221;Colegiul National \u00abK\u00f6lcsey Ferenc\u00bb&#8221; url_new_window=&#8221;on&#8221; image=&#8221;https:\/\/edugraal.eu\/wp-content\/uploads\/2023\/02\/logo_kolcsey.png&#8221; _builder_version=&#8221;4.19.4&#8243; _module_preset=&#8221;1d025102-1481-45ff-b094-1f7f0318df63&#8243; link_option_url_new_window=&#8221;on&#8221; global_colors_info=&#8221;{}&#8221;]<\/p>\n<p style=\"text-align: center;\"><strong>Romania<\/strong><\/p>\n<p>Colegiul National &#8220;K\u00f6lcsey Ferenc&#8221; Satu Mare in Romania \u00e8 una scuola per la minoranza ungherese, che offre agli studenti ungheresi l&#8217;opportunit\u00e0 di ricevere un&#8217;istruzione nella propria lingua madre e nello spirito della cultura ungherese, ma ponendo l&#8217;accento anche sulla cultura rumena circostante.<br \/>Accoglie studenti dai 3 ai 19 anni, dalla scuola materna allo formazione superiore.<br \/>Siamo orgogliosi di essere una delle scuole di successo e innovative della regione che combina tradizione e modernit\u00e0, concentrandosi sul curriculum ma anche di mentalit\u00e0 aperta, fornendo un&#8217;istruzione che forma studenti pronti ad affrontare le sfide. Prepariamo i nostri alunni per l&#8217;esame di maturit\u00e0 e per l&#8217;apprendimento permanente.<br \/>Il nostro profilo di scuola superiore si distingue nell&#8217;insegnamento di matematica, informatica, biologia, lingue (inglese, tedesco e francese) e scienze sociali.<\/p>\n<p>[\/et_pb_blurb][et_pb_button button_url=&#8221;http:\/\/www.kolcsey.ro\/&#8221; url_new_window=&#8221;on&#8221; button_text=&#8221;SITO INTERNET&#8221; _builder_version=&#8221;4.19.4&#8243; _module_preset=&#8221;723d8466-f149-4185-a947-b6f6f6f5a7ea&#8221; hover_enabled=&#8221;0&#8243; global_colors_info=&#8221;{}&#8221; sticky_enabled=&#8221;0&#8243;][\/et_pb_button][\/et_pb_column][\/et_pb_row][et_pb_row column_structure=&#8221;1_3,1_3,1_3&#8243; _builder_version=&#8221;4.19.4&#8243; _module_preset=&#8221;default&#8221; global_colors_info=&#8221;{}&#8221;][et_pb_column type=&#8221;1_3&#8243; _builder_version=&#8221;4.19.4&#8243; _module_preset=&#8221;default&#8221; global_colors_info=&#8221;{}&#8221;][et_pb_blurb title=&#8221;3rd Gymnasium of Larissa&#8221; url_new_window=&#8221;on&#8221; image=&#8221;https:\/\/edugraal.eu\/wp-content\/uploads\/2023\/02\/logo-3rd-Gynnasium.png&#8221; _builder_version=&#8221;4.19.4&#8243; _module_preset=&#8221;1d025102-1481-45ff-b094-1f7f0318df63&#8243; link_option_url_new_window=&#8221;on&#8221; global_colors_info=&#8221;{}&#8221;]<\/p>\n<p style=\"text-align: center;\"><strong>Grecia<\/strong><\/p>\n<p>Il 3\u00b0 Ginnasio di Larissa \u00e8 una scuola secondaria con 350 studenti dai 12 ai 15 anni e 35 insegnanti. La scuola media inferiore \u00e8 obbligatoria e agli studenti vengono insegnate matematica, scienze, chimica, biologia, letteratura e lingua greca antica e moderna, storia, geografia, cittadinanza, tecnologia alimentare, arte, musica, educazione fisica, educazione informatica, inglese, francese e tedesco. I bambini e ragazzi del vicino campo profughi frequentano lezioni serali di matematica, lingua greca e inglese.<br \/>Gli studenti imparano due lingue straniere e alcuni di loro sostengono esami per l&#8217;acquisizione del livello A2 in francese. Acquisiscono anche competenze informatiche di base. Inoltre, sono in corso progetti culturali, ambientali, di educazione alla salute e programmi Erasmus+, a livello locale, regionale ed europeo. Oltre a ci\u00f2, durante tutto l&#8217;anno vengono organizzati progetti, conferenze e workshop su diversi argomenti da insegnanti ed esperti di organizzazioni con cui la scuola collabora.<\/p>\n<p>[\/et_pb_blurb][et_pb_button button_url=&#8221;https:\/\/3gymlar.com\/&#8221; url_new_window=&#8221;on&#8221; button_text=&#8221;SITO INTERNET&#8221; _builder_version=&#8221;4.19.4&#8243; _module_preset=&#8221;723d8466-f149-4185-a947-b6f6f6f5a7ea&#8221; hover_enabled=&#8221;0&#8243; global_colors_info=&#8221;{}&#8221; sticky_enabled=&#8221;0&#8243;][\/et_pb_button][\/et_pb_column][et_pb_column type=&#8221;1_3&#8243; _builder_version=&#8221;4.19.4&#8243; _module_preset=&#8221;default&#8221; global_colors_info=&#8221;{}&#8221;][et_pb_blurb title=&#8221;Work in progress&#8221; url_new_window=&#8221;on&#8221; image=&#8221;https:\/\/edugraal.eu\/wp-content\/uploads\/2023\/02\/MISTERY-TOUR_LOGO.jpg&#8221; _builder_version=&#8221;4.19.4&#8243; _module_preset=&#8221;1d025102-1481-45ff-b094-1f7f0318df63&#8243; link_option_url_new_window=&#8221;on&#8221; global_colors_info=&#8221;{}&#8221;]<\/p>\n<p style=\"text-align: center;\"><strong>Italia<\/strong><\/p>\n<p>Work in Progress si occupa della progettazione di esperienze e della promozione del territorio. La sua missione \u00e8 progettare e creare esperienze culturali interattive che propongano un nuovo modo di valorizzare e fruire il patrimonio culturale, in particolare nelle DESTINAZIONI TURISTICHE MENO CONOSCIUTE.<br \/>Inoltre, progetta e realizza FORMAT che rendono le persone PROTAGONISTE di ESPERIENZE coinvolgenti, interattive e immersive, utilizzando la gamification per promuovere il TERRITORIO e le sue risorse.<\/p>\n<p>[\/et_pb_blurb][et_pb_button button_url=&#8221;https:\/\/www.misterytour.it\/en\/&#8221; url_new_window=&#8221;on&#8221; button_text=&#8221;SITO INTERNET&#8221; _builder_version=&#8221;4.19.4&#8243; _module_preset=&#8221;723d8466-f149-4185-a947-b6f6f6f5a7ea&#8221; hover_enabled=&#8221;0&#8243; global_colors_info=&#8221;{}&#8221; sticky_enabled=&#8221;0&#8243;][\/et_pb_button][\/et_pb_column][et_pb_column type=&#8221;1_3&#8243; _builder_version=&#8221;4.19.4&#8243; _module_preset=&#8221;default&#8221; global_colors_info=&#8221;{}&#8221;][et_pb_blurb title=&#8221;Colegio S\u00e9neca SCA&#8221; url_new_window=&#8221;on&#8221; image=&#8221;https:\/\/edugraal.eu\/wp-content\/uploads\/2023\/02\/Colegio-Seneca.png&#8221; _builder_version=&#8221;4.19.4&#8243; _module_preset=&#8221;1d025102-1481-45ff-b094-1f7f0318df63&#8243; link_option_url_new_window=&#8221;on&#8221; global_colors_info=&#8221;{}&#8221;]<\/p>\n<p style=\"text-align: center;\"><strong>Spagna<\/strong><\/p>\n<p>I nostri alunni iniziano la loro permanenza alla Seneca School nella fase dell&#8217;infanzia all&#8217;et\u00e0 di 3 anni e completano la scuola dell&#8217;obbligo all&#8217;et\u00e0 di 16 anni. Questo fatto, insieme alla moltitudine di attivit\u00e0 e programmi a cui partecipiamo, aumenta il senso di appartenenza dei nostri studenti ala scuola. La nostra scuola offre istruzione bilingue nelle fasi infantile, primaria e secondaria.<br \/>Fa parte della rete andalusa di eco-scuole e siamo stati premiati due volte con il premio GREEN FLAG, un programma internazionale. Lo sport \u00e8 un elemento chiave nella nostra scuola e abbiamo un club sportivo, DECORS\u00c9NECA, con un vasto programma di attivit\u00e0 extrascolastiche. Riteniamo di vitale importanza la necessit\u00e0 di lavorare in modo cooperativo, di stabilire un contatto tra le diverse fasi educative e di continuare a innovare il nostro lavoro di insegnamento attraverso l&#8217;uso di diverse risorse.<\/p>\n<p>[\/et_pb_blurb][et_pb_button button_url=&#8221;https:\/\/colegioseneca.es\/&#8221; url_new_window=&#8221;on&#8221; button_text=&#8221;SITO INTERNET&#8221; _builder_version=&#8221;4.19.4&#8243; _module_preset=&#8221;723d8466-f149-4185-a947-b6f6f6f5a7ea&#8221; hover_enabled=&#8221;0&#8243; global_colors_info=&#8221;{}&#8221; sticky_enabled=&#8221;0&#8243;][\/et_pb_button][\/et_pb_column][\/et_pb_row][\/et_pb_section]<\/p>\n","protected":false},"excerpt":{"rendered":"<p>PartnerFrancia Les Apprimeurs \u00e8 un&#8217;azienda francese specializzata nella creazione di soluzioni digitali su misura per i settori dell&#8217;istruzione, della cultura e della formazione. Lavoriamo per promuovere competenze di base e trasversali e accesso alla conoscenza per tutti attraverso corsi di formazione, workshop, ebook interattivi e sviluppo di piattaforme.Belgio Logospycom \u00e8 un centro di innovazione educativa [&hellip;]<\/p>\n","protected":false},"author":1,"featured_media":0,"parent":0,"menu_order":0,"comment_status":"closed","ping_status":"closed","template":"","meta":{"_acf_changed":false,"_et_pb_use_builder":"on","_et_pb_old_content":"","_et_gb_content_width":"","footnotes":""},"acf":[],"_links":{"self":[{"href":"https:\/\/edugraal.eu\/it\/wp-json\/wp\/v2\/pages\/850"}],"collection":[{"href":"https:\/\/edugraal.eu\/it\/wp-json\/wp\/v2\/pages"}],"about":[{"href":"https:\/\/edugraal.eu\/it\/wp-json\/wp\/v2\/types\/page"}],"author":[{"embeddable":true,"href":"https:\/\/edugraal.eu\/it\/wp-json\/wp\/v2\/users\/1"}],"replies":[{"embeddable":true,"href":"https:\/\/edugraal.eu\/it\/wp-json\/wp\/v2\/comments?post=850"}],"version-history":[{"count":6,"href":"https:\/\/edugraal.eu\/it\/wp-json\/wp\/v2\/pages\/850\/revisions"}],"predecessor-version":[{"id":878,"href":"https:\/\/edugraal.eu\/it\/wp-json\/wp\/v2\/pages\/850\/revisions\/878"}],"wp:attachment":[{"href":"https:\/\/edugraal.eu\/it\/wp-json\/wp\/v2\/media?parent=850"}],"curies":[{"name":"wp","href":"https:\/\/api.w.org\/{rel}","templated":true}]}}