{"id":1137,"date":"2022-12-20T11:49:32","date_gmt":"2022-12-20T09:49:32","guid":{"rendered":"https:\/\/edugraal.eu\/ghid-de-implementare\/"},"modified":"2024-05-31T16:24:09","modified_gmt":"2024-05-31T14:24:09","slug":"ghid-de-implementare","status":"publish","type":"page","link":"https:\/\/edugraal.eu\/ro\/ghid-de-implementare\/","title":{"rendered":"Ghid de implementare"},"content":{"rendered":"<p>[et_pb_section fb_built=&#8221;1&#8243; _builder_version=&#8221;4.19.4&#8243; _module_preset=&#8221;default&#8221; background_image=&#8221;https:\/\/edugraal.eu\/wp-content\/uploads\/2023\/02\/fond-guide.png&#8221; background_position=&#8221;bottom_center&#8221; background_vertical_offset=&#8221;0%&#8221; custom_padding=&#8221;30px||0px||false|false&#8221; global_colors_info=&#8221;{}&#8221;][et_pb_row column_structure=&#8221;1_2,1_2&#8243; make_equal=&#8221;on&#8221; module_class=&#8221;inverse&#8221; _builder_version=&#8221;4.19.4&#8243; _module_preset=&#8221;default&#8221; custom_padding=&#8221;0px||0px||false|false&#8221; global_colors_info=&#8221;{}&#8221;][et_pb_column type=&#8221;1_2&#8243; _builder_version=&#8221;4.19.4&#8243; _module_preset=&#8221;default&#8221; custom_css_main_element=&#8221;align-self: center;&#8221; global_colors_info=&#8221;{}&#8221;][et_pb_image src=&#8221;https:\/\/edugraal.eu\/wp-content\/uploads\/2023\/02\/Image-11.png&#8221; title_text=&#8221;Image 11&#8243; _builder_version=&#8221;4.19.4&#8243; _module_preset=&#8221;default&#8221; transform_translate_linked=&#8221;off&#8221; width=&#8221;70%&#8221; width_tablet=&#8221;40%&#8221; width_phone=&#8221;60%&#8221; width_last_edited=&#8221;on|desktop&#8221; module_alignment=&#8221;center&#8221; global_colors_info=&#8221;{}&#8221;][\/et_pb_image][\/et_pb_column][et_pb_column type=&#8221;1_2&#8243; _builder_version=&#8221;4.19.4&#8243; _module_preset=&#8221;default&#8221; custom_css_main_element=&#8221;align-self: center;&#8221; global_colors_info=&#8221;{}&#8221;][et_pb_text _builder_version=&#8221;4.19.4&#8243; _module_preset=&#8221;faab4366-2134-4aa8-98f2-5ac7a607b672&#8243; global_colors_info=&#8221;{}&#8221;]<\/p>\n<p style=\"text-align: center;\">Ghid de implementare<br \/><span style=\"font-size: 2.5em;\">\u2304<\/span><\/p>\n<p>[\/et_pb_text][\/et_pb_column][\/et_pb_row][\/et_pb_section][et_pb_section fb_built=&#8221;1&#8243; _builder_version=&#8221;4.19.4&#8243; _module_preset=&#8221;default&#8221; locked=&#8221;off&#8221; global_colors_info=&#8221;{}&#8221;][et_pb_row column_structure=&#8221;1_2,1_2&#8243; _builder_version=&#8221;4.20.4&#8243; _module_preset=&#8221;default&#8221; custom_margin=&#8221;|auto||auto|false|false&#8221; hover_enabled=&#8221;0&#8243; global_colors_info=&#8221;{}&#8221; disabled_on=&#8221;on|on|on&#8221; disabled=&#8221;on&#8221; sticky_enabled=&#8221;0&#8243;][et_pb_column type=&#8221;1_2&#8243; _builder_version=&#8221;4.19.4&#8243; _module_preset=&#8221;default&#8221; global_colors_info=&#8221;{}&#8221;][et_pb_text _builder_version=&#8221;4.20.4&#8243; _module_preset=&#8221;20cc6843-f2a2-4bb1-884f-c0ad8ab929d9&#8243; global_colors_info=&#8221;{}&#8221;]<\/p>\n<p>Conceput ca o colec\u021bie de cele mai bune practici \u0219i experien\u021be, acest ghid v\u0103 va sprijini pe parcursul implement\u0103rii aventurilor dumneavoastr\u0103 \u00een materie de teme pentru acas\u0103.<\/p>\n<p>Acesta v\u0103 va oferi informa\u021bii despre regulile temelor gamificate, frecven\u021ba, sistemul de livrare, sistemul de predare a temelor&#8230;<\/p>\n<p>Cu alte cuvinte, con\u021bine tot ce trebuie s\u0103 \u0219ti\u021bi \u00eenainte de a pune \u00een practic\u0103 \u00eenv\u0103\u021barea gamificat\u0103!<\/p>\n<h1>\u00cen cur\u00e2nd!<\/h1>\n<p>&nbsp;<\/p>\n<p>[\/et_pb_text][\/et_pb_column][et_pb_column type=&#8221;1_2&#8243; _builder_version=&#8221;4.20.4&#8243; _module_preset=&#8221;default&#8221; custom_padding=&#8221;20px|20px|20px|20px|true|true&#8221; global_colors_info=&#8221;{}&#8221;][\/et_pb_column][\/et_pb_row][et_pb_row column_structure=&#8221;1_2,1_2&#8243; disabled_on=&#8221;off|off|off&#8221; _builder_version=&#8221;4.20.4&#8243; _module_preset=&#8221;default&#8221; custom_margin=&#8221;|auto||auto|false|false&#8221; hover_enabled=&#8221;0&#8243; global_colors_info=&#8221;{}&#8221; sticky_enabled=&#8221;0&#8243;][et_pb_column type=&#8221;1_2&#8243; _builder_version=&#8221;4.20.4&#8243; _module_preset=&#8221;default&#8221; custom_padding=&#8221;||||true|true&#8221; hover_enabled=&#8221;0&#8243; global_colors_info=&#8221;{}&#8221; sticky_enabled=&#8221;0&#8243; border_radii=&#8221;on|20px|20px|20px|20px&#8221;][et_pb_text _builder_version=&#8221;4.20.4&#8243; _module_preset=&#8221;20cc6843-f2a2-4bb1-884f-c0ad8ab929d9&#8243; global_colors_info=&#8221;{}&#8221;]<\/p>\n<p>Conceput ca o colec\u021bie de cele mai bune practici \u0219i experien\u021be, acest ghid v\u0103 va sprijini pe parcursul implement\u0103rii aventurilor dumneavoastr\u0103 \u00een materie de teme pentru acas\u0103.<\/p>\n<p>Acesta v\u0103 va oferi informa\u021bii despre regulile temelor gamificate, frecven\u021ba, sistemul de livrare, sistemul de predare a temelor&#8230;<\/p>\n<p>Cu alte cuvinte, con\u021bine tot ce trebuie s\u0103 \u0219ti\u021bi \u00eenainte de a pune \u00een practic\u0103 \u00eenv\u0103\u021barea gamificat\u0103!<\/p>\n<p>&nbsp;<\/p>\n<p>[\/et_pb_text][\/et_pb_column][et_pb_column type=&#8221;1_2&#8243; _builder_version=&#8221;4.20.4&#8243; _module_preset=&#8221;default&#8221; custom_padding=&#8221;20px|20px|20px|20px|true|true&#8221; hover_enabled=&#8221;0&#8243; custom_css_main_element=&#8221;max-width: 350px;&#8221; global_colors_info=&#8221;{}&#8221; sticky_enabled=&#8221;0&#8243; background_color=&#8221;#ffe7cc&#8221; border_radii=&#8221;on|20px|20px|20px|20px&#8221;][et_pb_image src=&#8221;https:\/\/edugraal.eu\/wp-content\/uploads\/2024\/05\/RO_couv.png&#8221; title_text=&#8221;implementation-guide_en&#8221; disabled_on=&#8221;off|off|off&#8221; _builder_version=&#8221;4.20.4&#8243; _module_preset=&#8221;default&#8221; hover_enabled=&#8221;0&#8243; global_colors_info=&#8221;{}&#8221; align=&#8221;center&#8221; sticky_enabled=&#8221;0&#8243;][\/et_pb_image][et_pb_button button_text=&#8221;Desc\u0103rca\u021bi&#8221; disabled_on=&#8221;off|off|off&#8221; _builder_version=&#8221;4.20.4&#8243; _module_preset=&#8221;723d8466-f149-4185-a947-b6f6f6f5a7ea&#8221; custom_margin=&#8221;20px|auto|||false|false&#8221; hover_enabled=&#8221;0&#8243; global_colors_info=&#8221;{}&#8221; sticky_enabled=&#8221;0&#8243; button_url=&#8221;https:\/\/edugraal.eu\/wp-content\/uploads\/2024\/05\/O4.-Implementation-Guide_RO.pdf&#8221; url_new_window=&#8221;on&#8221;][\/et_pb_button][\/et_pb_column][\/et_pb_row][\/et_pb_section]<\/p>\n","protected":false},"excerpt":{"rendered":"<p>Ghid de implementare\u2304Conceput ca o colec\u021bie de cele mai bune practici \u0219i experien\u021be, acest ghid v\u0103 va sprijini pe parcursul implement\u0103rii aventurilor dumneavoastr\u0103 \u00een materie de teme pentru acas\u0103. Acesta v\u0103 va oferi informa\u021bii despre regulile temelor gamificate, frecven\u021ba, sistemul de livrare, sistemul de predare a temelor&#8230; Cu alte cuvinte, con\u021bine tot ce trebuie s\u0103 [&hellip;]<\/p>\n","protected":false},"author":1,"featured_media":0,"parent":0,"menu_order":0,"comment_status":"closed","ping_status":"closed","template":"","meta":{"_acf_changed":false,"_et_pb_use_builder":"on","_et_pb_old_content":"","_et_gb_content_width":"","footnotes":""},"acf":[],"_links":{"self":[{"href":"https:\/\/edugraal.eu\/ro\/wp-json\/wp\/v2\/pages\/1137"}],"collection":[{"href":"https:\/\/edugraal.eu\/ro\/wp-json\/wp\/v2\/pages"}],"about":[{"href":"https:\/\/edugraal.eu\/ro\/wp-json\/wp\/v2\/types\/page"}],"author":[{"embeddable":true,"href":"https:\/\/edugraal.eu\/ro\/wp-json\/wp\/v2\/users\/1"}],"replies":[{"embeddable":true,"href":"https:\/\/edugraal.eu\/ro\/wp-json\/wp\/v2\/comments?post=1137"}],"version-history":[{"count":20,"href":"https:\/\/edugraal.eu\/ro\/wp-json\/wp\/v2\/pages\/1137\/revisions"}],"predecessor-version":[{"id":12319,"href":"https:\/\/edugraal.eu\/ro\/wp-json\/wp\/v2\/pages\/1137\/revisions\/12319"}],"wp:attachment":[{"href":"https:\/\/edugraal.eu\/ro\/wp-json\/wp\/v2\/media?parent=1137"}],"curies":[{"name":"wp","href":"https:\/\/api.w.org\/{rel}","templated":true}]}}