{"id":562,"date":"2022-12-20T11:44:36","date_gmt":"2022-12-20T09:44:36","guid":{"rendered":"https:\/\/edugraal.eu\/despre-poiect\/"},"modified":"2024-05-30T11:09:27","modified_gmt":"2024-05-30T09:09:27","slug":"despre-poiect","status":"publish","type":"page","link":"https:\/\/edugraal.eu\/ro\/despre-poiect\/","title":{"rendered":"Despre Poiect"},"content":{"rendered":"<p>[et_pb_section fb_built=&#8221;1&#8243; _builder_version=&#8221;4.19.4&#8243; _module_preset=&#8221;default&#8221; background_image=&#8221;https:\/\/edugraal.eu\/wp-content\/uploads\/2023\/03\/headerBG.png&#8221; background_position=&#8221;bottom_center&#8221; background_vertical_offset=&#8221;0%&#8221; height=&#8221;150px&#8221; custom_padding=&#8221;0px||0px||false|false&#8221; global_colors_info=&#8221;{}&#8221;][\/et_pb_section][et_pb_section fb_built=&#8221;1&#8243; _builder_version=&#8221;4.19.4&#8243; _module_preset=&#8221;default&#8221; custom_padding=&#8221;10px||10px||false|false&#8221; locked=&#8221;off&#8221; global_colors_info=&#8221;{}&#8221;][et_pb_row _builder_version=&#8221;4.19.4&#8243; _module_preset=&#8221;default&#8221; global_colors_info=&#8221;{}&#8221;][et_pb_column type=&#8221;4_4&#8243; _builder_version=&#8221;4.19.4&#8243; _module_preset=&#8221;default&#8221; global_colors_info=&#8221;{}&#8221;][et_pb_code _builder_version=&#8221;4.19.4&#8243; _module_preset=&#8221;default&#8221; text_orientation=&#8221;center&#8221; locked=&#8221;off&#8221; global_colors_info=&#8221;{}&#8221;]<svg xmlns=\"http:\/\/www.w3.org\/2000\/svg\" xmlns:xlink=\"http:\/\/www.w3.org\/1999\/xlink\" width=\"200px\" height=\"\" viewbox=\"0 0 182.238 146.095\"><!-- [et_pb_line_break_holder] -->  <defs><!-- [et_pb_line_break_holder] -->    <lineargradient id=\"linear-gradient\" x1=\"0.5\" y1=\"1\" x2=\"0.5\" gradientunits=\"objectBoundingBox\"><!-- [et_pb_line_break_holder] -->      <stop offset=\"0.201\" stop-color=\"#fc9f0d\"><\/stop><!-- [et_pb_line_break_holder] -->      <stop offset=\"0.801\" stop-color=\"#c8005c\"><\/stop><!-- [et_pb_line_break_holder] -->    <\/lineargradient><!-- [et_pb_line_break_holder] -->  <\/defs><!-- [et_pb_line_break_holder] -->  <path id=\"Trac\u00e9_11\" data-name=\"Trac\u00e9 11\" d=\"M121.157,233.287v2.538h0a68.218,68.218,0,0,1-68.346-68.2V134.353H30.038L70.071,89.729,110.1,134.353H87.319v30.01q0,16.445,9.406,26.561a30.6,30.6,0,0,0,16.29,9.245c-.018,1.171-.064,2.287.023,3.392a8.472,8.472,0,0,0,5.466,7.557.874.874,0,0,1,.609,1.161,13.879,13.879,0,0,1-4.729,8.419,14.088,14.088,0,0,1-9.447,3.353,8.289,8.289,0,0,0-7.756,4.7,65.569,65.569,0,0,0,23.978,4.532Zm68.336-98.934h22.783L172.243,89.729l-40.032,44.624h22.782v30.01q0,16.445-9.228,26.561A29.834,29.834,0,0,1,130.7,199.96a35.455,35.455,0,0,1-.374,4.982,8.216,8.216,0,0,1-5.314,6.215.765.765,0,0,0-.578.963,13.405,13.405,0,0,0,13.094,11.924,8.264,8.264,0,0,1,7.62,4.7,65.57,65.57,0,0,1-24,4.539v2.538a68.218,68.218,0,0,0,68.346-68.2V134.353Z\" transform=\"translate(-30.038 -89.729)\" fill=\"url(#linear-gradient)\"><\/path><!-- [et_pb_line_break_holder] --><\/svg><!-- [et_pb_line_break_holder] -->[\/et_pb_code][et_pb_text _builder_version=&#8221;4.19.4&#8243; _module_preset=&#8221;20cc6843-f2a2-4bb1-884f-c0ad8ab929d9&#8243; header_text_align=&#8221;center&#8221; max_width=&#8221;800px&#8221; module_alignment=&#8221;center&#8221; global_colors_info=&#8221;{}&#8221;]<\/p>\n<h1 style=\"text-align: center;\"><span>Despre Poiect<\/span><\/h1>\n<p style=\"text-align: center;\"><span style=\"font-size: medium;\">Temele pentru acas\u0103 reprezint\u0103 o piatr\u0103 de temelie a diferitelor sisteme \u0219colare din Europa.<\/span><br \/><span style=\"font-size: medium;\">De\u0219i efectele sale pozitive sunt deseori eviden\u021biate, sunt semnalate \u0219i poten\u021bialele minusuri, atr\u0103g\u00e2ndu-se aten\u021bia asupra &#8220;oboselii fizice \u0219i emo\u021bionale care alimenteaz\u0103 atitudini negative fa\u021b\u0103 de \u00eenv\u0103\u021bare \u0219i limiteaz\u0103 timpul liber&#8221;.<\/span><\/p>\n<p>&nbsp;<\/p>\n<p>Av\u00e2nd \u00een vedere acest lucru, proiectul EduGraal \u00ee\u0219i propune s\u0103 adopte o abordare inovatoare \u00een ceea ce prive\u0219te temele pentru acas\u0103, cu scopul de a ob\u021bine urm\u0103toarele rezultate:<\/p>\n<ol>\n<li>\u00cembun\u0103t\u0103\u021birea performan\u021belor \u0219colare ale elevilor prin cre\u0219terea eficien\u021bei temelor pentru acas\u0103, prin utilizarea tehnicilor de gamificare \u0219i storytelling care \u00eencurajeaz\u0103 participarea activ\u0103 a elevilor la rezolvarea problemelor.<\/li>\n<li>\u00cencurajeaz\u0103 dezvoltarea competen\u021belor de baz\u0103 prin promovarea unei colabor\u0103ri transcurriculare \u00een cadrul acelora\u0219i aventuri, revizuind \u00een acela\u0219i timp subiectele STEAM din curriculum.<\/li>\n<li>S\u0103 ofere o modalitate incluziv\u0103 de \u00eenv\u0103\u021bare \u00eentr-un mod mai pu\u021bin stresant pentru elevi, folosind metode \u0219i instrumente dezvoltate \u00een cadrul proiectului, mobiliz\u00e2nd diferite abilit\u0103\u021bi pentru a rezolva etapele aventurii temelor pentru acas\u0103.<\/li>\n<li>Produse intelectuale:<\/li>\n<\/ol>\n<p>[\/et_pb_text][\/et_pb_column][\/et_pb_row][et_pb_row column_structure=&#8221;1_2,1_2&#8243; _builder_version=&#8221;4.19.4&#8243; _module_preset=&#8221;default&#8221; global_colors_info=&#8221;{}&#8221;][et_pb_column type=&#8221;1_2&#8243; _builder_version=&#8221;4.19.4&#8243; _module_preset=&#8221;default&#8221; global_colors_info=&#8221;{}&#8221;][et_pb_blurb title=&#8221;19 aventuri de teme gata de utilizare&#8221; image=&#8221;https:\/\/edugraal.eu\/wp-content\/uploads\/2023\/02\/Image-9.png&#8221; image_icon_width=&#8221;90%&#8221; _builder_version=&#8221;4.19.4&#8243; _dynamic_attributes=&#8221;link_option_url&#8221; _module_preset=&#8221;default&#8221; header_level=&#8221;h2&#8243; header_font=&#8221;Poppins||||||||&#8221; header_text_color=&#8221;gcid-9d23098f-b75f-42c6-9ab2-afa0c8c13c53&#8243; header_font_size=&#8221;1.6em&#8221; header_line_height=&#8221;1.4em&#8221; body_font=&#8221;Poppins||||||||&#8221; body_font_size=&#8221;1.2em&#8221; text_orientation=&#8221;center&#8221; link_option_url=&#8221;@ET-DC@eyJkeW5hbWljIjp0cnVlLCJjb250ZW50IjoicG9zdF9saW5rX3VybF9wYWdlIiwic2V0dGluZ3MiOnsicG9zdF9pZCI6IjQ4In19@&#8221; global_colors_info=&#8221;{%22gcid-9d23098f-b75f-42c6-9ab2-afa0c8c13c53%22:%91%22header_text_color%22%93}&#8221;]<\/p>\n<p style=\"text-align: left;\">19 aventuri de teme gata de utilizare, disponibile \u00een format tip\u0103rit \u0219i digital, care abordeaz\u0103 diferite subiecte STEAM \u0219i se adreseaz\u0103 diferitelor grupe de v\u00e2rst\u0103 (de la 10 la 15 ani).<\/p>\n<p>[\/et_pb_blurb][et_pb_blurb title=&#8221;Set de instrumente pedagogice&#8221; image=&#8221;https:\/\/edugraal.eu\/wp-content\/uploads\/2023\/03\/toolbox-icon.png&#8221; image_icon_width=&#8221;75%&#8221; _builder_version=&#8221;4.20.4&#8243; _dynamic_attributes=&#8221;link_option_url&#8221; _module_preset=&#8221;default&#8221; header_level=&#8221;h2&#8243; header_font=&#8221;Poppins||||||||&#8221; header_text_color=&#8221;gcid-9d23098f-b75f-42c6-9ab2-afa0c8c13c53&#8243; header_font_size=&#8221;1.6em&#8221; header_line_height=&#8221;1.4em&#8221; body_font=&#8221;Poppins||||||||&#8221; body_font_size=&#8221;1.2em&#8221; text_orientation=&#8221;center&#8221; link_option_url=&#8221;@ET-DC@eyJkeW5hbWljIjp0cnVlLCJjb250ZW50IjoicG9zdF9saW5rX3VybF9wYWdlIiwic2V0dGluZ3MiOnsicG9zdF9pZCI6IjUyIn19@&#8221; global_colors_info=&#8221;{%22gcid-9d23098f-b75f-42c6-9ab2-afa0c8c13c53%22:%91%22header_text_color%22%93}&#8221;]<\/p>\n<p style=\"text-align: left;\">Peste 100 de resurse care v\u0103 ofer\u0103 instrumente utile, sfaturi, tutoriale \u0219i ghiduri privind povestirea, gamificarea \u0219i crearea unor teme de cas\u0103 \u00een form\u0103 de aventur\u0103.<\/p>\n<p>[\/et_pb_blurb][\/et_pb_column][et_pb_column type=&#8221;1_2&#8243; _builder_version=&#8221;4.19.4&#8243; _module_preset=&#8221;default&#8221; global_colors_info=&#8221;{}&#8221;][et_pb_blurb title=&#8221;Cursul e-learning&#8221; image=&#8221;https:\/\/edugraal.eu\/wp-content\/uploads\/2023\/02\/Image-10.png&#8221; image_icon_width=&#8221;70%&#8221; _builder_version=&#8221;4.19.4&#8243; _dynamic_attributes=&#8221;link_option_url&#8221; _module_preset=&#8221;default&#8221; header_level=&#8221;h2&#8243; header_font=&#8221;Poppins||||||||&#8221; header_text_color=&#8221;gcid-9d23098f-b75f-42c6-9ab2-afa0c8c13c53&#8243; header_font_size=&#8221;1.6em&#8221; header_line_height=&#8221;1.4em&#8221; body_font=&#8221;Poppins||||||||&#8221; body_font_size=&#8221;1.2em&#8221; text_orientation=&#8221;center&#8221; link_option_url=&#8221;@ET-DC@eyJkeW5hbWljIjp0cnVlLCJjb250ZW50IjoicG9zdF9saW5rX3VybF9wYWdlIiwic2V0dGluZ3MiOnsicG9zdF9pZCI6IjUwIn19@&#8221; global_colors_info=&#8221;{%22gcid-9d23098f-b75f-42c6-9ab2-afa0c8c13c53%22:%91%22header_text_color%22%93}&#8221;]<\/p>\n<p style=\"text-align: left;\">Un modul de e-learning pentru a v\u0103 familiariza cu conceptele de gamificare \u0219i de \u00eenv\u0103\u021bare gamificat\u0103. De asemenea, acest curs v\u0103 preg\u0103te\u0219te s\u0103 v\u0103 crea\u021bi propriile aventuri pentru teme, asigur\u00e2nd incluziune \u0219i materiale atractive pentru a cre\u0219te gradul de \u00eenv\u0103\u021bare al elevilor. <\/p>\n<p>[\/et_pb_blurb][et_pb_blurb title=&#8221;Un ghid de implementare&#8221; image=&#8221;https:\/\/edugraal.eu\/wp-content\/uploads\/2023\/02\/Image-11.png&#8221; image_icon_width=&#8221;53%&#8221; _builder_version=&#8221;4.20.4&#8243; _dynamic_attributes=&#8221;link_option_url&#8221; _module_preset=&#8221;default&#8221; header_level=&#8221;h2&#8243; header_font=&#8221;Poppins||||||||&#8221; header_text_color=&#8221;gcid-9d23098f-b75f-42c6-9ab2-afa0c8c13c53&#8243; header_font_size=&#8221;1.6em&#8221; header_line_height=&#8221;1.4em&#8221; body_font=&#8221;Poppins||||||||&#8221; body_font_size=&#8221;1.2em&#8221; text_orientation=&#8221;center&#8221; link_option_url=&#8221;@ET-DC@eyJkeW5hbWljIjp0cnVlLCJjb250ZW50IjoicG9zdF9saW5rX3VybF9wYWdlIiwic2V0dGluZ3MiOnsicG9zdF9pZCI6IjU0In19@&#8221; global_colors_info=&#8221;{%22gcid-9d23098f-b75f-42c6-9ab2-afa0c8c13c53%22:%91%22header_text_color%22%93}&#8221;]<\/p>\n<p style=\"text-align: left;\">Un ghid de implementare cu bune practici \u0219i experien\u021be pentru a r\u0103spunde la eventualele \u00eentreb\u0103ri legate de regulile, frecven\u021ba, sistemul de predare a temelor gamificate.<\/p>\n<p>[\/et_pb_blurb][\/et_pb_column][\/et_pb_row][et_pb_row _builder_version=&#8221;4.19.4&#8243; _module_preset=&#8221;default&#8221; global_colors_info=&#8221;{}&#8221;][et_pb_column type=&#8221;4_4&#8243; _builder_version=&#8221;4.19.4&#8243; _module_preset=&#8221;default&#8221; global_colors_info=&#8221;{}&#8221;][et_pb_text _builder_version=&#8221;4.19.4&#8243; _module_preset=&#8221;20cc6843-f2a2-4bb1-884f-c0ad8ab929d9&#8243; header_text_align=&#8221;center&#8221; max_width=&#8221;800px&#8221; module_alignment=&#8221;center&#8221; global_colors_info=&#8221;{}&#8221;]<\/p>\n<p style=\"text-align: center;\"><span style=\"font-size: medium;\">\u00cen centrul acestui proiect se afl\u0103 furnizarea de instrumente adaptate profesorilor, ca solu\u021bie alternativ\u0103 \u0219i inovatoare \u00een ceea ce prive\u0219te temele pentru acas\u0103. Accentuarea importan\u021bei \u00eenv\u0103\u021b\u0103rii pozitive este, de asemenea, unul dintre principalele obiective ale EduGraal, ca o modalitate de a men\u021bine motiva\u021bia \u0219i implicarea elevilor pentru a cre\u0219te beneficiile temelor pentru acas\u0103. <\/span><\/p>\n<p>&nbsp;<\/p>\n<p style=\"text-align: center;\">Durata priectului: 01\/12\/2021 \u2013 31\/05\/2024<br \/>Num\u0103rul proiectului: 2021-1-FR01-KA220-SCH-000029741<\/p>\n<p>[\/et_pb_text][\/et_pb_column][\/et_pb_row][\/et_pb_section]<\/p>\n","protected":false},"excerpt":{"rendered":"<p>Despre Poiect Temele pentru acas\u0103 reprezint\u0103 o piatr\u0103 de temelie a diferitelor sisteme \u0219colare din Europa.De\u0219i efectele sale pozitive sunt deseori eviden\u021biate, sunt semnalate \u0219i poten\u021bialele minusuri, atr\u0103g\u00e2ndu-se aten\u021bia asupra &#8220;oboselii fizice \u0219i emo\u021bionale care alimenteaz\u0103 atitudini negative fa\u021b\u0103 de \u00eenv\u0103\u021bare \u0219i limiteaz\u0103 timpul liber&#8221;. &nbsp; Av\u00e2nd \u00een vedere acest lucru, proiectul EduGraal \u00ee\u0219i propune [&hellip;]<\/p>\n","protected":false},"author":1,"featured_media":0,"parent":0,"menu_order":0,"comment_status":"closed","ping_status":"closed","template":"","meta":{"_acf_changed":false,"_et_pb_use_builder":"on","_et_pb_old_content":"","_et_gb_content_width":"","footnotes":""},"acf":[],"_links":{"self":[{"href":"https:\/\/edugraal.eu\/ro\/wp-json\/wp\/v2\/pages\/562"}],"collection":[{"href":"https:\/\/edugraal.eu\/ro\/wp-json\/wp\/v2\/pages"}],"about":[{"href":"https:\/\/edugraal.eu\/ro\/wp-json\/wp\/v2\/types\/page"}],"author":[{"embeddable":true,"href":"https:\/\/edugraal.eu\/ro\/wp-json\/wp\/v2\/users\/1"}],"replies":[{"embeddable":true,"href":"https:\/\/edugraal.eu\/ro\/wp-json\/wp\/v2\/comments?post=562"}],"version-history":[{"count":21,"href":"https:\/\/edugraal.eu\/ro\/wp-json\/wp\/v2\/pages\/562\/revisions"}],"predecessor-version":[{"id":11987,"href":"https:\/\/edugraal.eu\/ro\/wp-json\/wp\/v2\/pages\/562\/revisions\/11987"}],"wp:attachment":[{"href":"https:\/\/edugraal.eu\/ro\/wp-json\/wp\/v2\/media?parent=562"}],"curies":[{"name":"wp","href":"https:\/\/api.w.org\/{rel}","templated":true}]}}