{"id":853,"date":"2022-12-20T11:47:24","date_gmt":"2022-12-20T09:47:24","guid":{"rendered":"https:\/\/edugraal.eu\/parteneri\/"},"modified":"2023-03-30T18:08:41","modified_gmt":"2023-03-30T16:08:41","slug":"parteneri","status":"publish","type":"page","link":"https:\/\/edugraal.eu\/ro\/parteneri\/","title":{"rendered":"Parteneri"},"content":{"rendered":"<p>[et_pb_section fb_built=&#8221;1&#8243; _builder_version=&#8221;4.19.4&#8243; _module_preset=&#8221;default&#8221; background_image=&#8221;https:\/\/edugraal.eu\/wp-content\/uploads\/2023\/03\/headerBG.png&#8221; background_position=&#8221;bottom_center&#8221; background_vertical_offset=&#8221;0%&#8221; height=&#8221;150px&#8221; custom_padding=&#8221;0px||0px||false|false&#8221; locked=&#8221;off&#8221; global_colors_info=&#8221;{}&#8221;][\/et_pb_section][et_pb_section fb_built=&#8221;1&#8243; _builder_version=&#8221;4.19.4&#8243; _module_preset=&#8221;default&#8221; custom_padding=&#8221;10px||10px||false|false&#8221; locked=&#8221;off&#8221; global_colors_info=&#8221;{}&#8221;][et_pb_row _builder_version=&#8221;4.19.4&#8243; _module_preset=&#8221;default&#8221; global_colors_info=&#8221;{}&#8221;][et_pb_column type=&#8221;4_4&#8243; _builder_version=&#8221;4.19.4&#8243; _module_preset=&#8221;default&#8221; global_colors_info=&#8221;{}&#8221;][et_pb_text _builder_version=&#8221;4.19.4&#8243; _module_preset=&#8221;20cc6843-f2a2-4bb1-884f-c0ad8ab929d9&#8243; header_text_align=&#8221;center&#8221; max_width=&#8221;800px&#8221; module_alignment=&#8221;center&#8221; global_colors_info=&#8221;{}&#8221;]<\/p>\n<h1 style=\"text-align: center;\"><span>Parteneri<\/span><\/h1>\n<p>[\/et_pb_text][\/et_pb_column][\/et_pb_row][et_pb_row column_structure=&#8221;1_3,1_3,1_3&#8243; _builder_version=&#8221;4.19.4&#8243; _module_preset=&#8221;default&#8221; global_colors_info=&#8221;{}&#8221;][et_pb_column type=&#8221;1_3&#8243; _builder_version=&#8221;4.19.4&#8243; _module_preset=&#8221;default&#8221; global_colors_info=&#8221;{}&#8221;][et_pb_blurb title=&#8221;Les Apprimeurs&#8221; url_new_window=&#8221;on&#8221; image=&#8221;https:\/\/edugraal.eu\/wp-content\/uploads\/2023\/02\/Logo_Apprimeurs_bleu.png&#8221; _builder_version=&#8221;4.19.4&#8243; _module_preset=&#8221;1d025102-1481-45ff-b094-1f7f0318df63&#8243; link_option_url_new_window=&#8221;on&#8221; global_colors_info=&#8221;{}&#8221;]<\/p>\n<p style=\"text-align: center;\"><strong>Rom\u00e2na<\/strong><\/p>\n<p>Les Apprimeurs este o companie francez\u0103 specializat\u0103 \u00een crearea de solu\u021bii digitale personalizate pentru sectoarele educa\u021biei, culturii \u0219i form\u0103rii profesionale. Lucr\u0103m pentru a promova competen\u021bele de baz\u0103 \u0219i transversale \u0219i accesul la cunoa\u0219tere pentru to\u021bi, prin intermediul cursurilor, atelierelor, c\u0103r\u021bilor electronice interactive \u0219i dezvolt\u0103rii de platforme.<\/p>\n<p>[\/et_pb_blurb][et_pb_button button_url=&#8221;https:\/\/lesapprimeurs.com\/&#8221; url_new_window=&#8221;on&#8221; button_text=&#8221;WEBSITE&#8221; _builder_version=&#8221;4.19.4&#8243; _module_preset=&#8221;723d8466-f149-4185-a947-b6f6f6f5a7ea&#8221; hover_enabled=&#8221;0&#8243; global_colors_info=&#8221;{}&#8221; sticky_enabled=&#8221;0&#8243;][\/et_pb_button][\/et_pb_column][et_pb_column type=&#8221;1_3&#8243; _builder_version=&#8221;4.19.4&#8243; _module_preset=&#8221;default&#8221; global_colors_info=&#8221;{}&#8221;][et_pb_blurb title=&#8221;Logopsycom&#8221; url_new_window=&#8221;on&#8221; image=&#8221;https:\/\/edugraal.eu\/wp-content\/uploads\/2023\/03\/logopsycom.png&#8221; alt=&#8221;Logopsycom&#8221; _builder_version=&#8221;4.19.4&#8243; _module_preset=&#8221;1d025102-1481-45ff-b094-1f7f0318df63&#8243; link_option_url_new_window=&#8221;on&#8221; global_colors_info=&#8221;{}&#8221;]<\/p>\n<p style=\"text-align: center;\"><strong>Belgia<\/strong><\/p>\n<p>Logospycom este un centru de inova\u021bie \u00een educa\u021bie care creeaz\u0103 \u0219i folose\u0219te metode sau instrumente alternative (digitale sau nu) pentru a \u00eenso\u021bi \u0219coli, centre de formare profesional\u0103, organiza\u021bii educa\u021bionale, tineri \u0219i p\u0103rin\u021bi.<br \/>Ini\u021bial, a fost creat\u0103 ca o companie de \u00eengrijire specializat\u0103 \u00een tulbur\u0103rile de \u00eenv\u0103\u021bare \u00een r\u00e2ndul tinerilor, cum ar fi &#8220;Dys&#8221;(Dyspraxia, Disphasia, Dislexia, etc.), numite \u0219i Tulbur\u0103ri Specifice de \u00cenv\u0103\u021bare (SLD). Prin urmare, lucr\u0103m \u00eentotdeauna la accesibilitatea con\u021binutului \u0219i laincluziune.<br \/>\u00cen prezent, gestion\u0103m sau lucr\u0103m la peste 30 de proiecte Erasmus+KA2 pe diferite teme: incluziune \u0219i implicare, con\u0219tientizarea dizabilit\u0103\u021bilor \u0219i a tulbur\u0103rilor de \u00eenv\u0103\u021bare, chatbots, abur etc.<\/p>\n<p>[\/et_pb_blurb][et_pb_button button_url=&#8221;https:\/\/logopsycom.com\/&#8221; url_new_window=&#8221;on&#8221; button_text=&#8221;WEBSITE&#8221; _builder_version=&#8221;4.19.4&#8243; _module_preset=&#8221;723d8466-f149-4185-a947-b6f6f6f5a7ea&#8221; hover_enabled=&#8221;0&#8243; global_colors_info=&#8221;{}&#8221; sticky_enabled=&#8221;0&#8243;][\/et_pb_button][\/et_pb_column][et_pb_column type=&#8221;1_3&#8243; _builder_version=&#8221;4.19.4&#8243; _module_preset=&#8221;default&#8221; global_colors_info=&#8221;{}&#8221;][et_pb_blurb title=&#8221;Colegiul National \u00abK\u00f6lcsey Ferenc\u00bb&#8221; url_new_window=&#8221;on&#8221; image=&#8221;https:\/\/edugraal.eu\/wp-content\/uploads\/2023\/02\/logo_kolcsey.png&#8221; _builder_version=&#8221;4.19.4&#8243; _module_preset=&#8221;1d025102-1481-45ff-b094-1f7f0318df63&#8243; link_option_url_new_window=&#8221;on&#8221; global_colors_info=&#8221;{}&#8221;]<\/p>\n<p style=\"text-align: center;\"><strong>Rom\u00e2nia<\/strong><\/p>\n<p>Colegiul Na\u021bional &#8220;K\u00f6lcsey Ferenc&#8221; Satu Mare din Rom\u00e2nia este o \u0219coal\u0103 pentru minoritatea maghiar\u0103, oferindu-le \u0219ansa de a fi educa\u021bi \u00een limba lor matern\u0103 \u0219i \u00een spiritul culturii maghiare, dar pun\u00e2nd accentul \u0219i pe cultura rom\u00e2n\u0103 din jur.<br \/>Educ\u0103m elevi cu v\u00e2rste cuprinse \u00eentre 3 \u0219i 19 ani, de la gr\u0103dini\u021b\u0103 p\u00e2n\u0103 la studii de nivel \u00eenalt.<br \/>Ne m\u00e2ndrim cu faptul c\u0103 suntem o \u0219coal\u0103 de succes \u0219i inovatoare din regiune, care combin\u0103 tradi\u021bionalul cu modernul, concentr\u00e2ndu-se pe curriculum, dar fiind \u00een acela\u0219i timp deschis\u0103, oferind o educa\u021bie din care rezult\u0103 elevi preg\u0103ti\u021bi s\u0103 fac\u0103 fa\u021b\u0103 provoc\u0103rilor. Ne preg\u0103tim elevii pentru examenul de absolvire a \u0219colii \u0219i pentru \u00eenv\u0103\u021barea pe tot parcursul vie\u021bii.<br \/>Profilul liceului nostru se remarc\u0103 prin predarea matematicii, informaticii, biologiei, limbilor str\u0103ine (englez\u0103, german\u0103 \u0219i francez\u0103) \u0219i \u0219tiin\u021belor sociale<\/p>\n<p>[\/et_pb_blurb][et_pb_button button_url=&#8221;http:\/\/www.kolcsey.ro\/&#8221; url_new_window=&#8221;on&#8221; button_text=&#8221;WEBSITE&#8221; _builder_version=&#8221;4.19.4&#8243; _module_preset=&#8221;723d8466-f149-4185-a947-b6f6f6f5a7ea&#8221; hover_enabled=&#8221;0&#8243; global_colors_info=&#8221;{}&#8221; sticky_enabled=&#8221;0&#8243;][\/et_pb_button][\/et_pb_column][\/et_pb_row][et_pb_row column_structure=&#8221;1_3,1_3,1_3&#8243; _builder_version=&#8221;4.19.4&#8243; _module_preset=&#8221;default&#8221; global_colors_info=&#8221;{}&#8221;][et_pb_column type=&#8221;1_3&#8243; _builder_version=&#8221;4.19.4&#8243; _module_preset=&#8221;default&#8221; global_colors_info=&#8221;{}&#8221;][et_pb_blurb title=&#8221;3rd Gymnasium of Larissa&#8221; url_new_window=&#8221;on&#8221; image=&#8221;https:\/\/edugraal.eu\/wp-content\/uploads\/2023\/02\/logo-3rd-Gynnasium.png&#8221; _builder_version=&#8221;4.19.4&#8243; _module_preset=&#8221;1d025102-1481-45ff-b094-1f7f0318df63&#8243; link_option_url_new_window=&#8221;on&#8221; global_colors_info=&#8221;{}&#8221;]<\/p>\n<p style=\"text-align: center;\"><strong>Grecia<\/strong><\/p>\n<p>Gimnaziul nr. 3 din Larissa este o \u0219coal\u0103 secundar\u0103 cu 350 de elevi cu v\u00e2rste cuprinse \u00eentre 12 \u0219i 15 ani \u0219i 35 de profesori. \u0218coala gimnazial\u0103 este obligatorie, iar elevilor li se predau Matematic\u0103, \u0218tiin\u021be, Chimie, Biologie, Literatur\u0103 \u0219i Limba greac\u0103 veche \u0219i modern\u0103, Istorie, Geografie, Cet\u0103\u021benie, Tehnologie alimentar\u0103, Art\u0103, Muzic\u0103, Educa\u021bie fizic\u0103, Educa\u021bie TIC, Englez\u0103, Francez\u0103 \u0219i German\u0103. Copiii din tab\u0103ra de refugia\u021bi din apropiere frecventeaz\u0103 cursurile de matematic\u0103, limba greac\u0103 \u0219i limba englez\u0103 la orele de sear\u0103.<br \/>Elevii \u00eenva\u021b\u0103 dou\u0103 limbi str\u0103ine, iar unii dintre ei sus\u021bin examene pentru dob\u00e2ndirea nivelului A2 la limba francez\u0103. De asemenea, ace\u0219tia dob\u00e2ndesc competen\u021be de baz\u0103 \u00een domeniul informaticii. \u00cen plus, la nivel local, regional \u0219i european se deruleaz\u0103 programe culturale, de mediu, de educa\u021bie pentru s\u0103n\u0103tate \u0219i programe Erasmus+. \u00cen plus, pe tot parcursul anului sunt organizate proiecte, prelegeri \u0219i ateliere de lucru pe diferite teme de c\u0103tre profesori \u0219i exper\u021bi ai organiza\u021biilor cu care \u0219coala noastr\u0103 colaboreaz\u0103.<\/p>\n<p>[\/et_pb_blurb][et_pb_button button_url=&#8221;https:\/\/3gymlar.com\/&#8221; url_new_window=&#8221;on&#8221; button_text=&#8221;WEBSITE&#8221; _builder_version=&#8221;4.19.4&#8243; _module_preset=&#8221;723d8466-f149-4185-a947-b6f6f6f5a7ea&#8221; hover_enabled=&#8221;0&#8243; global_colors_info=&#8221;{}&#8221; sticky_enabled=&#8221;0&#8243;][\/et_pb_button][\/et_pb_column][et_pb_column type=&#8221;1_3&#8243; _builder_version=&#8221;4.19.4&#8243; _module_preset=&#8221;default&#8221; global_colors_info=&#8221;{}&#8221;][et_pb_blurb title=&#8221;Work in progress&#8221; url_new_window=&#8221;on&#8221; image=&#8221;https:\/\/edugraal.eu\/wp-content\/uploads\/2023\/02\/MISTERY-TOUR_LOGO.jpg&#8221; _builder_version=&#8221;4.19.4&#8243; _module_preset=&#8221;1d025102-1481-45ff-b094-1f7f0318df63&#8243; link_option_url_new_window=&#8221;on&#8221; global_colors_info=&#8221;{}&#8221;]<\/p>\n<p style=\"text-align: center;\"><strong>Italia<\/strong><\/p>\n<p>Work in Progress se ocup\u0103 de planificarea experien\u021belor \u0219i de promovarea teritoriului. Misiunea sa este de a proiecta \u0219i de a crea experien\u021be culturale interactive care s\u0103 propun\u0103 un nou mod de a valorifica \u0219i de a se bucura de patrimoniul cultural, \u00een special \u00een DESTINA\u021aII TURISTICE MAI PU\u021aIN CUNOSCUTE.<br \/>\u00cen plus, proiecteaz\u0103 \u0219i implementeaz\u0103 FORMATURI care \u00eei fac pe oameni PROTAGONI\u0218TI ai EXPERIEN\u021aELOR captivante, interactive \u0219i imersive, folosind gamificarea pentru a promova TERITORIUL.<\/p>\n<p>[\/et_pb_blurb][et_pb_button button_url=&#8221;https:\/\/www.misterytour.it\/en\/&#8221; url_new_window=&#8221;on&#8221; button_text=&#8221;WEBSITE&#8221; _builder_version=&#8221;4.19.4&#8243; _module_preset=&#8221;723d8466-f149-4185-a947-b6f6f6f5a7ea&#8221; hover_enabled=&#8221;0&#8243; global_colors_info=&#8221;{}&#8221; sticky_enabled=&#8221;0&#8243;][\/et_pb_button][\/et_pb_column][et_pb_column type=&#8221;1_3&#8243; _builder_version=&#8221;4.19.4&#8243; _module_preset=&#8221;default&#8221; global_colors_info=&#8221;{}&#8221;][et_pb_blurb title=&#8221;Colegio S\u00e9neca SCA&#8221; url_new_window=&#8221;on&#8221; image=&#8221;https:\/\/edugraal.eu\/wp-content\/uploads\/2023\/02\/Colegio-Seneca.png&#8221; _builder_version=&#8221;4.19.4&#8243; _module_preset=&#8221;1d025102-1481-45ff-b094-1f7f0318df63&#8243; link_option_url_new_window=&#8221;on&#8221; global_colors_info=&#8221;{}&#8221;]<\/p>\n<p style=\"text-align: center;\"><strong>Spania<\/strong><\/p>\n<p>Elevii no\u0219tri \u00eencep la \u0218coala Seneca la v\u00e2rsta de 3 ani, \u00een etapa pre\u0219colar\u0103, \u0219i termin\u0103 \u00eenv\u0103\u021b\u0103m\u00e2ntul obligatoriu la v\u00e2rsta de 16 ani. Acest fapt, \u00eempreun\u0103 cu multitudinea de activit\u0103\u021bi \u0219i programe la care particip\u0103m, \u00eei face pe elevii no\u0219tri s\u0103 simt\u0103 c\u0103 \u0219coala este a lor. \u0219coala noastr\u0103 ofer\u0103 educa\u021bie bilingv\u0103 \u00een etapele de Infant, Primar\u0103 \u0219i Secundar\u0103.<br \/>\u0218coala noastr\u0103 face parte din Re\u021beaua Andaluz\u0103 de Eco-\u0218coli \u0219i am fost recompensa\u021bi de dou\u0103 ori cu premiul GREEN FLAG, un program interna\u021bional. Sportul este un element cheie \u00een \u0219coala noastr\u0103 \u0219i avem un club sportiv, DECORS\u00c9NECA, cu un program extins de activit\u0103\u021bi extracurriculare. Consider\u0103m de o importan\u021b\u0103 vital\u0103 necesitatea de a lucra \u00een cooperare, de a stabili contacte \u00eentre diferitele etape educa\u021bionale \u0219i de a continua s\u0103 inov\u0103m \u00een activitatea noastr\u0103 didactic\u0103 prin utilizarea diferitelor resurse.<\/p>\n<p>[\/et_pb_blurb][et_pb_button button_url=&#8221;https:\/\/colegioseneca.es\/&#8221; url_new_window=&#8221;on&#8221; button_text=&#8221;WEBSITE&#8221; _builder_version=&#8221;4.19.4&#8243; _module_preset=&#8221;723d8466-f149-4185-a947-b6f6f6f5a7ea&#8221; hover_enabled=&#8221;0&#8243; global_colors_info=&#8221;{}&#8221; sticky_enabled=&#8221;0&#8243;][\/et_pb_button][\/et_pb_column][\/et_pb_row][\/et_pb_section]<\/p>\n","protected":false},"excerpt":{"rendered":"<p>ParteneriRom\u00e2na Les Apprimeurs este o companie francez\u0103 specializat\u0103 \u00een crearea de solu\u021bii digitale personalizate pentru sectoarele educa\u021biei, culturii \u0219i form\u0103rii profesionale. Lucr\u0103m pentru a promova competen\u021bele de baz\u0103 \u0219i transversale \u0219i accesul la cunoa\u0219tere pentru to\u021bi, prin intermediul cursurilor, atelierelor, c\u0103r\u021bilor electronice interactive \u0219i dezvolt\u0103rii de platforme.Belgia Logospycom este un centru de inova\u021bie \u00een educa\u021bie [&hellip;]<\/p>\n","protected":false},"author":1,"featured_media":0,"parent":0,"menu_order":0,"comment_status":"closed","ping_status":"closed","template":"","meta":{"_acf_changed":false,"_et_pb_use_builder":"on","_et_pb_old_content":"","_et_gb_content_width":"","footnotes":""},"acf":[],"_links":{"self":[{"href":"https:\/\/edugraal.eu\/ro\/wp-json\/wp\/v2\/pages\/853"}],"collection":[{"href":"https:\/\/edugraal.eu\/ro\/wp-json\/wp\/v2\/pages"}],"about":[{"href":"https:\/\/edugraal.eu\/ro\/wp-json\/wp\/v2\/types\/page"}],"author":[{"embeddable":true,"href":"https:\/\/edugraal.eu\/ro\/wp-json\/wp\/v2\/users\/1"}],"replies":[{"embeddable":true,"href":"https:\/\/edugraal.eu\/ro\/wp-json\/wp\/v2\/comments?post=853"}],"version-history":[{"count":4,"href":"https:\/\/edugraal.eu\/ro\/wp-json\/wp\/v2\/pages\/853\/revisions"}],"predecessor-version":[{"id":879,"href":"https:\/\/edugraal.eu\/ro\/wp-json\/wp\/v2\/pages\/853\/revisions\/879"}],"wp:attachment":[{"href":"https:\/\/edugraal.eu\/ro\/wp-json\/wp\/v2\/media?parent=853"}],"curies":[{"name":"wp","href":"https:\/\/api.w.org\/{rel}","templated":true}]}}